{"id":9,"date":"2009-08-05T16:06:45","date_gmt":"2009-08-05T16:06:45","guid":{"rendered":"http:\/\/montehorizonte.com\/PT\/?page_id=9"},"modified":"2024-08-20T12:19:31","modified_gmt":"2024-08-20T11:19:31","slug":"casas-de-campo","status":"publish","type":"page","link":"https:\/\/montehorizonte.com\/PT\/casas-de-campo\/","title":{"rendered":"Casas de Campo"},"content":{"rendered":"<p><span style=\"font-family: verdana,geneva,sans-serif;\"><strong>Informa\u00e7\u00f5es Alojamento:<\/strong><\/span><\/p>\n<p>As Casas Borboleta e P\u00e1ssaro s\u00e3o geminadas.<\/p>\n<p><span style=\"font-family: verdana,geneva,sans-serif;\">As outras casas s\u00e3o isoladas e est\u00e3o a pelo menos 40 metros de cada uma e os seus terra\u00e7os est\u00e3o colocados de modo a preservar a sua privacidade.<\/span><\/p>\n<p>Clique na foto da casa para mais informa\u00e7\u00f5es:<\/p>\n<table>\n<tbody>\n<tr>\n<td><a href=\"https:\/\/montehorizonte.com\/PT\/casa-camelia\/\" target=\"_blank\" rel=\"noopener noreferrer\"><img loading=\"lazy\" decoding=\"async\" class=\"aligncenter wp-image-3691\" src=\"https:\/\/montehorizonte.com\/PT\/wp-content\/uploads\/Casa-Camelia-200x150.jpg\" alt=\"F\u00e9rias em Monte Horizonte em Portugal Casa Cam\u00e9lia\" width=\"200\" height=\"113\" srcset=\"https:\/\/montehorizonte.com\/PT\/wp-content\/uploads\/Casa-Camelia-285x160.jpg 285w, https:\/\/montehorizonte.com\/PT\/wp-content\/uploads\/Casa-Camelia-1024x576.jpg 1024w, https:\/\/montehorizonte.com\/PT\/wp-content\/uploads\/Casa-Camelia-620x349.jpg 620w, https:\/\/montehorizonte.com\/PT\/wp-content\/uploads\/Casa-Camelia-400x225.jpg 400w\" sizes=\"auto, (max-width: 200px) 100vw, 200px\" \/><\/a><strong><br \/>\nCasa Cam\u00e9lia Isolada<br \/>\n<\/strong>T1 m\u00e1ximo 2 pessoas.<\/td>\n<td><a href=\"https:\/\/montehorizonte.com\/PT\/casa-oliveira\/\" target=\"_blank\" rel=\"noopener noreferrer\"><img loading=\"lazy\" decoding=\"async\" class=\"aligncenter wp-image-3647\" src=\"https:\/\/montehorizonte.com\/PT\/wp-content\/uploads\/Casa-Oliveira-1-200x150.jpg\" alt=\"F\u00e9rias em Monte Horizonte em Portugal\" width=\"200\" height=\"113\" srcset=\"https:\/\/montehorizonte.com\/PT\/wp-content\/uploads\/Casa-Oliveira-1-285x160.jpg 285w, https:\/\/montehorizonte.com\/PT\/wp-content\/uploads\/Casa-Oliveira-1-1024x576.jpg 1024w, https:\/\/montehorizonte.com\/PT\/wp-content\/uploads\/Casa-Oliveira-1-620x349.jpg 620w, https:\/\/montehorizonte.com\/PT\/wp-content\/uploads\/Casa-Oliveira-1-400x225.jpg 400w\" sizes=\"auto, (max-width: 200px) 100vw, 200px\" \/><\/a><strong><br \/>\nCasa Oliveira Isolada<br \/>\n<\/strong>T1 m\u00e1ximo 2 pessoas.<\/td>\n<td><a href=\"https:\/\/montehorizonte.com\/PT\/casa-mimosa\/\" target=\"_blank\" rel=\"noopener noreferrer\"><img loading=\"lazy\" decoding=\"async\" class=\"aligncenter wp-image-2937\" src=\"https:\/\/montehorizonte.com\/PT\/wp-content\/uploads\/Casa-Mimosa-3-200x150.jpg\" alt=\"F\u00e9rias em Monte Horizonte em Portugal Casa Mimosa\" width=\"200\" height=\"113\" srcset=\"https:\/\/montehorizonte.com\/PT\/wp-content\/uploads\/Casa-Mimosa-3-600x338.jpg 600w, https:\/\/montehorizonte.com\/PT\/wp-content\/uploads\/Casa-Mimosa-3-768x432.jpg 768w, https:\/\/montehorizonte.com\/PT\/wp-content\/uploads\/Casa-Mimosa-3.jpg 1024w\" sizes=\"auto, (max-width: 200px) 100vw, 200px\" \/><\/a><br \/>\n<strong>Casa Mimosa Isolada<br \/>\n<\/strong>T1 m\u00e1ximo 2 pessoas.<\/td>\n<td><a href=\"https:\/\/montehorizonte.com\/PT\/casa-borboleta\/\" target=\"_blank\" rel=\"noopener\"><img loading=\"lazy\" decoding=\"async\" class=\"wp-image-2992 aligncenter\" src=\"https:\/\/montehorizonte.com\/PT\/wp-content\/uploads\/Casa-Borboleta-1-1.jpg\" alt=\"F\u00e9rias em Monte Horizonte em Portugal\" width=\"200\" height=\"113\" srcset=\"https:\/\/montehorizonte.com\/PT\/wp-content\/uploads\/Casa-Borboleta-1-1.jpg 1024w, https:\/\/montehorizonte.com\/PT\/wp-content\/uploads\/Casa-Borboleta-1-1-600x338.jpg 600w, https:\/\/montehorizonte.com\/PT\/wp-content\/uploads\/Casa-Borboleta-1-1-768x432.jpg 768w, https:\/\/montehorizonte.com\/PT\/wp-content\/uploads\/Casa-Borboleta-1-1-800x450.jpg 800w, https:\/\/montehorizonte.com\/PT\/wp-content\/uploads\/Casa-Borboleta-1-1-285x160.jpg 285w\" sizes=\"auto, (max-width: 200px) 100vw, 200px\" \/><\/a><br \/>\n<strong>Casa Borboleta Geminada<br \/>\n<\/strong>T2 m\u00e1ximo 5 pessoas.<\/td>\n<td><a href=\"https:\/\/montehorizonte.com\/PT\/casa-passaro\/\" target=\"_blank\" rel=\"noopener\"><img loading=\"lazy\" decoding=\"async\" class=\"aligncenter wp-image-1781\" src=\"https:\/\/montehorizonte.com\/PT\/wp-content\/uploads\/Casa-Passaro-3.jpg\" alt=\"F\u00e9rias em Monte Horizonte em Portugal\" width=\"200\" height=\"113\" srcset=\"https:\/\/montehorizonte.com\/PT\/wp-content\/uploads\/Casa-Passaro-3.jpg 1024w, https:\/\/montehorizonte.com\/PT\/wp-content\/uploads\/Casa-Passaro-3-600x338.jpg 600w, https:\/\/montehorizonte.com\/PT\/wp-content\/uploads\/Casa-Passaro-3-768x432.jpg 768w, https:\/\/montehorizonte.com\/PT\/wp-content\/uploads\/Casa-Passaro-3-800x450.jpg 800w, https:\/\/montehorizonte.com\/PT\/wp-content\/uploads\/Casa-Passaro-3-285x160.jpg 285w\" sizes=\"auto, (max-width: 200px) 100vw, 200px\" \/><\/a><br \/>\n<strong>Casa P\u00e1ssaro Geminada<br \/>\n<\/strong>T2 m\u00e1ximo 5 pessoas.<\/td>\n<td><a href=\"https:\/\/montehorizonte.com\/PT\/casa-sobreiro\/\" target=\"_blank\" rel=\"noopener\"><img loading=\"lazy\" decoding=\"async\" class=\"size-thumbnail wp-image-3681 aligncenter\" src=\"https:\/\/montehorizonte.com\/PT\/wp-content\/uploads\/Casa-Sobreiro-Terrace-1-1-768x432.jpg\" alt=\"F\u00e9rias em Monte Horizonte em Portugal\" width=\"200\" height=\"150\" \/><\/a><strong><br \/>\nCasa Sobreiro Isolada<br \/>\n<\/strong>T2 m\u00e1ximo 5 pessoas.<\/td>\n<\/tr>\n<\/tbody>\n<\/table>\n<table>\n<tbody>\n<tr>\n<td>Sua reserva inclui:<br \/>\n\u2022 Roupa de cama limpa uma vez por semana;<br \/>\n\u2022 Toalhas e panos de cozinha limpos duas vezes por semana;<br \/>\n\u2022 Toalhas de praia e piscina (1,4 x 1,9 metros);<br \/>\n\u2022 Caf\u00e9 e ch\u00e1 ilimitados;<br \/>\n\u2022 Papel higi\u00e9nico;<br \/>\n\u2022 Sab\u00e3o e shampoo;<br \/>\n\u2022 Azeite e vinagre;<br \/>\n\u2022 Sal e pimenta.<\/td>\n<\/tr>\n<\/tbody>\n<\/table>\n<p><iframe loading=\"lazy\" src=\"https:\/\/www.avaibook.com\/reservas\/listado.php?cod_propietario=76651&amp;unidades=1&amp;filter_zone=1&amp;filter_persons=1&amp;lang=pt&amp;referencia_propietario=Monte%20Horizonte%20PT\" width=\"100%\" height=\"1200\"><\/iframe><\/p>\n<figure id=\"attachment_3644\" aria-describedby=\"caption-attachment-3644\" style=\"width: 1074px\" class=\"wp-caption aligncenter\"><img loading=\"lazy\" decoding=\"async\" class=\"wp-image-3644 size-full\" src=\"https:\/\/montehorizonte.com\/PT\/wp-content\/uploads\/Overview-Monte-Horizonte-Clean-Safe.jpg\" alt=\"Planta Monte Horizonte Turismo Rural Alentejo Portugal\" width=\"1074\" height=\"576\" srcset=\"https:\/\/montehorizonte.com\/PT\/wp-content\/uploads\/Overview-Monte-Horizonte-Clean-Safe.jpg 1074w, https:\/\/montehorizonte.com\/PT\/wp-content\/uploads\/Overview-Monte-Horizonte-Clean-Safe-600x322.jpg 600w, https:\/\/montehorizonte.com\/PT\/wp-content\/uploads\/Overview-Monte-Horizonte-Clean-Safe-1024x549.jpg 1024w, https:\/\/montehorizonte.com\/PT\/wp-content\/uploads\/Overview-Monte-Horizonte-Clean-Safe-768x412.jpg 768w, https:\/\/montehorizonte.com\/PT\/wp-content\/uploads\/Overview-Monte-Horizonte-Clean-Safe-800x429.jpg 800w\" sizes=\"auto, (max-width: 1074px) 100vw, 1074px\" \/><figcaption id=\"caption-attachment-3644\" class=\"wp-caption-text\">Planta Monte Horizonte<\/figcaption><\/figure>\n","protected":false},"excerpt":{"rendered":"<p>Informa\u00e7\u00f5es Alojamento: As Casas Borboleta e P\u00e1ssaro s\u00e3o geminadas. As outras casas s\u00e3o isoladas e est\u00e3o a pelo menos 40 metros de cada uma e os seus terra\u00e7os est\u00e3o colocados de modo a preservar a sua privacidade. Clique na foto da casa para mais informa\u00e7\u00f5es: Casa Cam\u00e9lia Isolada T1 m\u00e1ximo 2 pessoas. Casa Oliveira Isolada&hellip;<\/p>\n","protected":false},"author":1,"featured_media":0,"parent":0,"menu_order":3,"comment_status":"closed","ping_status":"closed","template":"","meta":{"_monsterinsights_skip_tracking":false,"_monsterinsights_sitenote_active":false,"_monsterinsights_sitenote_note":"","_monsterinsights_sitenote_category":0,"footnotes":""},"class_list":["post-9","page","type-page","status-publish","hentry"],"aioseo_notices":[],"_links":{"self":[{"href":"https:\/\/montehorizonte.com\/PT\/wp-json\/wp\/v2\/pages\/9","targetHints":{"allow":["GET"]}}],"collection":[{"href":"https:\/\/montehorizonte.com\/PT\/wp-json\/wp\/v2\/pages"}],"about":[{"href":"https:\/\/montehorizonte.com\/PT\/wp-json\/wp\/v2\/types\/page"}],"author":[{"embeddable":true,"href":"https:\/\/montehorizonte.com\/PT\/wp-json\/wp\/v2\/users\/1"}],"replies":[{"embeddable":true,"href":"https:\/\/montehorizonte.com\/PT\/wp-json\/wp\/v2\/comments?post=9"}],"version-history":[{"count":47,"href":"https:\/\/montehorizonte.com\/PT\/wp-json\/wp\/v2\/pages\/9\/revisions"}],"predecessor-version":[{"id":4068,"href":"https:\/\/montehorizonte.com\/PT\/wp-json\/wp\/v2\/pages\/9\/revisions\/4068"}],"wp:attachment":[{"href":"https:\/\/montehorizonte.com\/PT\/wp-json\/wp\/v2\/media?parent=9"}],"curies":[{"name":"wp","href":"https:\/\/api.w.org\/{rel}","templated":true}]}}