{"id":59,"date":"2009-08-05T19:42:43","date_gmt":"2009-08-05T19:42:43","guid":{"rendered":"http:\/\/montehorizonte.com\/PT\/?page_id=59"},"modified":"2021-08-08T22:52:48","modified_gmt":"2021-08-08T21:52:48","slug":"restaurantes","status":"publish","type":"page","link":"https:\/\/montehorizonte.com\/PT\/restaurantes\/","title":{"rendered":"Restaurantes"},"content":{"rendered":"<p>&nbsp;<\/p>\n<p><span style=\"font-size: 12px;\"><span style=\"font-family: verdana,geneva,sans-serif;\">Restaurantes perto do Monte Horizonte onde se pode comer bem durante as suas f\u00e9rias. Localizado na regi\u00e3o do Alentejo, em Portugal, perto da praia.<\/span><\/span><\/p>\n<p><span style=\"font-size: 12px;\"><span style=\"font-family: verdana,geneva,sans-serif;\">Restaurantes nas redondezas:<\/span><\/span><\/p>\n<p>&nbsp;<\/p>\n<p><span style=\"font-size: 12px;\"><span style=\"font-family: verdana,geneva,sans-serif;\"><strong>Santiago do Cac\u00e9m<\/strong><\/span><\/span><\/p>\n<p><span style=\"font-size: 12px;\"><span style=\"font-family: verdana,geneva,sans-serif;\">Nome: Cervejaria &#8211; Restaurante Covas<br \/>\nMorada: Rua Cidade de Set\u00fabal, 6<br \/>\nC\u00f3digo Postal: 7540 &#8211; 150 Santiago do Cac\u00e9m<br \/>\nTel.: 269 822 675<br \/>\nDia de encerramento: Quarta-feira<\/span><\/span><\/p>\n<p><span style=\"font-size: 12px;\"><span style=\"font-family: verdana,geneva,sans-serif;\">Nome: Restaurante Cervejaria O Cantinho do Escova<br \/>\nMorada: Rua de Mo\u00e7ambique, 2<br \/>\nC\u00f3digo Postal: 7540 &#8211; 164 Santiago do Cac\u00e9m<br \/>\nTel.: 262 583 471<br \/>\nDia de encerramento: Domingo<\/span><\/span><\/p>\n<p><span style=\"font-size: 12px;\"><span style=\"font-family: verdana,geneva,sans-serif;\">Nome: Restaurante A Praceta<br \/>\nMorada: Praceta Zeca Afonso, 6 \/ 7<br \/>\nC\u00f3digo Postal: 7540 &#8211; 138 Santiago do Cac\u00e9m<br \/>\nTel.: 269823696<br \/>\nDia de encerramento: Domingo<\/span><\/span><\/p>\n<p><span style=\"font-size: 12px;\"><span style=\"font-family: verdana,geneva,sans-serif;\">Nome: Mercado \u00e0 Mesa<br \/>\nMorada: R. Mo\u00e7ambique 19, Santiago do Cac\u00e9m<br \/>\nTel.: 269 823 257<br \/>\nDia de encerramento: Segunda-feira<\/span><\/span><\/p>\n<p><span style=\"font-size: 12px;\"><span style=\"font-family: verdana,geneva,sans-serif;\">Nome: Restaurante Altinho do Lobo<br \/>\nMorada: Loteamento Municipal, lote 19 &#8211; Relvas Verdes<br \/>\nC\u00f3digo Postal: 7540 &#8211; 240 Santiago do Cac\u00e9m<br \/>\nTel.: 269827092<br \/>\nDia de encerramento: Segunda-feira<\/span><\/span><\/p>\n<p><span style=\"font-size: 12px;\"><span style=\"font-family: verdana,geneva,sans-serif;\">Nome: Restaurante Carapinha<br \/>\nMorada: Bairro da Carapinha<br \/>\nC\u00f3digo Postal: 7540-230 Santiago do Cac\u00e9m<br \/>\nTel.: 269 031 942<br \/>\nDia de encerramento: Domingo<\/span><\/span><\/p>\n<p><span style=\"font-size: 12px;\"><span style=\"font-family: verdana,geneva,sans-serif;\">Nome: Restaurante Martins<br \/>\nMorada: Rua de Lisboa, 17<br \/>\nC\u00f3digo Postal: 7540 &#8211; 163 Santiago do Cac\u00e9m<br \/>\nTel.: 269 822 677<br \/>\nDia de encerramento: Quinta-feira<\/span><\/span><\/p>\n<p><span style=\"font-size: 12px;\"><span style=\"font-family: verdana,geneva,sans-serif;\">Nome: Restaurante Moinho da Courela<br \/>\nMorada: Lote 37 &#8211; Relvas Verdes<br \/>\nC\u00f3digo Postal: 7540 &#8211; 240 Santiago do Cac\u00e9m<br \/>\nTel.: 269 827 324<br \/>\nDia de encerramento: Domingo<\/span><\/span><\/p>\n<p><span style=\"font-size: 12px;\"><span style=\"font-family: verdana,geneva,sans-serif;\">Nome: Restaurante O Arco<br \/>\nMorada: Posto da AGIP &#8211; Fidalgo<br \/>\nC\u00f3digo Postal: 7540 &#8211; 113 Santiago do Cac\u00e9m<br \/>\nTel.: 269 826 781<br \/>\nDia de encerramento: S\u00e1bado \u00e0 noite<\/span><\/span><\/p>\n<p><span style=\"font-size: 12px;\"><span style=\"font-family: verdana,geneva,sans-serif;\">Nome: Restaurante O Grelhador<br \/>\nMorada: Rua Camilo Castelo Branco, 22 \/ 24 \/ 26<br \/>\nC\u00f3digo Postal: 7540 &#8211; 148 Santiago do Cac\u00e9m<br \/>\nTel.: 269 823 513<br \/>\nDia de encerramento: Domingo \u00e0 noite e Segunda<\/span><\/span><\/p>\n<p><span style=\"font-size: 12px;\"><span style=\"font-family: verdana,geneva,sans-serif;\">Nome: Restaurante O Parque<br \/>\nMorada: Recinto da Feira &#8211; Entrada Norte<br \/>\nC\u00f3digo Postal: 7540 Santiago do Cac\u00e9m<br \/>\nTel.: 962 785 468<br \/>\nDia de encerramento: Domingo<\/span><\/span><\/p>\n<p><span style=\"font-size: 12px;\"><span style=\"font-family: verdana,geneva,sans-serif;\">Nome: Quinta da Cilha<br \/>\nMorada: <span class=\"LrzXr\">Rua Dr. Felix da Cruz<\/span><br \/>\nC\u00f3digo Postal: <span class=\"LrzXr\">7540-115 Santiago do Cac\u00e9m<\/span><br \/>\nTel.: 965 042 600<br \/>\nDia de encerramento:<\/span><\/span><\/p>\n<p><span style=\"font-size: 12px;\"><span style=\"font-family: verdana,geneva,sans-serif;\">Nome: Snack Bar Bojinho<br \/>\nMorada: Rua Calouste Gulbenkian 5<br \/>\nC\u00f3digo Postal: 7540 &#8211; 150 Santiago do Cac\u00e9m<br \/>\nTel.: 916 463 871<br \/>\nDia de encerramento: Quinta-feira<\/span><\/span><\/p>\n<p><span style=\"font-size: 12px;\"><span style=\"font-family: verdana,geneva,sans-serif;\">Nome: Snack Bar Chop Chop<br \/>\nMorada: Rua Combatentes da Grande Guerra, 2<br \/>\nC\u00f3digo Postal: 7540 &#8211; 177 Santiago do Cac\u00e9m<br \/>\nTel.: 269 822 124<br \/>\nDia de encerramento: Domingo<\/span><\/span><\/p>\n<p><span style=\"font-size: 12px;\"><span style=\"font-family: verdana,geneva,sans-serif;\">Nome: Flor Alentejana<br \/>\nMorada: Largo 5 de Outubro 2<br \/>\nC\u00f3digo Postal: 7540 &#8211; 127 Santiago do Cac\u00e9m<br \/>\nTel.: 269 823 368<br \/>\nDia de encerramento:<\/span><\/span><\/p>\n<p>&nbsp;<\/p>\n<p><span style=\"font-size: 12px;\"><span style=\"font-family: verdana,geneva,sans-serif;\"><strong>Vila Nova Santo Andr\u00e9<\/strong><\/span><\/span><\/p>\n<p><span style=\"font-size: 12px;\"><span style=\"font-family: verdana,geneva,sans-serif;\">Nome: Pizaria Vera It\u00e1lia, Lda<br \/>\nC\u00f3digo Postal: 7500 &#8211; 200 V. N. de Santo Andr\u00e9<br \/>\nTel.: 269 708 700<br \/>\nDia de encerramento: Domingo<\/span><\/span><\/p>\n<p><span style=\"font-size: 12px;\"><span style=\"font-family: verdana,geneva,sans-serif;\">Nome: Restaurante A Cascalheira<br \/>\nMorada: Cascalheira<br \/>\nC\u00f3digo Postal: 7500 &#8211; 015 V. N. de Santo Andr\u00e9<br \/>\nTel.: 269 470 037<br \/>\nDia de encerramento: Ter\u00e7a-feria \u00e0 noite e Quarta<\/span><\/span><\/p>\n<p><span style=\"font-size: 12px;\"><span style=\"font-family: verdana,geneva,sans-serif;\">Nome: Restaurante A Charrua<br \/>\nMorada: Estrada da Lagoa de Santo Andr\u00e9 &#8211; EM 544<br \/>\nC\u00f3digo Postal: 7500 Santo Andr\u00e9<\/span><\/span><span style=\"font-size: 12px;\"><span style=\"font-family: verdana,geneva,sans-serif;\"><br \/>\nTel.: 269 010 268<\/span><\/span><\/p>\n<p><span style=\"font-size: 12px;\"><span style=\"font-family: verdana,geneva,sans-serif;\">Dia de encerramento: Segunda-feira<\/span><\/span><\/p>\n<p>&nbsp;<\/p>\n<p><span style=\"font-size: 12px;\"><span style=\"font-family: verdana,geneva,sans-serif;\">Nome: Restaurante Faz-te Esperto<br \/>\nMorada: Largo da Igreja &#8211; Aldeia de Santo Andr\u00e9<br \/>\nC\u00f3digo Postal: 7500 &#8211; 011 V. N. de Santo Andr\u00e9<br \/>\nTel.: 269 752 888<br \/>\nDia de encerramento: S\u00e1bado<\/span><\/span><\/p>\n<p><span style=\"font-size: 12px;\"><span style=\"font-family: verdana,geneva,sans-serif;\">Nome: Restaurante Irm\u00e3os Salas<br \/>\nMorada: Bairro P\u00f4r do Sol, Bloco 10 C<br \/>\nC\u00f3digo Postal: 7500 &#8211; 190 V.N. de Santo Andr\u00e9<br \/>\nTel.: 269 744 055<br \/>\nDia de encerramento:<\/span><\/span><\/p>\n<p><span style=\"font-size: 12px;\"><span style=\"font-family: verdana,geneva,sans-serif;\">Nome: Zen Lounge Bar<br \/>\nMorada: Monte Velho de Cima<br \/>\nC\u00f3digo Postal: 7500 &#8211; 900 V.N. de Santo Andr\u00e9<br \/>\nTel.: 269 037 974<br \/>\nDia de encerramento: Segunda-feira<\/span><\/span><\/p>\n<p><span style=\"font-size: 12px;\"><span style=\"font-family: verdana,geneva,sans-serif;\">Nome: Restaurante Quinta do Giz<br \/>\nMorada: Giz &#8211; Aldeia de Santo Andr\u00e9<br \/>\nC\u00f3digo Postal: 7500 &#8211; 011 V.N. de Santo Andr\u00e9<br \/>\nTel.: 269 751 426<br \/>\nDia de encerramento: Domingo<\/span><\/span><\/p>\n<p><span style=\"font-size: 12px;\"><span style=\"font-family: verdana,geneva,sans-serif;\">Nome: Restaurante Rosmaninho da Atalaia<br \/>\nMorada: Bairro da Atalaia Norte<br \/>\nC\u00f3digo Postal: 7500 &#8211; 110 V.N. Santo Andr\u00e9<br \/>\nTel.: 964 109 325<br \/>\nDia de encerramento: <\/span><\/span><\/p>\n<p><span style=\"font-size: 12px;\"><span style=\"font-family: verdana,geneva,sans-serif;\">Nome: Steakhouse<br \/>\nMorada: Rua do talegre, bairro das torres bloco A3, loja 5<br \/>\nC\u00f3digo Postal: 7500-150<br \/>\nTel.: 934 766 676<br \/>\nDia de encerramento:<\/span><\/span><\/p>\n<p><span style=\"font-size: 12px;\"><span style=\"font-family: verdana,geneva,sans-serif;\">Nome: Sashimi<br \/>\nMorada: Praceta da Cotovia<br \/>\nC\u00f3digo Postal: 7500-170 Santiago do Cac\u00e9m<br \/>\nTel.: 269 030 674<br \/>\nDia de encerramento:<\/span><\/span><\/p>\n<p><span style=\"font-size: 12px;\"><span style=\"font-family: verdana,geneva,sans-serif;\"><br \/>\n<strong>Abela<\/strong><\/span><\/span><\/p>\n<p><span style=\"font-size: 12px;\"><span style=\"font-family: verdana,geneva,sans-serif;\">Nome: Caf\u00e9 Restaurante &#8220;Cantinho do Petisco&#8221;<br \/>\nMorada: Rua de Santiago, 10<br \/>\nC\u00f3digo Postal: 7540 &#8211; 011 Abela<br \/>\nTel.: 269 902 102<br \/>\nDia de encerramento:<\/span><\/span><\/p>\n<p><span style=\"font-size: 12px;\"><span style=\"font-family: verdana,geneva,sans-serif;\">Nome: Restaurante Passe &amp; Fique<br \/>\nMorada: Estrada Nacional 121 Cova do Gato<br \/>\nTel: 269 902 131<br \/>\nDia de encerramento: Segunda-feira<\/span><\/span><\/p>\n<p>&nbsp;<\/p>\n<p><span style=\"font-size: 12px;\"><span style=\"font-family: verdana,geneva,sans-serif;\"><strong>Deixa o Resto<\/strong><\/span><\/span><\/p>\n<p><span style=\"font-size: 12px;\"><span style=\"font-family: verdana,geneva,sans-serif;\">Nome: Tasquinha do Il\u00eddio<br \/>\nMorada: tasquinha das enguias estrada nacional 261 deixa o resto<br \/>\nTel.: 962 941 873<br \/>\nDia de encerramento:<\/span><\/span><\/p>\n<p><span style=\"font-size: 12px;\"><span style=\"font-family: verdana,geneva,sans-serif;\">Nome: Ti Lena Restaurante &amp; Casa do Gin<br \/>\nMorada: Deixa o Resto<br \/>\nC\u00f3digo Postal: 7500-018 Santiago do Cac\u00e9m<br \/>\nTel.: 269 746 158<br \/>\nDia de encerramento: Segunda-feira<\/span><\/span><\/p>\n<p>&nbsp;<\/p>\n<p><span style=\"font-size: 12px;\"><span style=\"font-family: verdana,geneva,sans-serif;\"><strong>Cercal do Alentejo<\/strong><\/span><\/span><\/p>\n<p><span style=\"font-size: 12px;\"><span style=\"font-family: verdana,geneva,sans-serif;\">Nome: Casa de Pasto Tia Odete<br \/>\nMorada: N120 99A<br \/>\nC\u00f3digo Postal: 7555-114<br \/>\nTel.: 269 904 160<br \/>\nDia de encerramento:<\/span><\/span><\/p>\n<p><span style=\"font-size: 12px;\"><span style=\"font-family: verdana,geneva,sans-serif;\">Nome: Pizzaria Patr\u00edcio<br \/>\nMorada: R. Te\u00f3filo Braga 85, 7555-114<br \/>\nC\u00f3digo Postal: 7555 &#8211; 139 Cercal do Alentejo<br \/>\nTel.: 269 949 464<br \/>\nDia de encerramento:<\/span><\/span><\/p>\n<p><span style=\"font-size: 12px;\"><span style=\"font-family: verdana,geneva,sans-serif;\">Nome: Restaurante Ponto Final<br \/>\nMorada: Largo dos Caeiros, 75<br \/>\nC\u00f3digo Postal: 7555 &#8211; 115 Cercal do Alentejo<br \/>\nTel.: 269 904 163<br \/>\nDia de encerramento:<\/span><\/span><\/p>\n<p>&nbsp;<\/p>\n<p><span style=\"font-size: 12px;\"><span style=\"font-family: verdana,geneva,sans-serif;\"><strong>Alvalade<\/strong><\/span><\/span><\/p>\n<p><span style=\"font-size: 12px;\"><span style=\"font-family: verdana,geneva,sans-serif;\">Nome: Churrasqueira da Mimosa<br \/>\nMorada: Estrada Nacional 262 n\u00ba28 mimosa<br \/>\nC\u00f3digo Postal: 7565 &#8211; 101 Alvalade<br \/>\nTel.: 269 595 206<br \/>\nDia de encerramento: Segunda<\/span><\/span><\/p>\n<p><span style=\"font-size: 12px;\"><span style=\"font-family: verdana,geneva,sans-serif;\">Nome: Restaurante S\u00e3o Sebasti\u00e3o da Mimosa<br \/>\nMorada: Estrada Nacional &#8211; Mimosa<br \/>\nC\u00f3digo Postal: 7565 &#8211; 101 Alvalade<br \/>\nTel.: 269 595 202<br \/>\nDia de encerramento:<\/span><\/span><\/p>\n<p><span style=\"font-size: 12px;\"><span style=\"font-family: verdana,geneva,sans-serif;\">Nome: Restaurante Cantinho da Mimosa<br \/>\nMorada: 32, N262, Alvalade<br \/>\nTel.: 927 147 988<br \/>\nDia de encerramento: S\u00e1bado<\/span><\/span><\/p>\n<p>&nbsp;<\/p>\n<p><span style=\"font-size: 12px;\"><span style=\"font-family: verdana,geneva,sans-serif;\"><strong>Lagoa de Santo Andr\u00e9<\/strong><\/span><\/span><\/p>\n<p><span style=\"font-size: 12px;\"><span style=\"font-family: verdana,geneva,sans-serif;\">Nome: Restaurante A Fragateira<br \/>\nMorada: Lagoa de Santo Andr\u00e9<br \/>\nC\u00f3digo Postal: 7500 \u2013 016 V. N. de Santo Andr\u00e9<br \/>\nTel.: 966 265 438<br \/>\nDia de encerramento:<\/span><\/span><\/p>\n<p><span style=\"font-size: 12px;\"><span style=\"font-family: verdana,geneva,sans-serif;\">Nome: Restaurante Chez Daniel<br \/>\nMorada: Lagoa de Santo Andr\u00e9<br \/>\nC\u00f3digo Postal: 7500 \u2013 016 V. N. de Santo Andr\u00e9<br \/>\nTel.: 269 749 779<br \/>\nDia de encerramento:<\/span><\/span><\/p>\n<p><span style=\"font-size: 12px;\"><span style=\"font-family: verdana,geneva,sans-serif;\">Nome: Restaurante do Parque de Campismo<br \/>\nMorada: Lagoa de Santo Andr\u00e9<br \/>\nC\u00f3digo Postal: 7500 \u2013 024 V. N. de Santo Andr\u00e9<br \/>\nTel.: 269 034 009<br \/>\nDia de encerramento:<\/span><\/span><\/p>\n<p><span style=\"font-size: 12px;\"><span style=\"font-family: verdana,geneva,sans-serif;\">Nome: Restaurante Copacabana<br \/>\nMorada: Lagoa de Santo Andr\u00e9<br \/>\nC\u00f3digo Postal: 7500 \u2013 016 V. N. de Santo Andr\u00e9<br \/>\nTel.: 269 749 481<br \/>\nDia de encerramento: <\/span><\/span><span style=\"font-size: 12px;\"><span style=\"font-family: verdana,geneva,sans-serif;\">\u00a0<\/span><\/span><\/p>\n<p><span style=\"font-size: 12px;\"><span style=\"font-family: verdana,geneva,sans-serif;\">Nome: Restaurante Martins<br \/>\nMorada: Lagoa de Santo Andr\u00e9<br \/>\nC\u00f3digo Postal: 7500 &#8211; 024 V. N. de Santo Andr\u00e9<br \/>\nTel.: 269 749 113<br \/>\nDia de encerramento: Segunda-feira<\/span><\/span><\/p>\n<p><span style=\"font-size: 12px;\"><span style=\"font-family: verdana,geneva,sans-serif;\">\u00a0<\/span><\/span><\/p>\n<p><span style=\"font-size: 12px;\"><span style=\"font-family: verdana,geneva,sans-serif;\">Nome: Restaurante 3 Duques<br \/>\nMorada: Lagoa de Santo Andr\u00e9<br \/>\nC\u00f3digo Postal: 7500 &#8211; 024 V. N. de Santo Andr\u00e9<br \/>\nTel.: 269 749 192<br \/>\nDia de encerramento: Quarta-feira<\/span><\/span><\/p>\n<p><span style=\"font-size: 12px;\"><span style=\"font-family: verdana,geneva,sans-serif;\">\u00a0<\/span><\/span><\/p>\n<p><span style=\"font-size: 12px;\"><span style=\"font-family: verdana,geneva,sans-serif;\"><strong>Santa Cruz<\/strong><\/span><\/span><\/p>\n<p><span style=\"font-size: 12px;\"><span style=\"font-family: verdana,geneva,sans-serif;\">Nome: Restaurante Monte da Vinha<br \/>\nMorada: Monte da Vinha &#8211; Ademas<br \/>\nC\u00f3digo Postal: 7540 &#8211; 051 Santa Cruz<br \/>\nTel.: 269 826 104<br \/>\nDia de encerramento: Ter\u00e7a-feira<\/span><\/span><\/p>\n<p><span style=\"font-size: 12px;\"><span style=\"font-family: verdana,geneva,sans-serif;\">\u00a0<\/span><\/span><\/p>\n<p><span style=\"font-size: 12px;\"><span style=\"font-family: verdana,geneva,sans-serif;\">Nome: Restaurante As Russas<br \/>\nMorada: Santa Cruz<br \/>\nC\u00f3digo Postal: 7540 &#8211; 051 Santa Cruz<br \/>\nTel.: 269 825 274<br \/>\nDia de encerramento: Segunda-feira<\/span><\/span><\/p>\n<p><span style=\"font-size: 12px;\"><span style=\"font-family: verdana,geneva,sans-serif;\">\u00a0<\/span><\/span><\/p>\n<p><span style=\"font-size: 12px;\"><span style=\"font-family: verdana,geneva,sans-serif;\">Nome: Tasca do Valentim<br \/>\nMorada: Ademas<br \/>\nC\u00f3digo Postal: 7540 &#8211; 051 Santa Cruz<br \/>\nTel.: 269 825 085<br \/>\nDia de encerramento: Quarta-feira<\/span><\/span><\/p>\n<p><span style=\"font-size: 12px;\"><span style=\"font-family: verdana,geneva,sans-serif;\">\u00a0<\/span><\/span><\/p>\n<p><span style=\"font-size: 12px;\"><span style=\"font-family: verdana,geneva,sans-serif;\"><strong>Ermidas Sado<\/strong><\/span><\/span><\/p>\n<p><span style=\"font-size: 12px;\"><span style=\"font-family: verdana,geneva,sans-serif;\">Nome: Restaurante A P\u00e9rola Ermidense<br \/>\nMorada: Av. Manuel Joaquim Pereira, 56 \/ 58<br \/>\nC\u00f3digo Postal: 7565 &#8211; 201 Ermidas Sado<br \/>\nTel.: 269 502 638<br \/>\nDia de encerramento: Domingo<\/span><\/span><\/p>\n<p><span style=\"font-size: 12px;\"><span style=\"font-family: verdana,geneva,sans-serif;\">\u00a0<\/span><\/span><\/p>\n<p><span style=\"font-size: 12px;\"><span style=\"font-family: verdana,geneva,sans-serif;\">Nome: Restaurante Vale da Eira<br \/>\nMorada: Vale da Eira \/ Estrada Nacional<br \/>\nC\u00f3digo Postal: 7565 &#8211; 257 Ermidas Sado<br \/>\nTel.: 269 594 190<br \/>\nDia de encerramento: Segunda-feira<\/span><\/span><\/p>\n<p><span style=\"font-size: 12px;\"><span style=\"font-family: verdana,geneva,sans-serif;\">\u00a0<\/span><\/span><\/p>\n<p><span style=\"font-size: 12px;\"><span style=\"font-family: verdana,geneva,sans-serif;\"><strong>S\u00e3o Francisco da Serra<\/strong><\/span><\/span><\/p>\n<p><span style=\"font-size: 12px;\"><span style=\"font-family: verdana,geneva,sans-serif;\">Nome: Restaurante \/ Caf\u00e9 A Estalagem<br \/>\nMorada: Rua da F\u00e1brica, 18 &#8211; Vendas do Ronc\u00e3o<br \/>\nC\u00f3digo Postal: 7540 &#8211; 068 S\u00e3o Francisco da Serra<br \/>\nTel.: 269 471 150<br \/>\nDia de encerramento:<\/span><\/span><\/p>\n<p><span style=\"font-size: 12px;\"><span style=\"font-family: verdana,geneva,sans-serif;\">\u00a0<\/span><\/span><\/p>\n<p><span style=\"font-size: 12px;\"><span style=\"font-family: verdana,geneva,sans-serif;\">Nome: Restaurante O Ref\u00fagio do Melro<br \/>\nMorada: Cruz de Jo\u00e3o Mendes<br \/>\nC\u00f3digo Postal: 7540 &#8211; 551 S\u00e3o Francisco da Serra<br \/>\nTel.: 269 471 131<br \/>\nDia de encerramento:<\/span><\/span><\/p>\n<p>&nbsp;<\/p>\n<p><span style=\"font-size: 12px;\"><span style=\"font-family: verdana,geneva,sans-serif;\">F\u00e9rias no Alentejo, Turismo em Espa\u00e7o Rural, Casas de Campo<\/span><\/span><\/p>\n","protected":false},"excerpt":{"rendered":"<p>&nbsp; Restaurantes perto do Monte Horizonte onde se pode comer bem durante as suas f\u00e9rias. Localizado na regi\u00e3o do Alentejo, em Portugal, perto da praia. Restaurantes nas redondezas: &nbsp; Santiago do Cac\u00e9m Nome: Cervejaria &#8211; Restaurante Covas Morada: Rua Cidade de Set\u00fabal, 6 C\u00f3digo Postal: 7540 &#8211; 150 Santiago do Cac\u00e9m Tel.: 269 822 675&hellip;<\/p>\n","protected":false},"author":1,"featured_media":0,"parent":0,"menu_order":0,"comment_status":"closed","ping_status":"closed","template":"","meta":{"_monsterinsights_skip_tracking":false,"_monsterinsights_sitenote_active":false,"_monsterinsights_sitenote_note":"","_monsterinsights_sitenote_category":0,"footnotes":""},"class_list":["post-59","page","type-page","status-publish","hentry"],"aioseo_notices":[],"_links":{"self":[{"href":"https:\/\/montehorizonte.com\/PT\/wp-json\/wp\/v2\/pages\/59","targetHints":{"allow":["GET"]}}],"collection":[{"href":"https:\/\/montehorizonte.com\/PT\/wp-json\/wp\/v2\/pages"}],"about":[{"href":"https:\/\/montehorizonte.com\/PT\/wp-json\/wp\/v2\/types\/page"}],"author":[{"embeddable":true,"href":"https:\/\/montehorizonte.com\/PT\/wp-json\/wp\/v2\/users\/1"}],"replies":[{"embeddable":true,"href":"https:\/\/montehorizonte.com\/PT\/wp-json\/wp\/v2\/comments?post=59"}],"version-history":[{"count":15,"href":"https:\/\/montehorizonte.com\/PT\/wp-json\/wp\/v2\/pages\/59\/revisions"}],"predecessor-version":[{"id":3976,"href":"https:\/\/montehorizonte.com\/PT\/wp-json\/wp\/v2\/pages\/59\/revisions\/3976"}],"wp:attachment":[{"href":"https:\/\/montehorizonte.com\/PT\/wp-json\/wp\/v2\/media?parent=59"}],"curies":[{"name":"wp","href":"https:\/\/api.w.org\/{rel}","templated":true}]}}