{"id":53,"date":"2009-08-05T16:23:30","date_gmt":"2009-08-05T16:23:30","guid":{"rendered":"http:\/\/montehorizonte.com\/PT\/?page_id=53"},"modified":"2021-08-06T23:07:09","modified_gmt":"2021-08-06T22:07:09","slug":"santiago-do-cacem","status":"publish","type":"page","link":"https:\/\/montehorizonte.com\/PT\/santiago-do-cacem\/","title":{"rendered":"Santiago do Cac\u00e9m"},"content":{"rendered":"<p>&nbsp;<\/p>\n<p><span style=\"font-family: verdana,geneva,sans-serif;\">Durante as suas f\u00e9rias no Monte Horizonte voc\u00ea vai ficar perto da hist\u00f3rica cidade de Santiago do Cac\u00e9m. Aqui algumas informa\u00e7\u00f5es sobre esta maravilhosa cidade.<br \/>\n<\/span><\/p>\n<table border=\"0\" cellspacing=\"5\" cellpadding=\"5\">\n<tbody>\n<tr>\n<td>\n<div>\n<p><span style=\"font-size: 12px;\"><span style=\"font-family: verdana,geneva,sans-serif;\"><span class=\"bodytext\">HIST\u00d3RIA<\/span><\/span><\/span><\/p>\n<p>&nbsp;<\/p>\n<\/div>\n<div>\n<div>\n<div>\n<div><span style=\"font-size: 12px;\"><span style=\"font-family: verdana,geneva,sans-serif;\"><span class=\"bodytext\">Escava\u00e7\u00f5es realizadas no Castelo Velho, num outeiro a oriente da actual cidade, fazem remontar a ocupa\u00e7\u00e3o humana da regi\u00e3o \u00e0 pr\u00e9-hist\u00f3ria. O povoado \u00e9 fortificado por povos de origem celta (s\u00e9c. V-IV a.C.) sendo, posteriormente romanizado. Sob ocupa\u00e7\u00e3o romana, Mir\u00f3briga desenvolveu-se, como centro agro-pecu\u00e1rio e pol\u00edtico \u2013 administrativo, e est\u00e2ncia termal, import\u00e2ncia que \u00e9 atestada, por exemplo, pelo grande hip\u00f3dromo para treino e corridas de cavalos. Depois das invas\u00f5es germ\u00e2nicas do s\u00e9c. V, a regi\u00e3o perdeu relev\u00e2ncia, tendo os mu\u00e7ulmanos fundado um novo castelo sobre um outeiro fronteiro a que chamaram Cac\u00e9m, provavelmente em honra de um alcaide. <\/span><\/span><\/span><\/div>\n<\/div>\n<\/div>\n<\/div>\n<\/td>\n<td align=\"right\" valign=\"middle\" width=\"200\"><span style=\"font-size: 12px;\"><span style=\"font-family: verdana,geneva,sans-serif;\"><img loading=\"lazy\" decoding=\"async\" title=\"Mirobriga Santiago do Cacem Portugal\" src=\"http:\/\/montehorizonte.com\/PT\/images\/Mirobriga%20Santiago%20do%20Cacem.jpg\" alt=\"Mirobriga Santiago do Cacem Portugal\" width=\"283\" height=\"175\" align=\"middle\" border=\"0\" hspace=\"11\" vspace=\"11\" \/><\/span><\/span><\/td>\n<\/tr>\n<tr>\n<td width=\"200\"><span style=\"font-size: 12px;\"><span style=\"font-family: verdana,geneva,sans-serif;\"><img loading=\"lazy\" decoding=\"async\" title=\"Santiago do Cacem Historic Center Portugal\" src=\"http:\/\/montehorizonte.com\/PT\/images\/Santiago%20do%20Cacem%20Historisch%20Centrum.jpg\" alt=\"Santiago do Cacem Historic Center Portugal\" width=\"280\" height=\"211\" border=\"0\" \/><\/span><\/span><\/td>\n<td>\n<div>\n<p><span style=\"font-size: 12px;\"><span style=\"font-family: verdana,geneva,sans-serif;\">SANTIAGO DO CAC\u00c9M <\/span><\/span><\/p>\n<p>&nbsp;<\/p>\n<\/div>\n<div>\n<div>\n<div>\n<div><span style=\"font-size: 12px;\"><span style=\"font-family: verdana,geneva,sans-serif;\">Eis uma terra que mistura oral mar\u00edtima, pinhal e inspira\u00e7\u00e3o Alentejana. Terra de grandes plan\u00edcies, \u00e9 o 12\u00ba maior concelho do pa\u00eds, tem a sua maior eleva\u00e7\u00e3o na Serra do Cercal com 346 metros de altitude. Daqui se avista a vastid\u00e3o do mar, para poente. Quem percorra esta regi\u00e3o e tenha interesse pelo artesanato, pode encontrar cadeiras e bancos em madeira e vime em S. Bartolomeu da Serra e em S. Domingos da Serra, correaria em Santiago do Cac\u00e9m e Cercal do Alentejo, cer\u00e2mica em Santo Andr\u00e9 e Ermidas do Sado e trabalhos em madeira e corti\u00e7a no Cercal do Alentejo.<\/span><\/span><\/div>\n<\/div>\n<\/div>\n<\/div>\n<\/td>\n<\/tr>\n<tr>\n<td>\n<div>\n<div>\n<div><span style=\"font-size: 12px;\"><span style=\"font-family: verdana,geneva,sans-serif;\">LAGOA DE SANTO ANDR\u00c9 E PRAIAS<\/span><\/span><\/div>\n<div><span style=\"font-size: 12px;\"><span style=\"font-family: verdana,geneva,sans-serif;\"><br \/>\nPerto do mar, situa-se a Lagoa de Santo Andr\u00e9, um \u00f3ptimo local para os amantes de windsurf. Para al\u00e9m da riqueza piscat\u00f3ria, existe tamb\u00e9m uma variedade de aves aqu\u00e1ticas que inclui patos, ma\u00e7aricos, gar\u00e7as e mergulh\u00f5es. Os que apreciam os belos lugares apenas na perspectiva do \u201cdolce fare niente\u201d podem descansar \u00e0 vontade nesta tranquila paisagem e deliciar-se com as caldeiradas ou os ensopados de enguias que prometem s\u00f3 por si, belas f\u00e9rias gastron\u00f3micas. E depois h\u00e1 que seguir o convite das praias, de areias brancas e finas e passear por v\u00e1rios quil\u00f3metros de azul e tranquilidade. <\/span><\/span><\/div>\n<\/div>\n<\/div>\n<\/td>\n<td><span style=\"font-size: 12px;\"><span style=\"font-family: verdana,geneva,sans-serif;\"><img loading=\"lazy\" decoding=\"async\" title=\"Lagoon Melides Portugal\" src=\"http:\/\/montehorizonte.com\/PT\/images\/Lagune%20Melides.jpg\" alt=\"Lagoon Melides Portugal\" width=\"280\" height=\"210\" align=\"middle\" border=\"0\" hspace=\"11\" vspace=\"11\" \/><\/span><\/span><\/td>\n<\/tr>\n<tr>\n<td><span style=\"font-size: 12px;\"><span style=\"font-family: verdana,geneva,sans-serif;\"><img loading=\"lazy\" decoding=\"async\" title=\"Abela Portugal\" src=\"http:\/\/montehorizonte.com\/PT\/images\/Abela.jpg\" alt=\"Abela Portugal\" width=\"280\" height=\"212\" border=\"0\" \/><\/span><\/span><\/td>\n<td>\n<div>\n<p><span style=\"font-size: 12px;\"><span style=\"font-family: verdana,geneva,sans-serif;\">ABELA<\/span><\/span><\/p>\n<p>&nbsp;<\/p>\n<\/div>\n<div>\n<div>\n<div>\n<div><span style=\"font-size: 12px;\"><span style=\"font-family: verdana,geneva,sans-serif;\">Aldeia de arquitectura tipicamente Alentejana, com uma imponente igreja paroquial no cimo de uma colina.<\/span><\/span><\/div>\n<div>\n<div>\n<div><span style=\"font-size: 12px;\"><span style=\"font-family: verdana,geneva,sans-serif;\"><br \/>\nBARRAGEM DE CAMPILHAS<\/span><\/span><\/div>\n<div>\n<div>\n<div>\n<div><span style=\"font-size: 12px;\"><span style=\"font-family: verdana,geneva,sans-serif;\"><br \/>\nUm local sossegado de \u00e1guas calmas que proporciona excelentes condi\u00e7\u00f5es para canoagem, windsurf e pesca recreativa.<\/span><\/span><\/div>\n<div>\n<div>\n<div>\n<div><span style=\"font-size: 12px;\"><span style=\"font-family: verdana,geneva,sans-serif;\"><br \/>\nS\u00c3O FRANCISCO DA SERRA<\/span><\/span><\/div>\n<div>\n<div>\n<div>\n<div><span style=\"font-size: 12px;\"><span style=\"font-family: verdana,geneva,sans-serif;\"><br \/>\nUma aldeia t\u00edpica alentejana marcada pelas suas magn\u00edficas chamin\u00e9s. A igreja e as ru\u00ednas de Nossa Senhora do Livramento pedem uma visita.<\/span><\/span><\/div>\n<\/div>\n<\/div>\n<\/div>\n<\/div>\n<\/div>\n<\/div>\n<\/div>\n<\/div>\n<\/div>\n<\/div>\n<\/div>\n<\/div>\n<\/div>\n<\/div>\n<\/td>\n<\/tr>\n<tr>\n<td>\n<div><span style=\"font-size: 12px;\"><span style=\"font-family: verdana,geneva,sans-serif;\">ALVALADE<\/span><\/span><\/div>\n<div>\n<div>\n<div>\n<div>\n<div><span style=\"font-size: 12px;\"><span style=\"font-family: verdana,geneva,sans-serif;\">Uma aldeia com uma paisagem encantadora localizada entre a ribeira de Campilhas e do rio Sado.<\/span><\/span><\/div>\n<div>\n<div>\n<div><span style=\"font-size: 12px;\"><span style=\"font-family: verdana,geneva,sans-serif;\"><br \/>\nCERCAL DO ALENTEJO<\/span><\/span><\/div>\n<div>\n<div>\n<div>\n<div><span style=\"font-size: 12px;\"><span style=\"font-family: verdana,geneva,sans-serif;\"><br \/>\nUma vila cercada por interessantes quintas e propriedades. A cerca de quatro quil\u00f3metros de dist\u00e2ncia, h\u00e1 um local que proporciona excelentes vistas sobre o Oceano Atl\u00e2ntico e sobre a Serra da Mina.<\/span><\/span><\/div>\n<\/div>\n<\/div>\n<\/div>\n<\/div>\n<\/div>\n<\/div>\n<\/div>\n<\/div>\n<\/div>\n<\/td>\n<td><span style=\"font-size: 12px;\"><span style=\"font-family: verdana,geneva,sans-serif;\"><img loading=\"lazy\" decoding=\"async\" title=\"Alvalade Portugal\" src=\"http:\/\/montehorizonte.com\/PT\/images\/Alvalade.jpg\" alt=\"Alvalade Portugal\" width=\"280\" height=\"193\" border=\"0\" \/><\/span><\/span><\/td>\n<\/tr>\n<tr>\n<td><span style=\"font-size: 12px;\"><span style=\"font-family: verdana,geneva,sans-serif;\"><img loading=\"lazy\" decoding=\"async\" title=\"Castle Santiago do Cacem Portugal\" src=\"http:\/\/montehorizonte.com\/PT\/images\/Kasteel%20Santiago%201.jpg\" alt=\"Castle Santiago do Cacem Portugal\" width=\"280\" height=\"210\" border=\"0\" \/><\/span><\/span><\/td>\n<td>\n<div>\n<p><span style=\"font-size: 12px;\"><span style=\"font-family: verdana,geneva,sans-serif;\">A CIDADE DE SANTIAGO DO CAC\u00c9M <\/span><\/span><\/p>\n<p>&nbsp;<\/p>\n<\/div>\n<div>\n<div>\n<div>\n<div><span style=\"font-size: 12px;\"><span style=\"font-family: verdana,geneva,sans-serif;\">As origens do castelo de Santiago do Cac\u00e9m s\u00e3o muito curiosas, s\u00e3o o resultado da vit\u00f3ria de uma princesa guerreira, contra um Mor feroz chamado Kassen, que aconteceu no dia de Santiago.<\/span><\/span><\/div>\n<div>\n<div>\n<div>\n<div><span style=\"font-size: 12px;\"><span style=\"font-family: verdana,geneva,sans-serif;\"><br \/>\nEla \u00e9, portanto, chamada de Santiago de Kassen, que, ao longo do tempo, transformou-se em Santiago do Cac\u00e9m. Em forma rectangular, com dez torres e cubelos que refor\u00e7am as muralhas. <\/span><\/span><\/div>\n<div>\n<div>\n<div>\n<div><span style=\"font-size: 12px;\"><span style=\"font-family: verdana,geneva,sans-serif;\"><br \/>\nDo castelo, para qualquer das direc\u00e7\u00f5es que olhe, tem-se uma vista soberba.<\/span><\/span><\/div>\n<\/div>\n<\/div>\n<\/div>\n<\/div>\n<\/div>\n<\/div>\n<\/div>\n<\/div>\n<\/div>\n<\/td>\n<\/tr>\n<\/tbody>\n<\/table>\n<p style=\"text-align: center;\"><span style=\"font-size: 12px;\"><span style=\"font-family: verdana,geneva,sans-serif;\"><iframe loading=\"lazy\" title=\"YouTube video player\" src=\"http:\/\/www.youtube.com\/embed\/c0ASzXRhrK4\" width=\"480\" height=\"390\" frameborder=\"0\" allowfullscreen=\"allowfullscreen\"><\/iframe><\/span><\/span><\/p>\n<p><span style=\"font-family: verdana,geneva,sans-serif;\">Ferias no Alentejo, Casas de Campo e Turismo Rural<\/span><\/p>\n","protected":false},"excerpt":{"rendered":"<p>&nbsp; Durante as suas f\u00e9rias no Monte Horizonte voc\u00ea vai ficar perto da hist\u00f3rica cidade de Santiago do Cac\u00e9m. Aqui algumas informa\u00e7\u00f5es sobre esta maravilhosa cidade. HIST\u00d3RIA &nbsp; Escava\u00e7\u00f5es realizadas no Castelo Velho, num outeiro a oriente da actual cidade, fazem remontar a ocupa\u00e7\u00e3o humana da regi\u00e3o \u00e0 pr\u00e9-hist\u00f3ria. O povoado \u00e9 fortificado por povos&hellip;<\/p>\n","protected":false},"author":1,"featured_media":0,"parent":0,"menu_order":0,"comment_status":"closed","ping_status":"closed","template":"","meta":{"_monsterinsights_skip_tracking":false,"_monsterinsights_sitenote_active":false,"_monsterinsights_sitenote_note":"","_monsterinsights_sitenote_category":0,"footnotes":""},"class_list":["post-53","page","type-page","status-publish","hentry"],"aioseo_notices":[],"_links":{"self":[{"href":"https:\/\/montehorizonte.com\/PT\/wp-json\/wp\/v2\/pages\/53","targetHints":{"allow":["GET"]}}],"collection":[{"href":"https:\/\/montehorizonte.com\/PT\/wp-json\/wp\/v2\/pages"}],"about":[{"href":"https:\/\/montehorizonte.com\/PT\/wp-json\/wp\/v2\/types\/page"}],"author":[{"embeddable":true,"href":"https:\/\/montehorizonte.com\/PT\/wp-json\/wp\/v2\/users\/1"}],"replies":[{"embeddable":true,"href":"https:\/\/montehorizonte.com\/PT\/wp-json\/wp\/v2\/comments?post=53"}],"version-history":[{"count":17,"href":"https:\/\/montehorizonte.com\/PT\/wp-json\/wp\/v2\/pages\/53\/revisions"}],"predecessor-version":[{"id":3973,"href":"https:\/\/montehorizonte.com\/PT\/wp-json\/wp\/v2\/pages\/53\/revisions\/3973"}],"wp:attachment":[{"href":"https:\/\/montehorizonte.com\/PT\/wp-json\/wp\/v2\/media?parent=53"}],"curies":[{"name":"wp","href":"https:\/\/api.w.org\/{rel}","templated":true}]}}