{"id":47,"date":"2009-08-05T16:21:45","date_gmt":"2009-08-05T16:21:45","guid":{"rendered":"http:\/\/montehorizonte.com\/PT\/?page_id=47"},"modified":"2021-08-06T23:08:10","modified_gmt":"2021-08-06T22:08:10","slug":"mirobriga","status":"publish","type":"page","link":"https:\/\/montehorizonte.com\/PT\/mirobriga\/","title":{"rendered":"Mir\u00f3briga"},"content":{"rendered":"<p>&nbsp;<\/p>\n<p><span style=\"font-size: 12px;\"><span style=\"font-family: verdana,geneva,sans-serif;\">Mir\u00f3briga representa um dos mais marcantes vest\u00edgios da ocupa\u00e7\u00e3o dos romanos no Sudoeste de Portugal. Foi classificada de Im\u00f3vel de Interesse P\u00fablico, em 1940.<\/span><\/span><\/p>\n<p><span style=\"font-size: 12px;\"><span style=\"font-family: verdana,geneva,sans-serif;\">A cidade romana estende-se por mais de 2 km, apresentando ru\u00ednas de edif\u00edcios de habita\u00e7\u00e3o, ruas pavimentadas, um hip\u00f3dromo, termas, uma ponte e um f\u00f3rum.<\/span><\/span><\/p>\n<p><span style=\"font-size: 12px;\"><span style=\"font-family: verdana,geneva,sans-serif;\">Fotos de Mir\u00f3briga em Santiago do Cac\u00e9m.<\/span><\/span><\/p>\n<p style=\"text-align: center;\"><!-- 4) This is how you mark up the thumbnail image with an anchor tag around it. The anchor's href attribute defines the URL of the full-size image. --><a class=\"highslide\" href=\"http:\/\/www.montehorizonte.com\/PT\/images\/mirobriga%20(1).JPG\"><img loading=\"lazy\" decoding=\"async\" title=\"Clique para ampliar\" src=\"http:\/\/www.montehorizonte.com\/PT\/images\/TN\/mirobriga%20(1).JPG\" alt=\"alentejo\" width=\"120\" height=\"90\" \/><\/a> <a class=\"highslide\" href=\"http:\/\/www.montehorizonte.com\/PT\/images\/mirobriga%20(49).JPG\"><img loading=\"lazy\" decoding=\"async\" title=\"Clique para ampliar\" src=\"http:\/\/www.montehorizonte.com\/PT\/images\/TN\/mirobriga%20(49).JPG\" alt=\"portugal\" width=\"120\" height=\"90\" \/><\/a> <a class=\"highslide\" href=\"http:\/\/www.montehorizonte.com\/PT\/images\/mirobriga%20(85).JPG\"><img loading=\"lazy\" decoding=\"async\" title=\"Clique para ampliar\" src=\"http:\/\/www.montehorizonte.com\/PT\/images\/TN\/mirobriga%20(85).JPG\" alt=\"romanos\" width=\"120\" height=\"90\" \/><\/a> <a class=\"highslide\" href=\"http:\/\/www.montehorizonte.com\/PT\/images\/mirobriga%20(7).JPG\"><img loading=\"lazy\" decoding=\"async\" title=\"Clique para ampliar\" src=\"http:\/\/www.montehorizonte.com\/PT\/images\/TN\/mirobriga%20(7).JPG\" alt=\"casas de campo\" width=\"120\" height=\"90\" \/><\/a> <a class=\"highslide\" href=\"http:\/\/www.montehorizonte.com\/PT\/images\/mirobriga%20(10).JPG\"><img loading=\"lazy\" decoding=\"async\" title=\"Clique para ampliar\" src=\"http:\/\/www.montehorizonte.com\/PT\/images\/TN\/mirobriga%20(10).JPG\" alt=\"turismo rural\" width=\"120\" height=\"90\" \/><\/a> <a class=\"highslide\" href=\"http:\/\/www.montehorizonte.com\/PT\/images\/mirobriga%20(68).JPG\"><img loading=\"lazy\" decoding=\"async\" title=\"Clique para ampliar\" src=\"http:\/\/www.montehorizonte.com\/PT\/images\/TN\/mirobriga%20(68).JPG\" alt=\"santiago do cacem\" width=\"120\" height=\"90\" \/><\/a> <a class=\"highslide\" href=\"http:\/\/www.montehorizonte.com\/PT\/images\/mirobriga%20(17).JPG\"><img loading=\"lazy\" decoding=\"async\" title=\"Clique para ampliar\" src=\"http:\/\/www.montehorizonte.com\/PT\/images\/TN\/mirobriga%20(17).JPG\" alt=\"sudoeste de portugal\" width=\"120\" height=\"90\" \/><\/a> <a class=\"highslide\" href=\"http:\/\/www.montehorizonte.com\/PT\/images\/mirobriga%20(22).JPG\"><img loading=\"lazy\" decoding=\"async\" title=\"Clique para ampliar\" src=\"http:\/\/www.montehorizonte.com\/PT\/images\/TN\/mirobriga%20(22).JPG\" alt=\"alojamento\" width=\"120\" height=\"90\" \/><\/a> <a class=\"highslide\" href=\"http:\/\/www.montehorizonte.com\/PT\/images\/mirobriga%20(26).JPG\"><img loading=\"lazy\" decoding=\"async\" title=\"Clique para ampliar\" src=\"http:\/\/www.montehorizonte.com\/PT\/images\/TN\/mirobriga%20(26).JPG\" alt=\"dormidas\" width=\"120\" height=\"90\" \/><\/a> <a class=\"highslide\" href=\"http:\/\/www.montehorizonte.com\/PT\/images\/mirobriga%20(27).JPG\"><img loading=\"lazy\" decoding=\"async\" title=\"Clique para ampliar\" src=\"http:\/\/www.montehorizonte.com\/PT\/images\/TN\/mirobriga%20(27).JPG\" alt=\"quarto\" width=\"120\" height=\"90\" \/><\/a> <a class=\"highslide\" href=\"http:\/\/www.montehorizonte.com\/PT\/images\/mirobriga%20(73).JPG\"><img loading=\"lazy\" decoding=\"async\" title=\"Clique para ampliar\" src=\"http:\/\/www.montehorizonte.com\/PT\/images\/TN\/mirobriga%20(73).JPG\" alt=\"quartos\" width=\"120\" height=\"90\" \/><\/a> <a class=\"highslide\" href=\"http:\/\/www.montehorizonte.com\/PT\/images\/mirobriga%20(34).JPG\"><img loading=\"lazy\" decoding=\"async\" title=\"Clique para ampliar\" src=\"http:\/\/www.montehorizonte.com\/PT\/images\/TN\/mirobriga%20(34).JPG\" alt=\"fim de semana\" width=\"120\" height=\"90\" \/><\/a> <a class=\"highslide\" href=\"http:\/\/www.montehorizonte.com\/PT\/images\/mirobriga%20(40).JPG\"><img loading=\"lazy\" decoding=\"async\" title=\"Clique para ampliar\" src=\"http:\/\/www.montehorizonte.com\/PT\/images\/TN\/mirobriga%20(40).JPG\" alt=\"semana santa\" width=\"120\" height=\"90\" \/><\/a> <a class=\"highslide\" href=\"http:\/\/www.montehorizonte.com\/PT\/images\/mirobriga%20(45).JPG\"><img loading=\"lazy\" decoding=\"async\" title=\"Clique para ampliar\" src=\"http:\/\/www.montehorizonte.com\/PT\/images\/TN\/mirobriga%20(45).JPG\" alt=\"dormir\" width=\"120\" height=\"90\" \/><\/a> <a class=\"highslide\" href=\"http:\/\/www.montehorizonte.com\/PT\/images\/mirobriga%20(49).JPG\"><img loading=\"lazy\" decoding=\"async\" title=\"Clique para ampliar\" src=\"http:\/\/www.montehorizonte.com\/PT\/images\/TN\/mirobriga%20(49).JPG\" alt=\"apartemento\" width=\"120\" height=\"90\" \/><\/a> <a class=\"highslide\" href=\"http:\/\/www.montehorizonte.com\/PT\/images\/mirobriga%20(58).JPG\"><img loading=\"lazy\" decoding=\"async\" title=\"Clique para ampliar\" src=\"http:\/\/www.montehorizonte.com\/PT\/images\/TN\/mirobriga%20(58).JPG\" alt=\"alentejo\" width=\"120\" height=\"90\" \/><\/a> <a class=\"highslide\" href=\"http:\/\/www.montehorizonte.com\/PT\/images\/mirobriga%20(59).JPG\"><img loading=\"lazy\" decoding=\"async\" title=\"Clique para ampliar\" src=\"http:\/\/www.montehorizonte.com\/PT\/images\/TN\/mirobriga%20(59).JPG\" alt=\"alentejo\" width=\"120\" height=\"90\" \/><\/a> <a class=\"highslide\" href=\"http:\/\/www.montehorizonte.com\/PT\/images\/mirobriga%20(63).JPG\"><img loading=\"lazy\" decoding=\"async\" title=\"Clique para ampliar\" src=\"http:\/\/www.montehorizonte.com\/PT\/images\/TN\/mirobriga%20(63).JPG\" alt=\"moradia\" width=\"120\" height=\"90\" \/><\/a> <a class=\"highslide\" href=\"http:\/\/www.montehorizonte.com\/PT\/images\/mirobriga%20(66).JPG\"><img loading=\"lazy\" decoding=\"async\" title=\"Clique para ampliar\" src=\"http:\/\/www.montehorizonte.com\/PT\/images\/TN\/mirobriga%20(66).JPG\" alt=\"moradias\" width=\"120\" height=\"90\" \/><\/a> <a class=\"highslide\" href=\"http:\/\/www.montehorizonte.com\/PT\/images\/mirobriga%20(67).JPG\"><img loading=\"lazy\" decoding=\"async\" title=\"Clique para ampliar\" src=\"http:\/\/www.montehorizonte.com\/PT\/images\/TN\/mirobriga%20(67).JPG\" alt=\"prais\" width=\"120\" height=\"90\" \/><\/a> <!-- 5 (optional). This is how you mark up the caption. The id contains is referenced to in the second argument of hs.expand above. --><\/p>\n<div class=\"highslide-caption\"><span style=\"font-family: verdana,geneva,sans-serif;\">Mir\u00f3briga em Santiago do Cac\u00e9m, F\u00e9rias no Alentejo, Turismo Rural e Casas de Campo.<\/span><\/div>\n","protected":false},"excerpt":{"rendered":"<p>&nbsp; Mir\u00f3briga representa um dos mais marcantes vest\u00edgios da ocupa\u00e7\u00e3o dos romanos no Sudoeste de Portugal. Foi classificada de Im\u00f3vel de Interesse P\u00fablico, em 1940. A cidade romana estende-se por mais de 2 km, apresentando ru\u00ednas de edif\u00edcios de habita\u00e7\u00e3o, ruas pavimentadas, um hip\u00f3dromo, termas, uma ponte e um f\u00f3rum. Fotos de Mir\u00f3briga em Santiago&hellip;<\/p>\n","protected":false},"author":1,"featured_media":0,"parent":0,"menu_order":0,"comment_status":"closed","ping_status":"closed","template":"","meta":{"_monsterinsights_skip_tracking":false,"_monsterinsights_sitenote_active":false,"_monsterinsights_sitenote_note":"","_monsterinsights_sitenote_category":0,"footnotes":""},"class_list":["post-47","page","type-page","status-publish","hentry"],"aioseo_notices":[],"_links":{"self":[{"href":"https:\/\/montehorizonte.com\/PT\/wp-json\/wp\/v2\/pages\/47","targetHints":{"allow":["GET"]}}],"collection":[{"href":"https:\/\/montehorizonte.com\/PT\/wp-json\/wp\/v2\/pages"}],"about":[{"href":"https:\/\/montehorizonte.com\/PT\/wp-json\/wp\/v2\/types\/page"}],"author":[{"embeddable":true,"href":"https:\/\/montehorizonte.com\/PT\/wp-json\/wp\/v2\/users\/1"}],"replies":[{"embeddable":true,"href":"https:\/\/montehorizonte.com\/PT\/wp-json\/wp\/v2\/comments?post=47"}],"version-history":[{"count":19,"href":"https:\/\/montehorizonte.com\/PT\/wp-json\/wp\/v2\/pages\/47\/revisions"}],"predecessor-version":[{"id":3975,"href":"https:\/\/montehorizonte.com\/PT\/wp-json\/wp\/v2\/pages\/47\/revisions\/3975"}],"wp:attachment":[{"href":"https:\/\/montehorizonte.com\/PT\/wp-json\/wp\/v2\/media?parent=47"}],"curies":[{"name":"wp","href":"https:\/\/api.w.org\/{rel}","templated":true}]}}