{"id":468,"date":"2010-11-22T12:15:30","date_gmt":"2010-11-22T12:15:30","guid":{"rendered":"http:\/\/montehorizonte.com\/PT\/"},"modified":"2024-08-20T12:24:14","modified_gmt":"2024-08-20T11:24:14","slug":"casa-camelia","status":"publish","type":"page","link":"https:\/\/montehorizonte.com\/PT\/casa-camelia\/","title":{"rendered":"Casa Isolada &#8211; Cam\u00e9lia T1"},"content":{"rendered":"<p><span style=\"font-size: 11px;\"><strong><span style=\"font-family: verdana,geneva,sans-serif;\">F\u00e9rias no Alentejo &#8211; Casa de Campo <\/span><span style=\"font-family: verdana,geneva,sans-serif;\">Cam\u00e9lia.<\/span><\/strong><\/span><\/p>\n<p>Ocupa\u00e7\u00e3o m\u00e1xima de 2 pessoas. Pre\u00e7os a partir de 75 euros por noite para 2 pessoas.<\/p>\n<p style=\"text-align: center;\"><span style=\"font-family: verdana,geneva,sans-serif; font-size: 10pt;\"><span class=\"\">Monte Horizonte \u00e9 um lugar \u00fanico onde o espa\u00e7o, a tranquilidade e o respeito pela natureza e uns pelos outros s\u00e3o centrais. Para continuar a garantir este sentimento, as crian\u00e7as menores de 6 anos n\u00e3o s\u00e3o permitidas a partir de 1 de janeiro de 2019.<\/span><\/span><\/p>\n<div id='gallery-1' class='gallery galleryid-468 gallery-columns-6 gallery-size-thumbnail'><figure class='gallery-item'>\n\t\t\t<div class='gallery-icon landscape'>\n\t\t\t\t<a href='https:\/\/montehorizonte.com\/PT\/wp-content\/uploads\/Casa-Camelia-3.jpg'><img loading=\"lazy\" decoding=\"async\" width=\"200\" height=\"150\" src=\"https:\/\/montehorizonte.com\/PT\/wp-content\/uploads\/Casa-Camelia-3-200x150.jpg\" class=\"attachment-thumbnail size-thumbnail\" alt=\"F\u00e9rias em Monte Horizonte em Portugal Casa Cam\u00e9lia\" aria-describedby=\"gallery-1-3689\" \/><\/a>\n\t\t\t<\/div>\n\t\t\t\t<figcaption class='wp-caption-text gallery-caption' id='gallery-1-3689'>\n\t\t\t\tCasa Cam\u00e9lia\n\t\t\t\t<\/figcaption><\/figure><figure class='gallery-item'>\n\t\t\t<div class='gallery-icon landscape'>\n\t\t\t\t<a href='https:\/\/montehorizonte.com\/PT\/wp-content\/uploads\/Casa-Camelia-1-e1654238246308.jpg'><img loading=\"lazy\" decoding=\"async\" width=\"200\" height=\"150\" src=\"https:\/\/montehorizonte.com\/PT\/wp-content\/uploads\/Casa-Camelia-1-e1654238246308-200x150.jpg\" class=\"attachment-thumbnail size-thumbnail\" alt=\"F\u00e9rias em Monte Horizonte em Portugal Casa Cam\u00e9lia\" aria-describedby=\"gallery-1-3688\" \/><\/a>\n\t\t\t<\/div>\n\t\t\t\t<figcaption class='wp-caption-text gallery-caption' id='gallery-1-3688'>\n\t\t\t\tCasa Cam\u00e9lia\n\t\t\t\t<\/figcaption><\/figure><figure class='gallery-item'>\n\t\t\t<div class='gallery-icon landscape'>\n\t\t\t\t<a href='https:\/\/montehorizonte.com\/PT\/wp-content\/uploads\/Casa-Camelia-Livingroom-1.jpg'><img loading=\"lazy\" decoding=\"async\" width=\"200\" height=\"150\" src=\"https:\/\/montehorizonte.com\/PT\/wp-content\/uploads\/Casa-Camelia-Livingroom-1-200x150.jpg\" class=\"attachment-thumbnail size-thumbnail\" alt=\"F\u00e9rias em Monte Horizonte em Portugal Casa Cam\u00e9lia\" aria-describedby=\"gallery-1-3810\" \/><\/a>\n\t\t\t<\/div>\n\t\t\t\t<figcaption class='wp-caption-text gallery-caption' id='gallery-1-3810'>\n\t\t\t\tSala\n\t\t\t\t<\/figcaption><\/figure><figure class='gallery-item'>\n\t\t\t<div class='gallery-icon landscape'>\n\t\t\t\t<a href='https:\/\/montehorizonte.com\/PT\/wp-content\/uploads\/Casa-Camelia-Quarto.jpg'><img loading=\"lazy\" decoding=\"async\" width=\"200\" height=\"150\" src=\"https:\/\/montehorizonte.com\/PT\/wp-content\/uploads\/Casa-Camelia-Quarto-200x150.jpg\" class=\"attachment-thumbnail size-thumbnail\" alt=\"F\u00e9rias em Monte Horizonte em Portugal Casa Cam\u00e9lia\" aria-describedby=\"gallery-1-3808\" \/><\/a>\n\t\t\t<\/div>\n\t\t\t\t<figcaption class='wp-caption-text gallery-caption' id='gallery-1-3808'>\n\t\t\t\tQuarto\n\t\t\t\t<\/figcaption><\/figure><figure class='gallery-item'>\n\t\t\t<div class='gallery-icon landscape'>\n\t\t\t\t<a href='https:\/\/montehorizonte.com\/PT\/wp-content\/uploads\/Casa-Camelia-Casa-de-banho.jpg'><img loading=\"lazy\" decoding=\"async\" width=\"200\" height=\"150\" src=\"https:\/\/montehorizonte.com\/PT\/wp-content\/uploads\/Casa-Camelia-Casa-de-banho-200x150.jpg\" class=\"attachment-thumbnail size-thumbnail\" alt=\"F\u00e9rias em Monte Horizonte em Portugal Casa Cam\u00e9lia\" aria-describedby=\"gallery-1-3807\" \/><\/a>\n\t\t\t<\/div>\n\t\t\t\t<figcaption class='wp-caption-text gallery-caption' id='gallery-1-3807'>\n\t\t\t\tCasa de Banho\n\t\t\t\t<\/figcaption><\/figure><figure class='gallery-item'>\n\t\t\t<div class='gallery-icon landscape'>\n\t\t\t\t<a href='https:\/\/montehorizonte.com\/PT\/wp-content\/uploads\/Overview-Monte-Horizonte-Camelia.jpg'><img loading=\"lazy\" decoding=\"async\" width=\"200\" height=\"150\" src=\"https:\/\/montehorizonte.com\/PT\/wp-content\/uploads\/Overview-Monte-Horizonte-Camelia-200x150.jpg\" class=\"attachment-thumbnail size-thumbnail\" alt=\"F\u00e9rias em Monte Horizonte em Portugal Casa Cam\u00e9lia\" aria-describedby=\"gallery-1-3632\" \/><\/a>\n\t\t\t<\/div>\n\t\t\t\t<figcaption class='wp-caption-text gallery-caption' id='gallery-1-3632'>\n\t\t\t\tPlanta\n\t\t\t\t<\/figcaption><\/figure>\n\t\t<\/div>\n\n<p>A nossa disponibilidade est\u00e1 sempre atualizada e voc\u00ea pode v\u00ea-la abaixo. Se voc\u00ea quiser fazer uma reserva clique na data em que as suas f\u00e9rias come\u00e7am no formul\u00e1rio abaixo. Voc\u00ea tamb\u00e9m pode fazer uma reserva por e-mail.<\/p>\n<p><iframe style=\"width: 100%; height: 400px; border: 0;\" src=\"https:\/\/www.avaibook.com\/widgets_propietarios\/loader.php?id=120241&amp;lang=PT\" frameborder=\"0\"><span style=\"display: inline-block; width: 0px; overflow: hidden; line-height: 0;\" data-mce-type=\"bookmark\" class=\"mce_SELRES_start\">?<\/span>Tu navegador no soporta iframes<\/iframe><\/p>\n<p>Esta casa de campo para f\u00e9rias \u00e9 composta por sala, quarto, uma cozinha com utilit\u00e1rios de cozinha, placa de g\u00e1s e frigor\u00edfico. A casa de banho tem duche, sanita, bid\u00ea e lavat\u00f3rio.<\/p>\n<p>Possui um sistema de televis\u00e3o sat\u00e9lite com acesso a canais tais como CNN, etc. Al\u00e9m disso, na sala de estar uma mesa de jantar com cadeiras, uma mesa de caf\u00e9 e 2 cadeir\u00f5es.<\/p>\n<p style=\"text-align: center;\"><div id=\"metaslider-id-2909\" style=\"max-width: 1024px;\" class=\"ml-slider-3-108-0 metaslider metaslider-nivo metaslider-2909 ml-slider has-dots-nav ms-theme-default\" role=\"region\" aria-label=\"Casa Camelia\" data-height=\"576\" data-width=\"1024\">\n    <div id=\"metaslider_container_2909\">\n        <div class='slider-wrapper theme-default'><div class='ribbon'><\/div><div id='metaslider_2909' class='nivoSlider'><img loading=\"lazy\" decoding=\"async\" src=\"https:\/\/montehorizonte.com\/PT\/wp-content\/uploads\/Casa-Camelia-3-1024x576.jpg\" height=\"576\" width=\"1024\" data-caption=\"Casa Cam&eacute;lia\" title=\"Monte Horizonte - Casa Cam\u00e9lia\" alt=\"F\u00e9rias em Monte Horizonte em Portugal Casa Cam\u00e9lia\" class=\"slider-2909 slide-3695 msDefaultImage\" \/><img loading=\"lazy\" decoding=\"async\" src=\"https:\/\/montehorizonte.com\/PT\/wp-content\/uploads\/Overview-Monte-Horizonte-Camelia-1024x576.jpg\" height=\"576\" width=\"1024\" data-caption=\"Planta\" title=\"Monte Horizonte - Casa Cam\u00e9lia - Planta\" alt=\"F\u00e9rias em Monte Horizonte em Portugal Casa Cam\u00e9lia\" class=\"slider-2909 slide-3633 msDefaultImage\" \/><img loading=\"lazy\" decoding=\"async\" src=\"https:\/\/montehorizonte.com\/PT\/wp-content\/uploads\/Casa-Camelia-1024x576.jpg\" height=\"576\" width=\"1024\" data-caption=\"Casa Cam&eacute;lia\" title=\"Monte Horizonte - Casa Cam\u00e9lia\" alt=\"F\u00e9rias em Monte Horizonte em Portugal Casa Cam\u00e9lia\" class=\"slider-2909 slide-3693 msDefaultImage\" \/><img loading=\"lazy\" decoding=\"async\" src=\"https:\/\/montehorizonte.com\/PT\/wp-content\/uploads\/Pool-3.jpg\" height=\"576\" width=\"1024\" data-caption=\"Piscina\" title=\"Piscina F\u00e9rias em Monte Horizonte em Portugal\" alt=\"F\u00e9rias em Monte Horizonte em Portugal\" class=\"slider-2909 slide-3751 msDefaultImage\" \/><img loading=\"lazy\" decoding=\"async\" src=\"https:\/\/montehorizonte.com\/PT\/wp-content\/uploads\/Casa-Camelia-Livingroom-1.jpg\" height=\"576\" width=\"1024\" data-caption=\"Sala\" title=\"Casa-Camelia-Livingroom-1\" alt=\"F\u00e9rias em Monte Horizonte em Portugal Casa Cam\u00e9lia\" class=\"slider-2909 slide-3634 msDefaultImage\" \/><img loading=\"lazy\" decoding=\"async\" src=\"https:\/\/montehorizonte.com\/PT\/wp-content\/uploads\/Casa-Camelia-Quarto-1024x576.jpg\" height=\"576\" width=\"1024\" data-caption=\"Quarto\" title=\"Monte Horizonte - Casa Cam\u00e9lia - Quarto\" alt=\"F\u00e9rias em Monte Horizonte em Portugal Casa Cam\u00e9lia\" class=\"slider-2909 slide-3637 msDefaultImage\" \/><img loading=\"lazy\" decoding=\"async\" src=\"https:\/\/montehorizonte.com\/PT\/wp-content\/uploads\/Casa-Camelia-1-e1654238246308-1024x576.jpg\" height=\"576\" width=\"1024\" data-caption=\"Casa Cam&eacute;lia\" title=\"Monte Horizonte - Casa Cam\u00e9lia\" alt=\"F\u00e9rias em Monte Horizonte em Portugal Casa Cam\u00e9lia\" class=\"slider-2909 slide-3692 msDefaultImage\" \/><img loading=\"lazy\" decoding=\"async\" src=\"https:\/\/montehorizonte.com\/PT\/wp-content\/uploads\/Casa-Camelia-Casa-de-banho-1024x576.jpg\" height=\"576\" width=\"1024\" data-caption=\"Casa de Banho\" title=\"Monte Horizonte - Casa Cam\u00e9lia - Casa de banho\" alt=\"F\u00e9rias em Monte Horizonte em Portugal Casa Cam\u00e9lia\" class=\"slider-2909 slide-3668 msDefaultImage\" \/><img loading=\"lazy\" decoding=\"async\" src=\"https:\/\/montehorizonte.com\/PT\/wp-content\/uploads\/Casa-Camelia-Sala-1-1024x576.jpg\" height=\"576\" width=\"1024\" data-caption=\"Sala\" title=\"Monte Horizonte - Casa Cam\u00e9lia - Sala\" alt=\"F\u00e9rias em Monte Horizonte em Portugal Casa Cam\u00e9lia\" class=\"slider-2909 slide-3213 msDefaultImage\" \/><img loading=\"lazy\" decoding=\"async\" src=\"https:\/\/montehorizonte.com\/PT\/wp-content\/uploads\/Casa-Camelia-Cozinha.jpg\" height=\"576\" width=\"1024\" data-caption=\"Cozinha\" title=\"Monte Horizonte - Casa Cam\u00e9lia - Cozinha\" alt=\"F\u00e9rias em Monte Horizonte em Portugal Casa Cam\u00e9lia\" class=\"slider-2909 slide-3217 msDefaultImage\" \/><img loading=\"lazy\" decoding=\"async\" src=\"https:\/\/montehorizonte.com\/PT\/wp-content\/uploads\/Casa-Camelia-4-1024x576.jpg\" height=\"576\" width=\"1024\" data-caption=\"Casa Cam&eacute;lia\" title=\"Monte Horizonte - Casa Cam\u00e9lia\" alt=\"F\u00e9rias em Monte Horizonte em Portugal Casa Cam\u00e9lia\" class=\"slider-2909 slide-3694 msDefaultImage\" \/><img loading=\"lazy\" decoding=\"async\" src=\"https:\/\/montehorizonte.com\/PT\/wp-content\/uploads\/Pool-4-2.jpg\" height=\"576\" width=\"1024\" data-caption=\"Piscina\" title=\"Piscina F\u00e9rias em Monte Horizonte em Portugal\" alt=\"F\u00e9rias em Monte Horizonte em Portugal\" class=\"slider-2909 slide-3698 msDefaultImage\" \/><img loading=\"lazy\" decoding=\"async\" src=\"https:\/\/montehorizonte.com\/PT\/wp-content\/uploads\/Pool-5-3.jpg\" height=\"576\" width=\"1024\" data-caption=\"Piscina\" title=\"Piscina F\u00e9rias em Monte Horizonte em Portugal\" alt=\"F\u00e9rias em Monte Horizonte em Portugal\" class=\"slider-2909 slide-3697 msDefaultImage\" \/><img loading=\"lazy\" decoding=\"async\" src=\"https:\/\/montehorizonte.com\/PT\/wp-content\/uploads\/Salamandra-1024x576.jpg\" height=\"576\" width=\"1024\" data-caption=\"Salamandra\" title=\"Salamandra\" alt=\"Casa Mimosa Salamandra F\u00e9rias no Alenejo\" class=\"slider-2909 slide-3863 msDefaultImage\" \/><\/div><\/div>\n        \n    <\/div>\n<\/div>\n<p>No quarto existem cama casal, roupeiro e roupa de cama. A roupa de cama \u00e9 trocada uma vez por semana e as toalhas duas vezes por semana.<\/p>\n<p>Se desejar, o pequeno-almo\u00e7o pode ser entregue \u00e0 sua porta por um custo adicional.<\/p>\n<p>No terra\u00e7o encontram-se cadeiras, uma mesa e espregui\u00e7adeiras para que desfrute das vistas maravilhosas.<\/p>\n<p>Na casa de campo ainda se encontra um mapa documentado com informa\u00e7\u00e3o acerca da zona circundante.<\/p>\n<p>Para encontrar os nossos pre\u00e7os por dia pesquise pelas datas no calend\u00e1rio de disponibilidade em baixo. Voc\u00ea ver\u00e1 os pre\u00e7os por dia. Se voc\u00ea selecionar um per\u00edodo, o pre\u00e7o total ser\u00e1 exibido.<\/p>\n<table>\n<tbody>\n<tr>\n<td>Sua reserva inclui:<br \/>\n\u2022 Roupa de cama limpa uma vez por semana;<br \/>\n\u2022 Toalhas e panos de cozinha limpos duas vezes por semana;<br \/>\n\u2022 Toalhas de praia e piscina (1,4 x 1,9 metros);<br \/>\n\u2022 Caf\u00e9 e ch\u00e1 ilimitados;<br \/>\n\u2022 Papel higi\u00e9nico;<br \/>\n\u2022 Sab\u00e3o e shampoo;<br \/>\n\u2022 Azeite e vinagre;<br \/>\n\u2022 Sal e pimenta.<\/td>\n<\/tr>\n<\/tbody>\n<\/table>\n<figure id=\"attachment_3632\" aria-describedby=\"caption-attachment-3632\" style=\"width: 1250px\" class=\"wp-caption aligncenter\"><img loading=\"lazy\" decoding=\"async\" class=\"wp-image-3632 size-full\" src=\"https:\/\/montehorizonte.com\/PT\/wp-content\/uploads\/Overview-Monte-Horizonte-Camelia.jpg\" alt=\"F\u00e9rias em Monte Horizonte em Portugal Casa Cam\u00e9lia\" width=\"1250\" height=\"662\" srcset=\"https:\/\/montehorizonte.com\/PT\/wp-content\/uploads\/Overview-Monte-Horizonte-Camelia.jpg 1250w, https:\/\/montehorizonte.com\/PT\/wp-content\/uploads\/Overview-Monte-Horizonte-Camelia-600x318.jpg 600w, https:\/\/montehorizonte.com\/PT\/wp-content\/uploads\/Overview-Monte-Horizonte-Camelia-1024x542.jpg 1024w, https:\/\/montehorizonte.com\/PT\/wp-content\/uploads\/Overview-Monte-Horizonte-Camelia-768x407.jpg 768w, https:\/\/montehorizonte.com\/PT\/wp-content\/uploads\/Overview-Monte-Horizonte-Camelia-800x424.jpg 800w\" sizes=\"auto, (max-width: 1250px) 100vw, 1250px\" \/><figcaption id=\"caption-attachment-3632\" class=\"wp-caption-text\">Planta<\/figcaption><\/figure>\n<p>F\u00e9rias no Alentejo.<\/p>\n","protected":false},"excerpt":{"rendered":"<p>F\u00e9rias no Alentejo &#8211; Casa de Campo Cam\u00e9lia. Ocupa\u00e7\u00e3o m\u00e1xima de 2 pessoas. Pre\u00e7os a partir de 75 euros por noite para 2 pessoas. Monte Horizonte \u00e9 um lugar \u00fanico onde o espa\u00e7o, a tranquilidade e o respeito pela natureza e uns pelos outros s\u00e3o centrais. Para continuar a garantir este sentimento, as crian\u00e7as menores&hellip;<\/p>\n","protected":false},"author":1,"featured_media":3688,"parent":0,"menu_order":2,"comment_status":"closed","ping_status":"closed","template":"","meta":{"_monsterinsights_skip_tracking":false,"_monsterinsights_sitenote_active":false,"_monsterinsights_sitenote_note":"","_monsterinsights_sitenote_category":0,"footnotes":""},"class_list":["post-468","page","type-page","status-publish","has-post-thumbnail","hentry"],"aioseo_notices":[],"_links":{"self":[{"href":"https:\/\/montehorizonte.com\/PT\/wp-json\/wp\/v2\/pages\/468","targetHints":{"allow":["GET"]}}],"collection":[{"href":"https:\/\/montehorizonte.com\/PT\/wp-json\/wp\/v2\/pages"}],"about":[{"href":"https:\/\/montehorizonte.com\/PT\/wp-json\/wp\/v2\/types\/page"}],"author":[{"embeddable":true,"href":"https:\/\/montehorizonte.com\/PT\/wp-json\/wp\/v2\/users\/1"}],"replies":[{"embeddable":true,"href":"https:\/\/montehorizonte.com\/PT\/wp-json\/wp\/v2\/comments?post=468"}],"version-history":[{"count":170,"href":"https:\/\/montehorizonte.com\/PT\/wp-json\/wp\/v2\/pages\/468\/revisions"}],"predecessor-version":[{"id":4073,"href":"https:\/\/montehorizonte.com\/PT\/wp-json\/wp\/v2\/pages\/468\/revisions\/4073"}],"wp:featuredmedia":[{"embeddable":true,"href":"https:\/\/montehorizonte.com\/PT\/wp-json\/wp\/v2\/media\/3688"}],"wp:attachment":[{"href":"https:\/\/montehorizonte.com\/PT\/wp-json\/wp\/v2\/media?parent=468"}],"curies":[{"name":"wp","href":"https:\/\/api.w.org\/{rel}","templated":true}]}}