{"id":464,"date":"2010-11-22T12:12:32","date_gmt":"2010-11-22T12:12:32","guid":{"rendered":"http:\/\/montehorizonte.com\/PT\/"},"modified":"2024-08-20T12:24:32","modified_gmt":"2024-08-20T11:24:32","slug":"casa-oliveira","status":"publish","type":"page","link":"https:\/\/montehorizonte.com\/PT\/casa-oliveira\/","title":{"rendered":"Casa Isolada &#8211; Oliveira T1"},"content":{"rendered":"<p><span style=\"font-size: 11px;\"><strong><span style=\"font-family: verdana,geneva,sans-serif;\">F\u00e9rias no Alentejo &#8211; Casa de F\u00e9rias isolada &#8211; Casa Oliveira.<\/span><\/strong><\/span><\/p>\n<p>Ocupa\u00e7\u00e3o m\u00e1xima de 2 pessoas. Pre\u00e7os a partir de 75 euros por noite para 2 pessoas.<\/p>\n<p style=\"text-align: center;\"><span style=\"font-family: verdana,geneva,sans-serif; font-size: 10pt;\"><span class=\"\">Monte Horizonte \u00e9 um lugar \u00fanico onde o espa\u00e7o, a tranquilidade e o respeito pela natureza e uns pelos outros s\u00e3o centrais. Para continuar a garantir este sentimento, as crian\u00e7as menores de 6 anos n\u00e3o s\u00e3o permitidas a partir de 1 de janeiro de 2019.<\/span><\/span><\/p>\n<div id='gallery-1' class='gallery galleryid-464 gallery-columns-6 gallery-size-thumbnail'><figure class='gallery-item'>\n\t\t\t<div class='gallery-icon landscape'>\n\t\t\t\t<a href='https:\/\/montehorizonte.com\/PT\/wp-content\/uploads\/Casa-Oliveira-Terra\u00e7o-2.jpg'><img loading=\"lazy\" decoding=\"async\" width=\"200\" height=\"150\" src=\"https:\/\/montehorizonte.com\/PT\/wp-content\/uploads\/Casa-Oliveira-Terra\u00e7o-2-200x150.jpg\" class=\"attachment-thumbnail size-thumbnail\" alt=\"F\u00e9rias em Monte Horizonte em Portugal\" aria-describedby=\"gallery-1-1754\" \/><\/a>\n\t\t\t<\/div>\n\t\t\t\t<figcaption class='wp-caption-text gallery-caption' id='gallery-1-1754'>\n\t\t\t\tTerra\u00e7o\n\t\t\t\t<\/figcaption><\/figure><figure class='gallery-item'>\n\t\t\t<div class='gallery-icon landscape'>\n\t\t\t\t<a href='https:\/\/montehorizonte.com\/PT\/wp-content\/uploads\/Casa-Oliveira-1.jpg'><img loading=\"lazy\" decoding=\"async\" width=\"200\" height=\"150\" src=\"https:\/\/montehorizonte.com\/PT\/wp-content\/uploads\/Casa-Oliveira-1-200x150.jpg\" class=\"attachment-thumbnail size-thumbnail\" alt=\"F\u00e9rias em Monte Horizonte em Portugal\" aria-describedby=\"gallery-1-3647\" \/><\/a>\n\t\t\t<\/div>\n\t\t\t\t<figcaption class='wp-caption-text gallery-caption' id='gallery-1-3647'>\n\t\t\t\tCama de rede\n\t\t\t\t<\/figcaption><\/figure><figure class='gallery-item'>\n\t\t\t<div class='gallery-icon landscape'>\n\t\t\t\t<a href='https:\/\/montehorizonte.com\/PT\/wp-content\/uploads\/Casa-Oliveira-Living.jpg'><img loading=\"lazy\" decoding=\"async\" width=\"200\" height=\"150\" src=\"https:\/\/montehorizonte.com\/PT\/wp-content\/uploads\/Casa-Oliveira-Living-200x150.jpg\" class=\"attachment-thumbnail size-thumbnail\" alt=\"F\u00e9rias em Monte Horizonte em Portugal\" aria-describedby=\"gallery-1-3652\" \/><\/a>\n\t\t\t<\/div>\n\t\t\t\t<figcaption class='wp-caption-text gallery-caption' id='gallery-1-3652'>\n\t\t\t\tSala\n\t\t\t\t<\/figcaption><\/figure><figure class='gallery-item'>\n\t\t\t<div class='gallery-icon landscape'>\n\t\t\t\t<a href='https:\/\/montehorizonte.com\/PT\/wp-content\/uploads\/Casa-Oliveira-Bedroom.jpg'><img loading=\"lazy\" decoding=\"async\" width=\"200\" height=\"150\" src=\"https:\/\/montehorizonte.com\/PT\/wp-content\/uploads\/Casa-Oliveira-Bedroom-200x150.jpg\" class=\"attachment-thumbnail size-thumbnail\" alt=\"F\u00e9rias em Monte Horizonte em Portugal\" aria-describedby=\"gallery-1-3649\" \/><\/a>\n\t\t\t<\/div>\n\t\t\t\t<figcaption class='wp-caption-text gallery-caption' id='gallery-1-3649'>\n\t\t\t\tQuarto\n\t\t\t\t<\/figcaption><\/figure><figure class='gallery-item'>\n\t\t\t<div class='gallery-icon landscape'>\n\t\t\t\t<a href='https:\/\/montehorizonte.com\/PT\/wp-content\/uploads\/Casa-Oliveira-Casa-de-Banho-1.jpg'><img loading=\"lazy\" decoding=\"async\" width=\"200\" height=\"150\" src=\"https:\/\/montehorizonte.com\/PT\/wp-content\/uploads\/Casa-Oliveira-Casa-de-Banho-1-200x150.jpg\" class=\"attachment-thumbnail size-thumbnail\" alt=\"F\u00e9rias em Monte Horizonte em Portugal\" aria-describedby=\"gallery-1-3663\" \/><\/a>\n\t\t\t<\/div>\n\t\t\t\t<figcaption class='wp-caption-text gallery-caption' id='gallery-1-3663'>\n\t\t\t\tCasa de Banho\n\t\t\t\t<\/figcaption><\/figure><figure class='gallery-item'>\n\t\t\t<div class='gallery-icon landscape'>\n\t\t\t\t<a href='https:\/\/montehorizonte.com\/PT\/wp-content\/uploads\/Overview-Monte-Horizonte-Oliveira.jpg'><img loading=\"lazy\" decoding=\"async\" width=\"200\" height=\"150\" src=\"https:\/\/montehorizonte.com\/PT\/wp-content\/uploads\/Overview-Monte-Horizonte-Oliveira-200x150.jpg\" class=\"attachment-thumbnail size-thumbnail\" alt=\"F\u00e9rias em Monte Horizonte em Portugal Casa Oliveira\" aria-describedby=\"gallery-1-3659\" \/><\/a>\n\t\t\t<\/div>\n\t\t\t\t<figcaption class='wp-caption-text gallery-caption' id='gallery-1-3659'>\n\t\t\t\tPlanta\n\t\t\t\t<\/figcaption><\/figure>\n\t\t<\/div>\n\n<p>A nossa disponibilidade est\u00e1 sempre atualizada e voc\u00ea pode v\u00ea-la abaixo. Se voc\u00ea quiser fazer uma reserva clique na data em que as suas f\u00e9rias come\u00e7am no formul\u00e1rio abaixo. Voc\u00ea tamb\u00e9m pode fazer uma reserva por e-mail.<\/p>\n<p><iframe style=\"width: 100%; height: 390px; border: 0;\" src=\"https:\/\/www.avaibook.com\/widgets_propietarios\/loader.php?id=30515&amp;lang=PT\" frameborder=\"0\">Tu navegador no soporta iframes<\/iframe><\/p>\n<p>Esta casa de campo para f\u00e9rias \u00e9 composta por sala, quarto, uma cozinha com utilit\u00e1rios de cozinha, placa de g\u00e1s e frigor\u00edfico. A casa de banho tem duche, sanita, bid\u00ea e lavat\u00f3rio.<\/p>\n<p>Possui um sistema de televis\u00e3o sat\u00e9lite com acesso a canais tais como CNN, etc. Al\u00e9m disso, na sala de estar uma mesa de jantar com cadeiras, uma mesa de caf\u00e9 e 2 cadeir\u00f5es.<\/p>\n<p style=\"text-align: center;\"><div id=\"metaslider-id-2961\" style=\"max-width: 1024px;\" class=\"ml-slider-3-108-0 metaslider metaslider-nivo metaslider-2961 ml-slider has-dots-nav ms-theme-default\" role=\"region\" aria-label=\"Casa Oliveira\" data-height=\"576\" data-width=\"1024\">\n    <div id=\"metaslider_container_2961\">\n        <div class='slider-wrapper theme-default'><div class='ribbon'><\/div><div id='metaslider_2961' class='nivoSlider'><img loading=\"lazy\" decoding=\"async\" src=\"https:\/\/montehorizonte.com\/PT\/wp-content\/uploads\/Casa-Oliveira-Terra\u00e7o-2-1024x576.jpg\" height=\"576\" width=\"1024\" data-caption=\"Terra&ccedil;o\" title=\"Monte Horizonte - Casa Oliveira - Terra\u00e7o\" alt=\"F\u00e9rias em Monte Horizonte em Portugal\" class=\"slider-2961 slide-3873 msDefaultImage\" \/><img loading=\"lazy\" decoding=\"async\" src=\"https:\/\/montehorizonte.com\/PT\/wp-content\/uploads\/Casa-Oliveira-3-1.jpg\" height=\"576\" width=\"1024\" data-caption=\"Casa Oliveira\" title=\"Casa Oliveira\" alt=\"F\u00e9rias em Monte Horizonte em Portugal\" class=\"slider-2961 slide-3087 msDefaultImage\" \/><img loading=\"lazy\" decoding=\"async\" src=\"https:\/\/montehorizonte.com\/PT\/wp-content\/uploads\/Casa-Oliveira-1-1024x576.jpg\" height=\"576\" width=\"1024\" data-caption=\"Cama de rede\" title=\"Monte Horizonte - Casa Oliveira - Cama de rede\" alt=\"F\u00e9rias em Monte Horizonte em Portugal\" class=\"slider-2961 slide-3653 msDefaultImage\" \/><img loading=\"lazy\" decoding=\"async\" src=\"https:\/\/montehorizonte.com\/PT\/wp-content\/uploads\/Overview-Monte-Horizonte-Oliveira-1024x576.jpg\" height=\"576\" width=\"1024\" data-caption=\"Planta\" title=\"Monte Horizonte - Casa Oliveira - Planta\" alt=\"F\u00e9rias em Monte Horizonte em Portugal Casa Oliveira\" class=\"slider-2961 slide-3661 msDefaultImage\" \/><img loading=\"lazy\" decoding=\"async\" src=\"https:\/\/montehorizonte.com\/PT\/wp-content\/uploads\/Pool-3.jpg\" height=\"576\" width=\"1024\" data-caption=\"Piscina\" title=\"Piscina F\u00e9rias em Monte Horizonte em Portugal\" alt=\"F\u00e9rias em Monte Horizonte em Portugal\" class=\"slider-2961 slide-3753 msDefaultImage\" \/><img loading=\"lazy\" decoding=\"async\" src=\"https:\/\/montehorizonte.com\/PT\/wp-content\/uploads\/Casa-Oliveira-Living-1024x576.jpg\" height=\"576\" width=\"1024\" data-caption=\"Sala\" title=\"Monte Horizonte - Casa Oliveira - Sala\" alt=\"F\u00e9rias em Monte Horizonte em Portugal\" class=\"slider-2961 slide-3657 msDefaultImage\" \/><img loading=\"lazy\" decoding=\"async\" src=\"https:\/\/montehorizonte.com\/PT\/wp-content\/uploads\/Casa-Oliveira-Bedroom-1024x576.jpg\" height=\"576\" width=\"1024\" data-caption=\"Quarto\" title=\"Monte Horizonte - Casa Oliveira - Quarto\" alt=\"F\u00e9rias em Monte Horizonte em Portugal\" class=\"slider-2961 slide-3655 msDefaultImage\" \/><img loading=\"lazy\" decoding=\"async\" src=\"https:\/\/montehorizonte.com\/PT\/wp-content\/uploads\/Casa-Oliveira-Cozinha-1-1.jpg\" height=\"576\" width=\"1024\" data-caption=\"Cozinha\" title=\"Casa Oliveira - Cozinha\" alt=\"F\u00e9rias em Monte Horizonte em Portugal\" class=\"slider-2961 slide-3240 msDefaultImage\" \/><img loading=\"lazy\" decoding=\"async\" src=\"https:\/\/montehorizonte.com\/PT\/wp-content\/uploads\/Casa-Oliveira-Casa-de-Banho-1-1024x576.jpg\" height=\"576\" width=\"1024\" data-caption=\"Casa de Banho\" title=\"Casa Oliveira - Casa de banho\" alt=\"F\u00e9rias em Monte Horizonte em Portugal\" class=\"slider-2961 slide-3664 msDefaultImage\" \/><img loading=\"lazy\" decoding=\"async\" src=\"https:\/\/montehorizonte.com\/PT\/wp-content\/uploads\/Casa-Oliveira-Hammock-1024x576.jpg\" height=\"576\" width=\"1024\" data-caption=\"Cama de rede\" title=\"Monte Horizonte - Casa Oliveira - Cama de rede\" alt=\"F\u00e9rias em Monte Horizonte em Portugal\" class=\"slider-2961 slide-3654 msDefaultImage\" \/><img loading=\"lazy\" decoding=\"async\" src=\"https:\/\/montehorizonte.com\/PT\/wp-content\/uploads\/Pool-4-2.jpg\" height=\"576\" width=\"1024\" data-caption=\"Piscina\" title=\"Piscina F\u00e9rias em Monte Horizonte em Portugal\" alt=\"F\u00e9rias em Monte Horizonte em Portugal\" class=\"slider-2961 slide-3723 msDefaultImage\" \/><img loading=\"lazy\" decoding=\"async\" src=\"https:\/\/montehorizonte.com\/PT\/wp-content\/uploads\/Casa-Oliveira-Terra\u00e7o-1.jpg\" height=\"576\" width=\"1024\" data-caption=\"Terra&ccedil;o\" title=\"Casa Oliveira - Terra\u00e7o\" alt=\"F\u00e9rias em Monte Horizonte em Portugal\" class=\"slider-2961 slide-3237 msDefaultImage\" \/><img loading=\"lazy\" decoding=\"async\" src=\"https:\/\/montehorizonte.com\/PT\/wp-content\/uploads\/Pool-5-3.jpg\" height=\"576\" width=\"1024\" data-caption=\"Piscina\" title=\"Piscina F\u00e9rias em Monte Horizonte em Portugal\" alt=\"F\u00e9rias em Monte Horizonte em Portugal\" class=\"slider-2961 slide-3722 msDefaultImage\" \/><\/div><\/div>\n        \n    <\/div>\n<\/div>\n<p>No quarto existem cama casal, roupeiro e roupa de cama. A roupa de cama \u00e9 trocada uma vez por semana e as toalhas duas vezes por semana.<\/p>\n<p>Se desejar, o pequeno-almo\u00e7o pode ser entregue \u00e0 sua porta por um custo adicional.<\/p>\n<p>No terra\u00e7o encontram-se cadeiras, uma mesa e espregui\u00e7adeiras para que desfrute das vistas maravilhosas.<\/p>\n<p>Na casa de campo ainda se encontra um mapa documentado com informa\u00e7\u00e3o acerca da zona circundante.<\/p>\n<p>Para encontrar os nossos pre\u00e7os por dia pesquise pelas datas no calend\u00e1rio de disponibilidade em baixo. Voc\u00ea ver\u00e1 os pre\u00e7os por dia. Se voc\u00ea selecionar um per\u00edodo, o pre\u00e7o total ser\u00e1 exibido.<\/p>\n<table>\n<tbody>\n<tr>\n<td>Sua reserva inclui:<br \/>\n\u2022 Roupa de cama limpa uma vez por semana;<br \/>\n\u2022 Toalhas e panos de cozinha limpos duas vezes por semana;<br \/>\n\u2022 Toalhas de praia e piscina (1,4 x 1,9 metros);<br \/>\n\u2022 Caf\u00e9 e ch\u00e1 ilimitados;<br \/>\n\u2022 Papel higi\u00e9nico;<br \/>\n\u2022 Sab\u00e3o e shampoo;<br \/>\n\u2022 Azeite e vinagre;<br \/>\n\u2022 Sal e pimenta.<\/td>\n<\/tr>\n<\/tbody>\n<\/table>\n<div>\n<figure id=\"attachment_3659\" aria-describedby=\"caption-attachment-3659\" style=\"width: 1074px\" class=\"wp-caption aligncenter\"><img loading=\"lazy\" decoding=\"async\" class=\"wp-image-3659 size-full\" src=\"https:\/\/montehorizonte.com\/PT\/wp-content\/uploads\/Overview-Monte-Horizonte-Oliveira.jpg\" alt=\"F\u00e9rias em Monte Horizonte em Portugal Casa Oliveira\" width=\"1074\" height=\"576\" srcset=\"https:\/\/montehorizonte.com\/PT\/wp-content\/uploads\/Overview-Monte-Horizonte-Oliveira.jpg 1074w, https:\/\/montehorizonte.com\/PT\/wp-content\/uploads\/Overview-Monte-Horizonte-Oliveira-600x322.jpg 600w, https:\/\/montehorizonte.com\/PT\/wp-content\/uploads\/Overview-Monte-Horizonte-Oliveira-1024x549.jpg 1024w, https:\/\/montehorizonte.com\/PT\/wp-content\/uploads\/Overview-Monte-Horizonte-Oliveira-768x412.jpg 768w, https:\/\/montehorizonte.com\/PT\/wp-content\/uploads\/Overview-Monte-Horizonte-Oliveira-800x429.jpg 800w\" sizes=\"auto, (max-width: 1074px) 100vw, 1074px\" \/><figcaption id=\"caption-attachment-3659\" class=\"wp-caption-text\">Planta<\/figcaption><\/figure>\n<p>&nbsp;<\/p>\n<p><span style=\"font-size: 11px;\"><span style=\"font-family: verdana,geneva,sans-serif;\">F\u00e9rias no Alentejo.<\/span><\/span><\/p>\n<\/div>\n","protected":false},"excerpt":{"rendered":"<p>F\u00e9rias no Alentejo &#8211; Casa de F\u00e9rias isolada &#8211; Casa Oliveira. Ocupa\u00e7\u00e3o m\u00e1xima de 2 pessoas. Pre\u00e7os a partir de 75 euros por noite para 2 pessoas. Monte Horizonte \u00e9 um lugar \u00fanico onde o espa\u00e7o, a tranquilidade e o respeito pela natureza e uns pelos outros s\u00e3o centrais. Para continuar a garantir este sentimento,&hellip;<\/p>\n","protected":false},"author":1,"featured_media":2966,"parent":0,"menu_order":3,"comment_status":"closed","ping_status":"closed","template":"","meta":{"_monsterinsights_skip_tracking":false,"_monsterinsights_sitenote_active":false,"_monsterinsights_sitenote_note":"","_monsterinsights_sitenote_category":0,"footnotes":""},"class_list":["post-464","page","type-page","status-publish","has-post-thumbnail","hentry"],"aioseo_notices":[],"_links":{"self":[{"href":"https:\/\/montehorizonte.com\/PT\/wp-json\/wp\/v2\/pages\/464","targetHints":{"allow":["GET"]}}],"collection":[{"href":"https:\/\/montehorizonte.com\/PT\/wp-json\/wp\/v2\/pages"}],"about":[{"href":"https:\/\/montehorizonte.com\/PT\/wp-json\/wp\/v2\/types\/page"}],"author":[{"embeddable":true,"href":"https:\/\/montehorizonte.com\/PT\/wp-json\/wp\/v2\/users\/1"}],"replies":[{"embeddable":true,"href":"https:\/\/montehorizonte.com\/PT\/wp-json\/wp\/v2\/comments?post=464"}],"version-history":[{"count":143,"href":"https:\/\/montehorizonte.com\/PT\/wp-json\/wp\/v2\/pages\/464\/revisions"}],"predecessor-version":[{"id":4075,"href":"https:\/\/montehorizonte.com\/PT\/wp-json\/wp\/v2\/pages\/464\/revisions\/4075"}],"wp:featuredmedia":[{"embeddable":true,"href":"https:\/\/montehorizonte.com\/PT\/wp-json\/wp\/v2\/media\/2966"}],"wp:attachment":[{"href":"https:\/\/montehorizonte.com\/PT\/wp-json\/wp\/v2\/media?parent=464"}],"curies":[{"name":"wp","href":"https:\/\/api.w.org\/{rel}","templated":true}]}}