{"id":460,"date":"2010-11-22T11:41:13","date_gmt":"2010-11-22T11:41:13","guid":{"rendered":"http:\/\/montehorizonte.com\/PT\/"},"modified":"2024-08-20T12:23:22","modified_gmt":"2024-08-20T11:23:22","slug":"casa-sobreiro","status":"publish","type":"page","link":"https:\/\/montehorizonte.com\/PT\/casa-sobreiro\/","title":{"rendered":"Casa Isolada &#8211; Sobreiro T2"},"content":{"rendered":"<p><strong>Vivenda isolada com Piscina para F\u00e9rias no Alentejo &#8211; Casa Sobreiro<\/strong><\/p>\n<p>Ocupa\u00e7\u00e3o m\u00e1xima de 4 pessoas. Pre\u00e7os a partir de 119 euros por noite para 2 pessoas.<\/p>\n<p style=\"text-align: center;\"><span style=\"font-family: verdana,geneva,sans-serif; font-size: 10pt;\"><span class=\"\">Monte Horizonte \u00e9 um lugar \u00fanico onde o espa\u00e7o, a tranquilidade e o respeito pela natureza e uns pelos outros s\u00e3o centrais. Para continuar a garantir este sentimento, as crian\u00e7as menores de 6 anos n\u00e3o s\u00e3o permitidas a partir de 1 de janeiro de 2019.<\/span><\/span><\/p>\n<div id='gallery-1' class='gallery galleryid-460 gallery-columns-6 gallery-size-thumbnail'><figure class='gallery-item'>\n\t\t\t<div class='gallery-icon landscape'>\n\t\t\t\t<a href='https:\/\/montehorizonte.com\/PT\/wp-content\/uploads\/Casa-Sobreiro-Terrace-1.jpg'><img loading=\"lazy\" decoding=\"async\" width=\"200\" height=\"150\" src=\"https:\/\/montehorizonte.com\/PT\/wp-content\/uploads\/Casa-Sobreiro-Terrace-1-200x150.jpg\" class=\"attachment-thumbnail size-thumbnail\" alt=\"F\u00e9rias em Monte Horizonte em Portugal\" aria-describedby=\"gallery-1-3680\" \/><\/a>\n\t\t\t<\/div>\n\t\t\t\t<figcaption class='wp-caption-text gallery-caption' id='gallery-1-3680'>\n\t\t\t\tTerra\u00e7o\n\t\t\t\t<\/figcaption><\/figure><figure class='gallery-item'>\n\t\t\t<div class='gallery-icon landscape'>\n\t\t\t\t<a href='https:\/\/montehorizonte.com\/PT\/wp-content\/uploads\/Casa-Sobreiro-2-1.jpg'><img loading=\"lazy\" decoding=\"async\" width=\"200\" height=\"150\" src=\"https:\/\/montehorizonte.com\/PT\/wp-content\/uploads\/Casa-Sobreiro-2-1-200x150.jpg\" class=\"attachment-thumbnail size-thumbnail\" alt=\"F\u00e9rias em Monte Horizonte em Portugal\" aria-describedby=\"gallery-1-3679\" \/><\/a>\n\t\t\t<\/div>\n\t\t\t\t<figcaption class='wp-caption-text gallery-caption' id='gallery-1-3679'>\n\t\t\t\tTerra\u00e7o\n\t\t\t\t<\/figcaption><\/figure><figure class='gallery-item'>\n\t\t\t<div class='gallery-icon landscape'>\n\t\t\t\t<a href='https:\/\/montehorizonte.com\/PT\/wp-content\/uploads\/Casa-Sobreiro-Living-Room-1.jpg'><img loading=\"lazy\" decoding=\"async\" width=\"200\" height=\"150\" src=\"https:\/\/montehorizonte.com\/PT\/wp-content\/uploads\/Casa-Sobreiro-Living-Room-1-200x150.jpg\" class=\"attachment-thumbnail size-thumbnail\" alt=\"F\u00e9rias em Monte Horizonte em Portugal\" aria-describedby=\"gallery-1-3591\" \/><\/a>\n\t\t\t<\/div>\n\t\t\t\t<figcaption class='wp-caption-text gallery-caption' id='gallery-1-3591'>\n\t\t\t\tSala\n\t\t\t\t<\/figcaption><\/figure><figure class='gallery-item'>\n\t\t\t<div class='gallery-icon landscape'>\n\t\t\t\t<a href='https:\/\/montehorizonte.com\/PT\/wp-content\/uploads\/Casa-Sobreiro-Bedroom1.jpg'><img loading=\"lazy\" decoding=\"async\" width=\"200\" height=\"150\" src=\"https:\/\/montehorizonte.com\/PT\/wp-content\/uploads\/Casa-Sobreiro-Bedroom1-200x150.jpg\" class=\"attachment-thumbnail size-thumbnail\" alt=\"F\u00e9rias em Monte Horizonte em Portugal\" aria-describedby=\"gallery-1-3588\" \/><\/a>\n\t\t\t<\/div>\n\t\t\t\t<figcaption class='wp-caption-text gallery-caption' id='gallery-1-3588'>\n\t\t\t\tQuarto 1\n\t\t\t\t<\/figcaption><\/figure><figure class='gallery-item'>\n\t\t\t<div class='gallery-icon landscape'>\n\t\t\t\t<a href='https:\/\/montehorizonte.com\/PT\/wp-content\/uploads\/Casa-Sobreiro-Casa-de-banho-1.jpg'><img loading=\"lazy\" decoding=\"async\" width=\"200\" height=\"150\" src=\"https:\/\/montehorizonte.com\/PT\/wp-content\/uploads\/Casa-Sobreiro-Casa-de-banho-1-200x150.jpg\" class=\"attachment-thumbnail size-thumbnail\" alt=\"F\u00e9rias em Monte Horizonte em Portugal\" aria-describedby=\"gallery-1-3670\" \/><\/a>\n\t\t\t<\/div>\n\t\t\t\t<figcaption class='wp-caption-text gallery-caption' id='gallery-1-3670'>\n\t\t\t\tCasa de Banho\n\t\t\t\t<\/figcaption><\/figure><figure class='gallery-item'>\n\t\t\t<div class='gallery-icon landscape'>\n\t\t\t\t<a href='https:\/\/montehorizonte.com\/PT\/wp-content\/uploads\/Overview-Monte-Horizonte-sobreiro.jpg'><img loading=\"lazy\" decoding=\"async\" width=\"200\" height=\"150\" src=\"https:\/\/montehorizonte.com\/PT\/wp-content\/uploads\/Overview-Monte-Horizonte-sobreiro-200x150.jpg\" class=\"attachment-thumbnail size-thumbnail\" alt=\"F\u00e9rias em Monte Horizonte em Portugal\" aria-describedby=\"gallery-1-3584\" \/><\/a>\n\t\t\t<\/div>\n\t\t\t\t<figcaption class='wp-caption-text gallery-caption' id='gallery-1-3584'>\n\t\t\t\tLocaliza\u00e7\u00e3o\n\t\t\t\t<\/figcaption><\/figure>\n\t\t<\/div>\n\n<p>A nossa disponibilidade est\u00e1 sempre atualizada e voc\u00ea pode v\u00ea-la abaixo. Se voc\u00ea quiser fazer uma reserva clique na data em que as suas f\u00e9rias come\u00e7am no formul\u00e1rio abaixo. Voc\u00ea tamb\u00e9m pode fazer uma reserva por e-mail.<\/p>\n<p><iframe style=\"width: 100%; height: 390px; border: 0;\" src=\"https:\/\/www.avaibook.com\/widgets_propietarios\/loader.php?id=30518&amp;lang=PT\" frameborder=\"0\">Tu navegador no soporta iframes<\/iframe><\/p>\n<p>Esta vivenda de f\u00e9rias destacada \u00e9 composta por sala, 2 quartos, uma cozinha com fog\u00e3o a g\u00e1s e frigor\u00edfico. A casa de banho tem duche, sanita, bid\u00ea e lavat\u00f3rio.<\/p>\n<p>Possui um sistema de televis\u00e3o sat\u00e9lite com acesso a canais tais como CNN, etc. Na sala h\u00e1 um fog\u00e3o a lenha para poss\u00edvel aquecimento nos meses de inverno.<\/p>\n<p style=\"text-align: center;\"><div id=\"metaslider-id-3039\" style=\"max-width: 1024px;\" class=\"ml-slider-3-108-0 metaslider metaslider-nivo metaslider-3039 ml-slider has-dots-nav ms-theme-default\" role=\"region\" aria-label=\"Casa Sobreiro\" data-height=\"576\" data-width=\"1024\">\n    <div id=\"metaslider_container_3039\">\n        <div class='slider-wrapper theme-default'><div class='ribbon'><\/div><div id='metaslider_3039' class='nivoSlider'><img loading=\"lazy\" decoding=\"async\" src=\"https:\/\/montehorizonte.com\/PT\/wp-content\/uploads\/Casa-Sobreiro-2-1.jpg\" height=\"576\" width=\"1024\" data-caption=\"Terra&ccedil;o\" title=\"Casa-Sobreiro-2-1\" alt=\"F\u00e9rias em Monte Horizonte em Portugal\" class=\"slider-3039 slide-3871 msDefaultImage\" \/><img loading=\"lazy\" decoding=\"async\" src=\"https:\/\/montehorizonte.com\/PT\/wp-content\/uploads\/Pool-3.jpg\" height=\"576\" width=\"1024\" data-caption=\"Piscina\" title=\"Piscina F\u00e9rias em Monte Horizonte em Portugal\" alt=\"F\u00e9rias em Monte Horizonte em Portugal\" class=\"slider-3039 slide-3749 msDefaultImage\" \/><img loading=\"lazy\" decoding=\"async\" src=\"https:\/\/montehorizonte.com\/PT\/wp-content\/uploads\/Overview-Monte-Horizonte-sobreiro-1024x576.jpg\" height=\"576\" width=\"1024\" data-caption=\"Localiza&ccedil;&atilde;o\" title=\"Localiza\u00e7\u00e3o Monte Horizonte Casa Sobreiro\" alt=\"F\u00e9rias em Monte Horizonte em Portugal\" class=\"slider-3039 slide-3585 msDefaultImage\" \/><img loading=\"lazy\" decoding=\"async\" src=\"https:\/\/montehorizonte.com\/PT\/wp-content\/uploads\/Casa-Sobreiro-Living-Room-1024x576.jpg\" height=\"576\" width=\"1024\" data-caption=\"Sala\" title=\"Casa Sobreiro F\u00e9rias em Monte Horizonte em Portugal\" alt=\"F\u00e9rias em Monte Horizonte em Portugal\" class=\"slider-3039 slide-3593 msDefaultImage\" \/><img loading=\"lazy\" decoding=\"async\" src=\"https:\/\/montehorizonte.com\/PT\/wp-content\/uploads\/Casa-Sobreiro-Bedroom1-1024x576.jpg\" height=\"576\" width=\"1024\" data-caption=\"Quarto 1\" title=\"Casa Sobreiro F\u00e9rias em Monte Horizonte em Portugal\" alt=\"F\u00e9rias em Monte Horizonte em Portugal\" class=\"slider-3039 slide-3597 msDefaultImage\" \/><img loading=\"lazy\" decoding=\"async\" src=\"https:\/\/montehorizonte.com\/PT\/wp-content\/uploads\/Casa-Sobreiro-Living-Room-1-1024x576.jpg\" height=\"576\" width=\"1024\" data-caption=\"Sala\" title=\"Casa Sobreiro F\u00e9rias em Monte Horizonte em Portugal\" alt=\"F\u00e9rias em Monte Horizonte em Portugal\" class=\"slider-3039 slide-3594 msDefaultImage\" \/><img loading=\"lazy\" decoding=\"async\" src=\"https:\/\/montehorizonte.com\/PT\/wp-content\/uploads\/Casa-Sobreiro-Bedroom2-1024x576.jpg\" height=\"576\" width=\"1024\" data-caption=\"Quarto 2\" title=\"Casa Sobreiro F\u00e9rias em Monte Horizonte em Portugal\" alt=\"F\u00e9rias em Monte Horizonte em Portugal\" class=\"slider-3039 slide-3596 msDefaultImage\" \/><img loading=\"lazy\" decoding=\"async\" src=\"https:\/\/montehorizonte.com\/PT\/wp-content\/uploads\/Casa-Sobreiro-Casa-de-banho-1-1024x576.jpg\" height=\"576\" width=\"1024\" data-caption=\"Casa de Banho\" title=\"Monte Horizonte - Casa Sobreiro - Casa de Banho\" alt=\"F\u00e9rias em Monte Horizonte em Portugal\" class=\"slider-3039 slide-3671 msDefaultImage\" \/><img loading=\"lazy\" decoding=\"async\" src=\"https:\/\/montehorizonte.com\/PT\/wp-content\/uploads\/Casa-Sobreiro-Cozinha-1024x576.jpg\" height=\"576\" width=\"1024\" data-caption=\"Cozinha\" title=\"Casa Sobreiro - Cozinha\" alt=\"F\u00e9rias em Monte Horizonte em Portugal\" class=\"slider-3039 slide-3282 msDefaultImage\" \/><img loading=\"lazy\" decoding=\"async\" src=\"https:\/\/montehorizonte.com\/PT\/wp-content\/uploads\/Casa-Sobreiro-Terrace-1-1.jpg\" height=\"576\" width=\"1024\" data-caption=\"Casa Sobreiro\" title=\"Casa-Sobreiro-Terrace-1-1\" alt=\"F\u00e9rias em Monte Horizonte em Portugal\" class=\"slider-3039 slide-3682 msDefaultImage\" \/><img loading=\"lazy\" decoding=\"async\" src=\"https:\/\/montehorizonte.com\/PT\/wp-content\/uploads\/Zwembad-Handdoeken.jpg\" height=\"576\" width=\"1024\" data-caption=\"Toalhas de Piscina\" title=\"F\u00e9rias em Monte Horizonte em Portugal Toalhas de Piscina\" alt=\"F\u00e9rias em Monte Horizonte em Portugal Toalhas de Piscina\" class=\"slider-3039 slide-3672 msDefaultImage\" \/><img loading=\"lazy\" decoding=\"async\" src=\"https:\/\/montehorizonte.com\/PT\/wp-content\/uploads\/Pool-4-2.jpg\" height=\"576\" width=\"1024\" data-caption=\"Piscina\" title=\"Piscina F\u00e9rias em Monte Horizonte em Portugal\" alt=\"F\u00e9rias em Monte Horizonte em Portugal\" class=\"slider-3039 slide-3687 msDefaultImage\" \/><img loading=\"lazy\" decoding=\"async\" src=\"https:\/\/montehorizonte.com\/PT\/wp-content\/uploads\/Salamandra-1024x576.jpg\" height=\"576\" width=\"1024\" data-caption=\"Salamandra\" title=\"Salamandra\" alt=\"Casa Mimosa Salamandra F\u00e9rias no Alenejo\" class=\"slider-3039 slide-3865 msDefaultImage\" \/><img loading=\"lazy\" decoding=\"async\" src=\"https:\/\/montehorizonte.com\/PT\/wp-content\/uploads\/Casa-Sobreiro-Terrace-1.jpg\" height=\"576\" width=\"1024\" data-caption=\"Terra&ccedil;o\" title=\"Casa-Sobreiro-Terrace-1\" alt=\"F\u00e9rias em Monte Horizonte em Portugal\" class=\"slider-3039 slide-3931 msDefaultImage\" \/><\/div><\/div>\n        \n    <\/div>\n<\/div>\n<p>Nos meses mais frios de novembro a mar\u00e7o, cobramos 35 euros por semana pela madeira do fog\u00e3o a lenha. Se houver necessidade de aquecimento de madeira em outro per\u00edodo, os custos s\u00e3o de 5 euros por dia.<\/p>\n<p>Um quarto tem cama de casal e o outro quarto tem 2 camas de solteiro com roupa de cama. A roupa de cama \u00e9 trocada uma vez por semana e as toalhas duas vezes por semana.<\/p>\n<p>Se desejar, o pequeno-almo\u00e7o pode ser entregue \u00e0 sua porta por um custo adicional.<\/p>\n<p>No terra\u00e7o encontram-se cadeiras, uma mesa e espregui\u00e7adeiras para que desfrute das vistas maravilhosas.<\/p>\n<p>Na casa de campo ainda se encontra um mapa documentado com informa\u00e7\u00e3o acerca da zona circundante.<\/p>\n<p>Para encontrar os nossos pre\u00e7os por dia pesquise pelas datas no calend\u00e1rio de disponibilidade em baixo. Voc\u00ea ver\u00e1 os pre\u00e7os por dia. Se voc\u00ea selecionar um per\u00edodo, o pre\u00e7o total ser\u00e1 exibido.<\/p>\n<table>\n<tbody>\n<tr>\n<td>Sua reserva inclui:<br \/>\n\u2022 Roupa de cama limpa uma vez por semana;<br \/>\n\u2022 Toalhas e panos de cozinha limpos duas vezes por semana;<br \/>\n\u2022 Toalhas de praia e piscina (1,4 x 1,9 metros);<br \/>\n\u2022 Caf\u00e9 e ch\u00e1 ilimitados;<br \/>\n\u2022 Papel higi\u00e9nico;<br \/>\n\u2022 Sab\u00e3o e shampoo;<br \/>\n\u2022 Azeite e vinagre;<br \/>\n\u2022 Sal e pimenta.<\/td>\n<\/tr>\n<\/tbody>\n<\/table>\n<p><img loading=\"lazy\" decoding=\"async\" class=\"wp-image-3584 size-full\" src=\"https:\/\/montehorizonte.com\/PT\/wp-content\/uploads\/Overview-Monte-Horizonte-sobreiro.jpg\" alt=\"F\u00e9rias em Monte Horizonte em Portugal\" width=\"1250\" height=\"662\" srcset=\"https:\/\/montehorizonte.com\/PT\/wp-content\/uploads\/Overview-Monte-Horizonte-sobreiro.jpg 1250w, https:\/\/montehorizonte.com\/PT\/wp-content\/uploads\/Overview-Monte-Horizonte-sobreiro-600x318.jpg 600w, https:\/\/montehorizonte.com\/PT\/wp-content\/uploads\/Overview-Monte-Horizonte-sobreiro-1024x542.jpg 1024w, https:\/\/montehorizonte.com\/PT\/wp-content\/uploads\/Overview-Monte-Horizonte-sobreiro-768x407.jpg 768w, https:\/\/montehorizonte.com\/PT\/wp-content\/uploads\/Overview-Monte-Horizonte-sobreiro-800x424.jpg 800w\" sizes=\"auto, (max-width: 1250px) 100vw, 1250px\" \/><\/p>\n<p>Localiza\u00e7\u00e3oF\u00e9rias no Alentejo perto da praia. Sil\u00eancio total.<\/p>\n","protected":false},"excerpt":{"rendered":"<p>Vivenda isolada com Piscina para F\u00e9rias no Alentejo &#8211; Casa Sobreiro Ocupa\u00e7\u00e3o m\u00e1xima de 4 pessoas. Pre\u00e7os a partir de 119 euros por noite para 2 pessoas. Monte Horizonte \u00e9 um lugar \u00fanico onde o espa\u00e7o, a tranquilidade e o respeito pela natureza e uns pelos outros s\u00e3o centrais. Para continuar a garantir este sentimento,&hellip;<\/p>\n","protected":false},"author":1,"featured_media":3681,"parent":0,"menu_order":6,"comment_status":"closed","ping_status":"closed","template":"","meta":{"_monsterinsights_skip_tracking":false,"_monsterinsights_sitenote_active":false,"_monsterinsights_sitenote_note":"","_monsterinsights_sitenote_category":0,"footnotes":""},"class_list":["post-460","page","type-page","status-publish","has-post-thumbnail","hentry"],"aioseo_notices":[],"_links":{"self":[{"href":"https:\/\/montehorizonte.com\/PT\/wp-json\/wp\/v2\/pages\/460","targetHints":{"allow":["GET"]}}],"collection":[{"href":"https:\/\/montehorizonte.com\/PT\/wp-json\/wp\/v2\/pages"}],"about":[{"href":"https:\/\/montehorizonte.com\/PT\/wp-json\/wp\/v2\/types\/page"}],"author":[{"embeddable":true,"href":"https:\/\/montehorizonte.com\/PT\/wp-json\/wp\/v2\/users\/1"}],"replies":[{"embeddable":true,"href":"https:\/\/montehorizonte.com\/PT\/wp-json\/wp\/v2\/comments?post=460"}],"version-history":[{"count":134,"href":"https:\/\/montehorizonte.com\/PT\/wp-json\/wp\/v2\/pages\/460\/revisions"}],"predecessor-version":[{"id":4072,"href":"https:\/\/montehorizonte.com\/PT\/wp-json\/wp\/v2\/pages\/460\/revisions\/4072"}],"wp:featuredmedia":[{"embeddable":true,"href":"https:\/\/montehorizonte.com\/PT\/wp-json\/wp\/v2\/media\/3681"}],"wp:attachment":[{"href":"https:\/\/montehorizonte.com\/PT\/wp-json\/wp\/v2\/media?parent=460"}],"curies":[{"name":"wp","href":"https:\/\/api.w.org\/{rel}","templated":true}]}}