{"id":45,"date":"2009-08-05T16:21:17","date_gmt":"2009-08-05T16:21:17","guid":{"rendered":"http:\/\/montehorizonte.com\/PT\/?page_id=45"},"modified":"2021-08-05T23:38:19","modified_gmt":"2021-08-05T22:38:19","slug":"ilha-do-pessegueiro","status":"publish","type":"page","link":"https:\/\/montehorizonte.com\/PT\/ilha-do-pessegueiro\/","title":{"rendered":"Ilha do Pessegueiro"},"content":{"rendered":"<p>&nbsp;<\/p>\n<p><span style=\"font-family: Verdana;\">Informa\u00e7\u00f5es de f\u00e9rias do Alentejo &#8230; que tal uma visita \u00e0 praia da Ilha do Pessegueiro em Porto Covo?<\/span><\/p>\n<p style=\"text-align: center;\"><span style=\"font-family: Verdana;\"><a class=\"highslide\" href=\"http:\/\/www.montehorizonte.com\/PT\/images\/Ilha%20de%20Pessegueiro%203.jpg\"><img loading=\"lazy\" decoding=\"async\" title=\"Clique para ampliar\" src=\"http:\/\/www.montehorizonte.com\/PT\/images\/TN\/Ilha%20de%20Pessegueiro%203.jpg\" alt=\"Forte do Pessegueiro \" width=\"120\" height=\"90\" \/><\/a><span style=\"font-family: Arial;\">\u00a0 <\/span><a class=\"highslide\" href=\"http:\/\/www.montehorizonte.com\/PT\/images\/Ilha%20de%20Pessegueiro%204.jpg\"><span style=\"font-family: Arial;\"><img loading=\"lazy\" decoding=\"async\" title=\"Clique para ampliar\" src=\"http:\/\/www.montehorizonte.com\/PT\/images\/TN\/Ilha%20de%20Pessegueiro%204.jpg\" alt=\"Parque Natural do Sudoeste Alentejano e Costa Vicentina.\" width=\"120\" height=\"90\" \/><\/span><\/a><span style=\"font-family: Arial;\">\u00a0 <\/span><\/span><span style=\"font-family: Verdana;\"><a class=\"highslide\" href=\"http:\/\/www.montehorizonte.com\/PT\/images\/Ilha%20de%20Pessegueiro%205.jpg\"><img loading=\"lazy\" decoding=\"async\" title=\"Clique para ampliar\" src=\"http:\/\/www.montehorizonte.com\/PT\/images\/TN\/Ilha%20de%20Pessegueiro%205.jpg\" alt=\"Forte do Pessegueiro \" width=\"120\" height=\"90\" \/><\/a><span style=\"font-family: Arial;\">\u00a0 <\/span><a class=\"highslide\" href=\"http:\/\/www.montehorizonte.com\/PT\/images\/Ilha%20de%20Pessegueiro%206.jpg\"><span style=\"font-family: Arial;\"><img loading=\"lazy\" decoding=\"async\" title=\"Clique para ampliar\" src=\"http:\/\/www.montehorizonte.com\/PT\/images\/Ilha%20de%20Pessegueiro%206.jpg\" alt=\"Parque Natural do Sudoeste Alentejano e Costa Vicentina.\" width=\"120\" height=\"90\" \/><\/span><\/a><span style=\"font-family: Arial;\">\u00a0\u00a0<\/span><a class=\"highslide\" href=\"http:\/\/www.montehorizonte.com\/PT\/images\/Ilha%20de%20Pessegueiro%207.jpg\"><span style=\"font-family: Arial;\"><img loading=\"lazy\" decoding=\"async\" title=\"Clique para ampliar\" src=\"http:\/\/www.montehorizonte.com\/PT\/images\/TN\/Ilha%20de%20Pessegueiro%207.jpg\" alt=\"porto covo\" width=\"120\" height=\"90\" \/><\/span><\/a><\/span><\/p>\n<p><span style=\"font-family: verdana,geneva,sans-serif;\">Anima\u00e7\u00e3o de 1 de julho at\u00e9 15 de setembro: <\/span><\/p>\n<p><span style=\"font-family: verdana,geneva,sans-serif;\">&#8211; Barcos a pedais e a remos<br \/>\n<\/span><\/p>\n<p><span style=\"font-family: verdana,geneva,sans-serif;\">&#8211; Canoas<\/span><\/p>\n<p><span style=\"font-family: verdana,geneva,sans-serif;\">&#8211; Parede de escalada<\/span><\/p>\n<p><span style=\"font-family: verdana,geneva,sans-serif;\">&#8211; Slide<\/span><\/p>\n<p><span style=\"font-family: verdana,geneva,sans-serif;\">&#8211; Ski<\/span><\/p>\n<p><span style=\"font-family: verdana,geneva,sans-serif;\">&#8211; Banana<\/span><\/p>\n<p>&nbsp;<\/p>\n<p><span style=\"font-family: Verdana;\">A llha do Pessegueiro localiza-se na costa do Alentejo Litoral, ao largo da freguesia de Porto Covo, no concelho de Sines, Distrito de Set\u00fabal, em Portugal. A ilha, assim como a costa adjacente, faz parte do Parque Natural do Sudoeste Alentejano e Costa Vicentina.<\/span><\/p>\n<p style=\"text-align: center;\"><span style=\"font-family: Verdana;\"><a class=\"highslide\" href=\"http:\/\/www.montehorizonte.com\/PT\/images\/Ilha%20de%20Pessegueiro%208.jpg\"><img loading=\"lazy\" decoding=\"async\" title=\"Clique para ampliar\" src=\"http:\/\/www.montehorizonte.com\/PT\/images\/TN\/Ilha%20de%20Pessegueiro%208.jpg\" alt=\"Forte do Pessegueiro \" width=\"120\" height=\"90\" \/><\/a><span style=\"font-family: Arial;\">\u00a0 <\/span><a class=\"highslide\" href=\"http:\/\/www.montehorizonte.com\/PT\/images\/Ilha%20de%20Pessegueiro%209.jpg\"><span style=\"font-family: Arial;\"><img loading=\"lazy\" decoding=\"async\" title=\"Clique para ampliar\" src=\"http:\/\/www.montehorizonte.com\/PT\/images\/TN\/Ilha%20de%20Pessegueiro%209.jpg\" alt=\"Parque Natural do Sudoeste Alentejano e Costa Vicentina.\" width=\"120\" height=\"90\" \/><\/span><\/a><span style=\"font-family: Arial;\">\u00a0 <\/span><a class=\"highslide\" href=\"http:\/\/www.montehorizonte.com\/PT\/images\/Ilha%20de%20Pessegueiro%20Castle.jpg\"><span style=\"font-family: Arial;\"><img loading=\"lazy\" decoding=\"async\" title=\"Clique para ampliar\" src=\"http:\/\/www.montehorizonte.com\/PT\/images\/TN\/Ilha%20de%20Pessegueiro%20Castle.jpg\" alt=\"porto covo\" width=\"120\" height=\"90\" \/><\/span><\/a><\/span><span style=\"font-family: Verdana;\"><span style=\"font-family: Arial;\">\u00a0<\/span><\/span><span style=\"font-family: Verdana;\"><span style=\"font-family: Arial;\">\u00a0<\/span><\/span><span style=\"font-family: Verdana;\"><a class=\"highslide\" href=\"http:\/\/www.montehorizonte.com\/PT\/images\/Ilha de Pessegueiro 2.jpg\"><span style=\"font-family: Arial;\"><img loading=\"lazy\" decoding=\"async\" title=\"Clique para ampliar\" src=\"http:\/\/www.montehorizonte.com\/PT\/images\/TN\/Ilha de Pessegueiro 2.jpg\" alt=\"porto covo\" width=\"120\" height=\"90\" \/><\/span><\/a><\/span><\/p>\n<p><span style=\"font-family: Verdana;\">Os estudiosos acreditam que a ocupa\u00e7\u00e3o desta costa remonta a navegadores cartagineses, em \u00e9poca anterior \u00e0 segunda guerra p\u00fanica (218-202 a.C.). \u00c0 \u00e9poca da Invas\u00e3o romana da Pen\u00ednsula Ib\u00e9rica, a ilha abrigou um pequeno centro pesqueiro, conforme atestam os vest\u00edgios, recentemente descobertos, de tanques de salga.<\/span><\/p>\n<p><span style=\"font-family: Verdana;\">\u00c0 \u00e9poca da Dinastia Filipina, projectou-se ampliar aquele ancoradouro natural com o objectivo de evitar que cors\u00e1rios o usassem como ponto de apoio naquele trecho do litoral. Um enrocamento artificial de pedras ligaria a ilha do Pessegueiro \u00e0 linha costeira.<\/span><\/p>\n<p><span style=\"font-family: Verdana;\">A partir de 1590, no \u00e2mbito desse projecto, foi iniciado, em posi\u00e7\u00e3o dominante na ilha, a edifica\u00e7\u00e3o do Forte de Santo Alberto, com a fun\u00e7\u00e3o de cruzar fogos com o Forte de Nossa Senhora da Queimada, que lhe era fronteiro, no continente.<\/span><\/p>\n<p><span style=\"font-family: Verdana;\">Os trabalhos no projecto do Pessegueiro foram interrompidos em 1598 diante da transfer\u00eancia do seu respons\u00e1vel para as obras do Forte de Vila Nova de Milfontes, jamais tendo sido completadas.<\/span><\/p>\n<div>\n<p style=\"text-align: center;\"><!-- 4) This is how you mark up the thumbnail image with an anchor tag around it. The anchor's href attribute defines the URL of the full-size image. --><!-- 5 (optional). This is how you mark up the caption. The id contains is referenced to in the second argument of hs.expand above. --><\/p>\n<div class=\"highslide-caption\">F\u00e9rias no Alentejo, Turismo Rural e Casas de Campo<\/div>\n<div class=\"highslide-caption\"><\/div>\n<div id=\"caption1\" class=\"highslide-caption\">Ilha de Pessegueiro<\/div>\n<div id=\"caption2\" class=\"highslide-caption\">Forte\u00a0de Pessegueiro<\/div>\n<\/div>\n","protected":false},"excerpt":{"rendered":"<p>&nbsp; Informa\u00e7\u00f5es de f\u00e9rias do Alentejo &#8230; que tal uma visita \u00e0 praia da Ilha do Pessegueiro em Porto Covo? \u00a0 \u00a0 \u00a0 \u00a0\u00a0 Anima\u00e7\u00e3o de 1 de julho at\u00e9 15 de setembro: &#8211; Barcos a pedais e a remos &#8211; Canoas &#8211; Parede de escalada &#8211; Slide &#8211; Ski &#8211; Banana &nbsp; A llha&hellip;<\/p>\n","protected":false},"author":1,"featured_media":0,"parent":0,"menu_order":0,"comment_status":"closed","ping_status":"closed","template":"","meta":{"_monsterinsights_skip_tracking":false,"_monsterinsights_sitenote_active":false,"_monsterinsights_sitenote_note":"","_monsterinsights_sitenote_category":0,"footnotes":""},"class_list":["post-45","page","type-page","status-publish","hentry"],"aioseo_notices":[],"_links":{"self":[{"href":"https:\/\/montehorizonte.com\/PT\/wp-json\/wp\/v2\/pages\/45","targetHints":{"allow":["GET"]}}],"collection":[{"href":"https:\/\/montehorizonte.com\/PT\/wp-json\/wp\/v2\/pages"}],"about":[{"href":"https:\/\/montehorizonte.com\/PT\/wp-json\/wp\/v2\/types\/page"}],"author":[{"embeddable":true,"href":"https:\/\/montehorizonte.com\/PT\/wp-json\/wp\/v2\/users\/1"}],"replies":[{"embeddable":true,"href":"https:\/\/montehorizonte.com\/PT\/wp-json\/wp\/v2\/comments?post=45"}],"version-history":[{"count":20,"href":"https:\/\/montehorizonte.com\/PT\/wp-json\/wp\/v2\/pages\/45\/revisions"}],"predecessor-version":[{"id":3966,"href":"https:\/\/montehorizonte.com\/PT\/wp-json\/wp\/v2\/pages\/45\/revisions\/3966"}],"wp:attachment":[{"href":"https:\/\/montehorizonte.com\/PT\/wp-json\/wp\/v2\/media?parent=45"}],"curies":[{"name":"wp","href":"https:\/\/api.w.org\/{rel}","templated":true}]}}