{"id":41,"date":"2009-08-05T16:20:12","date_gmt":"2009-08-05T16:20:12","guid":{"rendered":"http:\/\/montehorizonte.com\/PT\/?page_id=41"},"modified":"2021-08-15T19:24:44","modified_gmt":"2021-08-15T18:24:44","slug":"festival-musicas-do-mundo","status":"publish","type":"page","link":"https:\/\/montehorizonte.com\/PT\/festival-musicas-do-mundo\/","title":{"rendered":"Festival M\u00fasicas do Mundo"},"content":{"rendered":"<p>&nbsp;<\/p>\n<p><span style=\"font-family: verdana,geneva,sans-serif;\">Informa\u00e7\u00f5es sobre o maior Festival M\u00fasicas do Mundo em Portugal, no Alentejo.<\/span><\/p>\n<p><span style=\"font-size: 12px;\"><span style=\"font-family: verdana,geneva,sans-serif;\">Todos os anos, durante o \u00faltimo fim de semana de Julho, o maior evento Portugu\u00eas na \u00e1rea da world music \u00e9 realizado em Sines, o Festival M\u00fasicas do Mundo. <\/span><\/span><\/p>\n<p>Um dos locais do festival \u00e9 o Castelo de Sines, um espa\u00e7o bem definido, onde podemos assistir a v\u00e1rias riquezas das mais diferentes express\u00f5es culturais do mundo, que \u00e9 considerado um dos eventos culturais mais importantes do pa\u00eds.<\/p>\n<p>&nbsp;<\/p>\n<p><span style=\"font-size: 12px;\"><span style=\"font-family: verdana,geneva,sans-serif;\">F\u00e9rias no Alentejo, Turismo Rural e Casas de Campo.<\/span><\/span><\/p>\n<div>\n<div>\n<div>\n<div>\n<div>\n<div>\n<div>\n<div>\n<div>\n<div>\n<div>\n<div>\n<div>\n<div>\n<div>\n<div>\n<div><span style=\"font-family: Verdana; font-size: small;\"><span style=\"font-family: Verdana; font-size: small;\"><span style=\"font-family: Verdana; font-size: small;\"><span style=\"font-family: Verdana; font-size: small;\"><span style=\"font-family: Verdana; font-size: small;\"><span style=\"font-family: Verdana; font-size: small;\"><span style=\"font-family: Verdana; font-size: small;\"><span style=\"font-family: Verdana; font-size: small;\"><span style=\"font-family: Verdana; font-size: small;\"><span style=\"font-family: Verdana; font-size: small;\">\u00a0<\/span><\/span><\/span><\/span><\/span><\/span><\/span><\/span><\/span><\/span><\/div>\n<\/div>\n<\/div>\n<\/div>\n<\/div>\n<\/div>\n<\/div>\n<\/div>\n<\/div>\n<\/div>\n<\/div>\n<\/div>\n<\/div>\n<\/div>\n<\/div>\n<\/div>\n<\/div>\n","protected":false},"excerpt":{"rendered":"<p>&nbsp; Informa\u00e7\u00f5es sobre o maior Festival M\u00fasicas do Mundo em Portugal, no Alentejo. Todos os anos, durante o \u00faltimo fim de semana de Julho, o maior evento Portugu\u00eas na \u00e1rea da world music \u00e9 realizado em Sines, o Festival M\u00fasicas do Mundo. Um dos locais do festival \u00e9 o Castelo de Sines, um espa\u00e7o bem&hellip;<\/p>\n","protected":false},"author":1,"featured_media":0,"parent":0,"menu_order":0,"comment_status":"closed","ping_status":"closed","template":"","meta":{"_monsterinsights_skip_tracking":false,"_monsterinsights_sitenote_active":false,"_monsterinsights_sitenote_note":"","_monsterinsights_sitenote_category":0,"footnotes":""},"class_list":["post-41","page","type-page","status-publish","hentry"],"aioseo_notices":[],"_links":{"self":[{"href":"https:\/\/montehorizonte.com\/PT\/wp-json\/wp\/v2\/pages\/41","targetHints":{"allow":["GET"]}}],"collection":[{"href":"https:\/\/montehorizonte.com\/PT\/wp-json\/wp\/v2\/pages"}],"about":[{"href":"https:\/\/montehorizonte.com\/PT\/wp-json\/wp\/v2\/types\/page"}],"author":[{"embeddable":true,"href":"https:\/\/montehorizonte.com\/PT\/wp-json\/wp\/v2\/users\/1"}],"replies":[{"embeddable":true,"href":"https:\/\/montehorizonte.com\/PT\/wp-json\/wp\/v2\/comments?post=41"}],"version-history":[{"count":12,"href":"https:\/\/montehorizonte.com\/PT\/wp-json\/wp\/v2\/pages\/41\/revisions"}],"predecessor-version":[{"id":3990,"href":"https:\/\/montehorizonte.com\/PT\/wp-json\/wp\/v2\/pages\/41\/revisions\/3990"}],"wp:attachment":[{"href":"https:\/\/montehorizonte.com\/PT\/wp-json\/wp\/v2\/media?parent=41"}],"curies":[{"name":"wp","href":"https:\/\/api.w.org\/{rel}","templated":true}]}}