{"id":40,"date":"2009-08-06T07:10:51","date_gmt":"2009-08-06T07:10:51","guid":{"rendered":"http:\/\/montehorizonte.com\/PT\/?page_id=40"},"modified":"2021-08-15T19:29:36","modified_gmt":"2021-08-15T18:29:36","slug":"surf","status":"publish","type":"page","link":"https:\/\/montehorizonte.com\/PT\/surf\/","title":{"rendered":"Surf"},"content":{"rendered":"<p>&nbsp;<\/p>\n<p><span style=\"font-family: verdana,geneva,sans-serif;\">Informa\u00e7\u00f5es sobre Surf e f\u00e9rias na costa Alentejana.<\/span><\/p>\n<table border=\"0\" cellspacing=\"5\" cellpadding=\"5\">\n<tbody>\n<tr>\n<td><span style=\"font-size: 12px;\"><span style=\"font-family: verdana,geneva,sans-serif;\">A Costa Alentejana \u00e9 \u00f3tima tamb\u00e9m para praticantes de surf. E para os que querem aprender a surfar existem v\u00e1rias escolas de surf. Poder\u00e3o colocar as crian\u00e7as, durante uma semana no campo de f\u00e9rias de surf, que se situa apenas a 15 minutos da moradia de f\u00e9rias \u2013 Monte Horizonte. Este \u00e9 um exemplo de uma escola de surf:<\/span><\/span><\/p>\n<p><span style=\"font-size: 12px;\"><span style=\"font-family: verdana,geneva,sans-serif;\">Costazul Surf Alentejo \u00e9 um projeto que nasceu na costa alentejana no ano de 2003. <\/span><\/span><\/p>\n<p><span style=\"font-size: 12px;\"><span style=\"font-family: verdana,geneva,sans-serif;\">As belas praias e o clima perfeito desta regi\u00e3o, fazem com que seja um dos melhores locais para passar f\u00e9rias e aprender a surfar. <\/span><\/span><\/td>\n<td align=\"right\" valign=\"middle\" width=\"200\"><span style=\"font-size: 12px;\"><span style=\"font-family: verdana,geneva,sans-serif;\"><img loading=\"lazy\" decoding=\"async\" title=\"Surf Camp Alentejo Portugal\" src=\"http:\/\/montehorizonte.com\/PT\/images\/Surf%20Camp.jpg\" alt=\"Surf Alentejo Portugal\" width=\"280\" height=\"210\" align=\"middle\" border=\"0\" hspace=\"11\" vspace=\"11\" \/><\/span><\/span><\/td>\n<\/tr>\n<tr>\n<td width=\"200\"><span style=\"font-size: 12px;\"><span style=\"font-family: verdana,geneva,sans-serif;\"><img loading=\"lazy\" decoding=\"async\" title=\"Sao Torpes Surf Alentejo Portugal\" src=\"http:\/\/montehorizonte.com\/PT\/images\/Surf.jpg\" alt=\"Sao Torpes Surf Alentejo Portugal\" width=\"280\" height=\"227\" border=\"0\" \/><\/span><\/span><\/td>\n<td><span style=\"font-size: 12px;\"><span style=\"font-family: verdana,geneva,sans-serif;\">Costazul Surf trata-se de um projecto para todos. De iniciantes a atletas de alta competi\u00e7\u00e3o de todas as idades e nacionalidades podem frequentar as aulas de surf, sec\u00e7\u00f5es livres ou outras atividades que podemos oferecer durante o dia. <\/span><\/span><\/p>\n<p><span style=\"font-size: 12px;\"><span style=\"font-family: verdana,geneva,sans-serif;\">Uma vasta equipa de instrutores estar\u00e3o sempre presentes a todo o momento, mostrando tudo o que o mar pode oferecer. <\/span><\/span><\/p>\n<p><span style=\"font-family: verdana, geneva, sans-serif; font-size: 10pt;\">Se aprecias estar perto da natureza e experi\u00eancia emocionantes, como estar no topo de uma onda, est\u00e1 no local exacto, COSTAZUL SURF.<\/span><\/p>\n<p><span style=\"font-family: verdana, geneva, sans-serif; font-size: 10pt;\">A filosofia de COSTAZUL SURF \u00e9 implementar um estilo de vida, para tal dispomos para ti:<\/span><\/td>\n<\/tr>\n<tr>\n<td><span style=\"font-size: 12px;\"><span style=\"font-family: verdana,geneva,sans-serif;\">\u00a0<\/span><\/span><\/p>\n<p><span style=\"font-size: 12px;\"><span style=\"font-family: verdana,geneva,sans-serif;\">\u00a0<\/span><\/span><\/p>\n<ul>\n<li><span style=\"font-size: 12px;\"><span style=\"font-family: verdana,geneva,sans-serif;\"><span style=\"color: #000000;\">Costazul Surf School, aulas de surf. <\/span><\/span><\/span><\/li>\n<li><span style=\"font-size: 12px;\"><span style=\"font-family: verdana,geneva,sans-serif;\"><span style=\"color: #000000;\">Costazul Surf Shop, onde encontras tudo o que precisas para surfar. <\/span><\/span><\/span><\/li>\n<li><span style=\"font-size: 12px;\"><span style=\"font-family: verdana,geneva,sans-serif;\"><span style=\"color: #000000;\">Costazul Surf Camp, onde poder\u00e1s dormir. <\/span><\/span><\/span><\/li>\n<\/ul>\n<p><span style=\"font-size: 12px;\"><span style=\"font-family: verdana,geneva,sans-serif;\">Temos como nosso objetivo &#8211; implementar, desenvolver e divulgar o surf na Costa Alentejana sendo esta uma das melhores zonas para esta pratica em Portugal e na Europa. <\/span><\/span><\/td>\n<td><span style=\"font-size: 12px;\"><span style=\"font-family: verdana,geneva,sans-serif;\"><img loading=\"lazy\" decoding=\"async\" title=\"Surf School Alentejo Portugal\" src=\"http:\/\/montehorizonte.com\/PT\/images\/Surf%20Camp%201.jpg\" alt=\"Surf Alentejo Portugal\" width=\"280\" height=\"210\" align=\"middle\" border=\"0\" hspace=\"11\" vspace=\"11\" \/><\/span><\/span><\/td>\n<\/tr>\n<tr>\n<td><span style=\"font-size: 12px;\"><span style=\"font-family: verdana,geneva,sans-serif;\"><img loading=\"lazy\" decoding=\"async\" title=\"Surf on the Sao Torpes Beach Alentejo Portugal\" src=\"http:\/\/montehorizonte.com\/PT\/images\/Sao%20Torpes%20Surf%201.jpg\" alt=\"Sao Torpes Beach Alentejo Portugal\" width=\"280\" height=\"210\" align=\"middle\" border=\"0\" hspace=\"11\" vspace=\"11\" \/><\/span><\/span><\/td>\n<td><span style=\"font-size: 12px;\"><span style=\"font-family: verdana,geneva,sans-serif;\">\u00a0<\/span><\/span><\/p>\n<p><span style=\"font-size: 12px;\"><span style=\"font-family: verdana,geneva,sans-serif;\">A inser\u00e7\u00e3o no parque natural do sudoeste alentejano, o nosso tipo de praias, clima e as constantes ondula\u00e7\u00f5es proporcionam dias inesquec\u00edveis a todos os amantes desta modalidade em grande crescimento.<br \/>\n<\/span><\/span><\/p>\n<p><span style=\"font-size: 12px;\"><span style=\"font-family: verdana,geneva,sans-serif;\">Pretendemos tamb\u00e9m que o crescimento seja feito de forma organizada e saud\u00e1vel.<br \/>\nDamos o nosso contributo atrav\u00e9s dos nossos servi\u00e7os devidamente licenciados pelo Parque Natural, Dire\u00e7\u00e3o Geral Do Turismo, Capitania do Porto de Sines e C\u00e2mara Municipal de Sines.<\/span><\/span><\/td>\n<\/tr>\n<\/tbody>\n<\/table>\n<p style=\"text-align: center;\"><iframe loading=\"lazy\" title=\"YouTube video player\" src=\"http:\/\/www.youtube.com\/embed\/rFquHrvtvtw\" width=\"480\" height=\"390\" frameborder=\"0\" allowfullscreen=\"allowfullscreen\"><\/iframe><\/p>\n","protected":false},"excerpt":{"rendered":"<p>&nbsp; Informa\u00e7\u00f5es sobre Surf e f\u00e9rias na costa Alentejana. A Costa Alentejana \u00e9 \u00f3tima tamb\u00e9m para praticantes de surf. E para os que querem aprender a surfar existem v\u00e1rias escolas de surf. Poder\u00e3o colocar as crian\u00e7as, durante uma semana no campo de f\u00e9rias de surf, que se situa apenas a 15 minutos da moradia de&hellip;<\/p>\n","protected":false},"author":1,"featured_media":0,"parent":0,"menu_order":0,"comment_status":"closed","ping_status":"closed","template":"","meta":{"_monsterinsights_skip_tracking":false,"_monsterinsights_sitenote_active":false,"_monsterinsights_sitenote_note":"","_monsterinsights_sitenote_category":0,"footnotes":""},"class_list":["post-40","page","type-page","status-publish","hentry"],"aioseo_notices":[],"_links":{"self":[{"href":"https:\/\/montehorizonte.com\/PT\/wp-json\/wp\/v2\/pages\/40","targetHints":{"allow":["GET"]}}],"collection":[{"href":"https:\/\/montehorizonte.com\/PT\/wp-json\/wp\/v2\/pages"}],"about":[{"href":"https:\/\/montehorizonte.com\/PT\/wp-json\/wp\/v2\/types\/page"}],"author":[{"embeddable":true,"href":"https:\/\/montehorizonte.com\/PT\/wp-json\/wp\/v2\/users\/1"}],"replies":[{"embeddable":true,"href":"https:\/\/montehorizonte.com\/PT\/wp-json\/wp\/v2\/comments?post=40"}],"version-history":[{"count":22,"href":"https:\/\/montehorizonte.com\/PT\/wp-json\/wp\/v2\/pages\/40\/revisions"}],"predecessor-version":[{"id":3993,"href":"https:\/\/montehorizonte.com\/PT\/wp-json\/wp\/v2\/pages\/40\/revisions\/3993"}],"wp:attachment":[{"href":"https:\/\/montehorizonte.com\/PT\/wp-json\/wp\/v2\/media?parent=40"}],"curies":[{"name":"wp","href":"https:\/\/api.w.org\/{rel}","templated":true}]}}