{"id":38,"date":"2009-08-05T16:19:08","date_gmt":"2009-08-05T16:19:08","guid":{"rendered":"http:\/\/montehorizonte.com\/PT\/?page_id=38"},"modified":"2021-08-15T18:54:39","modified_gmt":"2021-08-15T17:54:39","slug":"safari-no-alentejo","status":"publish","type":"page","link":"https:\/\/montehorizonte.com\/PT\/safari-no-alentejo\/","title":{"rendered":"Safari no Alentejo"},"content":{"rendered":"<p>&nbsp;<\/p>\n<p><span style=\"font-size: 12px;\"><span style=\"font-family: verdana,geneva,sans-serif;\">Informa\u00e7\u00f5es sobre um passeio no safari no Alentejo durante as suas f\u00e9rias.<\/span><\/span><span style=\"font-size: 12px;\"><span style=\"font-family: verdana,geneva,sans-serif;\"><br \/>\n<\/span><\/span><\/p>\n<table style=\"width: 0px; height: 0px;\" border=\"0\" cellspacing=\"5\" cellpadding=\"5\">\n<tbody>\n<tr>\n<td style=\"text-align: center;\"><span style=\"font-size: 12px;\"><span style=\"font-family: verdana,geneva,sans-serif;\">\u00a0<\/span><\/span><\/p>\n<p><span style=\"font-size: 12px;\"><span style=\"font-family: verdana,geneva,sans-serif;\"><img loading=\"lazy\" decoding=\"async\" class=\"image alignleft\" title=\"Safari, Alentejo Place: Badoca Park Photo: Badoca Park\" src=\"http:\/\/montehorizonte.com\/images\/Girafe.jpg\" alt=\"Safari, Alentejo Place: Badoca Park Photo: Badoca Park\" width=\"225\" height=\"288\" align=\"left\" border=\"0\" \/><\/span><\/span><\/td>\n<td>\n<p style=\"text-align: left;\"><span style=\"font-size: 12px;\"><span style=\"font-family: verdana,geneva,sans-serif;\"><span class=\"bold\">De entre um arbusto surge um rugido assustador, ao longe v\u00eaem-se pesco\u00e7os altos a deliciarem-se nas copas das \u00e1rvores e, de repente, um canguru surge aos saltos.<\/span><\/span><\/span><\/p>\n<p><span class=\"grayNormalText\" style=\"font-family: verdana, geneva, sans-serif; font-size: 10pt;\">Poder-se-ia tratar de um momento na savana africana. Mas n\u00e3o. Isto \u00e9 o que lhe reserva o Badoca Park, no cora\u00e7\u00e3o do Alentejo. <\/span><\/p>\n<p><span style=\"font-family: verdana, geneva, sans-serif; font-size: 10pt;\">N\u00e3o perca a oportunidade e pegue na sua m\u00e1quina fotogr\u00e1fica e v\u00e1 at\u00e9 \u00e0 Herdade da Badoca, Vila Nova de Santo Andr\u00e9, e embarque num atrelados puxados por tratores, que formam uma esp\u00e9cie de comboio, e saboreie as explica\u00e7\u00f5es que v\u00e3o sendo dadas por um guia.<\/span><\/p>\n<p style=\"text-align: left;\"><span style=\"font-size: 12px;\"><span style=\"font-family: verdana,geneva,sans-serif;\"><span class=\"grayNormalText\">\u00c9 que aqui, no Badoca Park, vai poder tirar as melhores fotos da sua vida! Fotografe os amea\u00e7adores tigres, as majestosas girafas, os nervosos cangurus, zebras, iaques, b\u00fafalos, lamas, veados, gamos, avestruzes, chimpanz\u00e9s e tamb\u00e9m os mais familiares vacas, burros e ovelhas. <\/span><\/span><\/span><\/p>\n<p><span style=\"font-family: verdana, geneva, sans-serif; font-size: 10pt;\">Depois de uma hora em cheio na selva v\u00e1 at\u00e9 ao restaurante. Pelo caminho descubra uma deslumbrante variedade de aves ex\u00f3ticas, numa gaiola gigante cujo chilrear o embalar\u00e1 durante uma refei\u00e7\u00e3o com os t\u00edpicos sabores alentejanos.<\/span><\/td>\n<\/tr>\n<\/tbody>\n<\/table>\n<p><span style=\"font-size: 12px;\"><span style=\"font-family: verdana,geneva,sans-serif;\"><br \/>\n<\/span><\/span><span style=\"font-family: verdana,geneva,sans-serif;\">Safari no Alentejo, Turismo Rural e Casas de Campo<br \/>\n<\/span><\/p>\n","protected":false},"excerpt":{"rendered":"<p>&nbsp; Informa\u00e7\u00f5es sobre um passeio no safari no Alentejo durante as suas f\u00e9rias. \u00a0 De entre um arbusto surge um rugido assustador, ao longe v\u00eaem-se pesco\u00e7os altos a deliciarem-se nas copas das \u00e1rvores e, de repente, um canguru surge aos saltos. Poder-se-ia tratar de um momento na savana africana. Mas n\u00e3o. Isto \u00e9 o que&hellip;<\/p>\n","protected":false},"author":1,"featured_media":0,"parent":0,"menu_order":0,"comment_status":"closed","ping_status":"closed","template":"","meta":{"_monsterinsights_skip_tracking":false,"_monsterinsights_sitenote_active":false,"_monsterinsights_sitenote_note":"","_monsterinsights_sitenote_category":0,"footnotes":""},"class_list":["post-38","page","type-page","status-publish","hentry"],"aioseo_notices":[],"_links":{"self":[{"href":"https:\/\/montehorizonte.com\/PT\/wp-json\/wp\/v2\/pages\/38","targetHints":{"allow":["GET"]}}],"collection":[{"href":"https:\/\/montehorizonte.com\/PT\/wp-json\/wp\/v2\/pages"}],"about":[{"href":"https:\/\/montehorizonte.com\/PT\/wp-json\/wp\/v2\/types\/page"}],"author":[{"embeddable":true,"href":"https:\/\/montehorizonte.com\/PT\/wp-json\/wp\/v2\/users\/1"}],"replies":[{"embeddable":true,"href":"https:\/\/montehorizonte.com\/PT\/wp-json\/wp\/v2\/comments?post=38"}],"version-history":[{"count":18,"href":"https:\/\/montehorizonte.com\/PT\/wp-json\/wp\/v2\/pages\/38\/revisions"}],"predecessor-version":[{"id":3984,"href":"https:\/\/montehorizonte.com\/PT\/wp-json\/wp\/v2\/pages\/38\/revisions\/3984"}],"wp:attachment":[{"href":"https:\/\/montehorizonte.com\/PT\/wp-json\/wp\/v2\/media?parent=38"}],"curies":[{"name":"wp","href":"https:\/\/api.w.org\/{rel}","templated":true}]}}