{"id":36,"date":"2009-08-05T16:18:45","date_gmt":"2009-08-05T16:18:45","guid":{"rendered":"http:\/\/montehorizonte.com\/PT\/?page_id=36"},"modified":"2021-08-22T18:57:02","modified_gmt":"2021-08-22T17:57:02","slug":"viagem-aos-golfinhos","status":"publish","type":"page","link":"https:\/\/montehorizonte.com\/PT\/viagem-aos-golfinhos\/","title":{"rendered":"Viagem aos Golfinhos"},"content":{"rendered":"<p>&nbsp;<\/p>\n<p><span style=\"font-family: verdana,geneva,sans-serif;\">Informa\u00e7\u00f5es de f\u00e9rias sobre uma a rota dos golfinhos que voc\u00ea pode fazer durante as suas f\u00e9rias.<\/span><\/p>\n<table border=\"0\" width=\"100%\">\n<tbody>\n<tr>\n<td><span style=\"font-size: 12px;\"><span style=\"font-family: verdana,geneva,sans-serif;\">\u00a0<\/span><\/span><\/p>\n<div>\n<p style=\"text-align: center;\"><span style=\"font-size: 12px;\"><span style=\"font-family: verdana,geneva,sans-serif;\"><a href=\"http:\/\/montehorizonte.com\/PT\/images\/Dolphin1.jpg\"><img loading=\"lazy\" decoding=\"async\" title=\"Clique para ampliar\" src=\"http:\/\/montehorizonte.com\/PT\/images\/TN\/Dolphin1.jpg\" alt=\"golfinhos\" width=\"120\" height=\"90\" border=\"0\" \/><\/a> <a href=\"http:\/\/montehorizonte.com\/PT\/images\/Dolphin2.jpg\"><img loading=\"lazy\" decoding=\"async\" title=\"Clique para ampliar\" src=\"http:\/\/montehorizonte.com\/PT\/images\/TN\/Dolphin2.jpg\" alt=\"setubal\" width=\"120\" height=\"90\" border=\"0\" \/><\/a>\u00a0 <a href=\"http:\/\/montehorizonte.com\/PT\/images\/Dolphin6.jpg\"><img loading=\"lazy\" decoding=\"async\" title=\"Clique para ampliar\" src=\"http:\/\/montehorizonte.com\/PT\/images\/TN\/Dolphin6.jpg\" alt=\"troia\" width=\"120\" height=\"90\" border=\"0\" \/><\/a> <a href=\"http:\/\/montehorizonte.com\/PT\/images\/Dolphin5.jpg\"><img loading=\"lazy\" decoding=\"async\" title=\"Clique para ampliar\" src=\"http:\/\/montehorizonte.com\/PT\/images\/TN\/Dolphin5.jpg\" alt=\"portugal\" width=\"120\" height=\"90\" border=\"0\" \/><\/a> <!-- 5 (optional). This is how you mark up the caption. The id contains is referenced to in the second argument of hs.expand above. --><\/span><\/span><\/p>\n<p>Golfinhos na Costa. Cortesia de Marjolein Feith.<\/p>\n<p><span style=\"font-size: 12px;\"><span style=\"font-family: verdana,geneva,sans-serif;\"><strong><em>Uma viagem para recordar<\/em><\/strong><\/span><\/span><\/p>\n<div align=\"left\">\n<p><span style=\"font-size: 12px;\"><span style=\"font-family: verdana,geneva,sans-serif;\">Finalmente fizemos a t\u00e3o planeada viagem de barco com a firma Vertigem Azul, para observar os golfinhos entre Set\u00fabal e Tr\u00f3ia. Vertigem Azul \u00e9 uma firma de Maria Jo\u00e3o Fonseca e Pedro Narra, duas pessoas que se preocupam bastante com o bem -estar dos Golfinhos. Conhecem cada um deles pelo nome e embora andem por l\u00e1 todos os dias, parecem t\u00e3o sensibilizados como qualquer outra pessoa que vai no barco, quando os golfinhos aparecem. Numa bela manh\u00e3 de sexta-feira de Agosto sa\u00edmos cedo de Gr\u00e2ndola rumo a Set\u00fabal.<\/span><\/span><\/p>\n<p>&nbsp;<\/p>\n<\/div>\n<div align=\"left\">\n<p><span style=\"font-size: 12px;\"><span style=\"font-family: verdana,geneva,sans-serif;\">T\u00ednhamos de estar l\u00e1 em 9:30 para a viagem aos golfinhos. Embora a Maria Jo\u00e3o muito gentilmente nos tenha explicado, mais do que uma vez, como l\u00e1 chegar, n\u00f3s insist\u00edamos em n\u00e3o encontrar o local. Como se pode ser feliz com um telem\u00f3vel? No fim de tudo n\u00e3o era assim t\u00e3o dif\u00edcil. Fomos os \u00faltimos a chegar; todos os outros tripulantes j\u00e1 estavam \u00e0 espera. Quando sa\u00edmos do escrit\u00f3rio para entrar a bordo de um grande barco de borracha o sol estava j\u00e1 quente para a hora do dia. Maria Jo\u00e3o, que tinha apanhado pessoas em Tr\u00f3ia para a viagem, manobrou o barco esfor\u00e7adamente por entre outros barcos para que pud\u00e9ssemos prosseguir. Fomos recebidos pela Maria e por um marinheiro, um bonito jovem que conseguia andar sobre as paredes do barco a uma velocidade de 80 km por hora. Um verdadeiro marinheiro presumo eu.<\/span><\/span><\/p>\n<p>&nbsp;<\/p>\n<\/div>\n<div align=\"left\">\n<div align=\"left\">\n<p><span style=\"font-size: 12px;\"><span style=\"font-family: verdana,geneva,sans-serif;\">Com cerca de 20 pessoas a bordo sa\u00edmos de Set\u00fabal a toda a velocidade, eu estava realmente \u00e0 espera de desembarcar dali, mas uma parte do barco ainda permanecia na \u00e1gua. O ferry leva cerca de 20 minutos para ir de Set\u00fabal a Tr\u00f3ia, Maria leva apenas 5! Apesar de estar um dia quente, t\u00ednhamos uma esp\u00e9cie de frio no barco devido \u00e0 velocidade. Fomos pelo rio Sado adentro procurar os golfinhos, mas n\u00e3o est\u00e1vamos com sorte. Por momentos fiquei um pouco dececionado, temia que n\u00e3o v\u00edssemos golfinhos nenhuns. J\u00e1 no oceano, mas com a mesma velocidade, olhei para a Maria Jo\u00e3o \u00e0 procura da \u00e1gua com os seus olhos. <\/span><\/span><\/p>\n<p>&nbsp;<\/p>\n<\/div>\n<div align=\"left\">\n<div align=\"left\">\n<p><span style=\"font-size: 12px;\"><span style=\"font-family: verdana,geneva,sans-serif;\">Tentava encontrar algum tipo de desespero nos olhos dela, mas ela parecia muito confiante que \u00edamos encontrar os golfinhos, como ela explicou, eles tanto podiam estar no rio Sado, num local em particular, como no oceano, mas ainda demorou um pouco at\u00e9 aparecer um sorriso de al\u00edvio no seu rosto, apontou para o mar: l\u00e1, l\u00e1 est\u00e3o eles. Ela abrandou o barco e fomos em direc\u00e7\u00e3o aos golfinhos. Cheg\u00e1mos t\u00e3o perto dos golfinhos que at\u00e9 dava para ver os seus olhos. 15 a 20 golfinhos brincavam em redor do barco enquanto n\u00f3s naveg\u00e1vamos a seu lado. Senti uma estranha sensa\u00e7\u00e3o de felicidade. \u00c9 dif\u00edcil de explicar, suponho que ter\u00e1 de experimentar por si. Os golfinhos s\u00e3o animais maravilhosos. <\/span><\/span><\/p>\n<p>&nbsp;<\/p>\n<\/div>\n<div align=\"left\">\n<div align=\"left\">\n<p><span style=\"font-size: 12px;\"><span style=\"font-family: verdana,geneva,sans-serif;\">Parecia que eles sorriam para n\u00f3s. De repente um beb\u00e9 golfinho saltou por entre os pais. O \u00fanico beb\u00e9 daquele ano. \u00c9 dif\u00edcil sobreviver para estes jovens golfinhos desde que h\u00e1 polui\u00e7\u00e3o nesta zona. O governo n\u00e3o est\u00e1 realmente a tomar qualquer provid\u00eancia. Dinheiro e, provavelmente, as pessoas conhecerem os meios que os rodeia (os industriais), s\u00e3o as raz\u00f5es pelas quais a polui\u00e7\u00e3o continua ativa. Depois de ter visto os golfinhos parece um ato de criminoso. Os golfinhos deveriam definitivamente ser protegidos contra a polui\u00e7\u00e3o! Os golfinhos n\u00e3o pararam de brincar junto a n\u00f3s e tr\u00eas deles vieram a cima de \u00e1gua para mostrarem a sua beleza, hei olha para mim n\u00e3o sou lindo? E s\u00e3o realmente! Mem\u00f3rias de inf\u00e2ncia, de Flipper, vieram-me \u00e0 cabe\u00e7a? <\/span><\/span><\/p>\n<p>&nbsp;<\/p>\n<\/div>\n<div align=\"left\">\n<div align=\"left\"><span style=\"font-size: 12px;\"><span style=\"font-family: verdana,geneva,sans-serif;\">Ap\u00f3s uma hora, seguimos ent\u00e3o para a Serra da Arr\u00e1bida (um parque nacional) e ao longo da costa foi-nos dada a hip\u00f3tese de nadar um pouco. Ningu\u00e9m pretendeu, ent\u00e3o seguimos em frente. No caminho de volta um novo grupo de golfinhos apareceu para nos dizer &#8220;Ol\u00e1&#8221;, mais velhos do que os que t\u00ednhamos visto anteriormente. Eram maiores e tinham a pele mais escura. Maravilhosos e t\u00e3o surpreendentes como os primeiros que vimos. A Maria parecia mais que satisfeita com este novo grupo que nos veio dizer &#8220;Ol\u00e1&#8221;, porque j\u00e1 tinha sentido a sua falta. Acho que eles fazem a contagem dos golfinhos todos os dias, para ter certeza que est\u00e3o todos bem. Gostaria de saber um pouco mais sobre os golfinhos? D\u00ea uma espreitadela no site do Vertigem Azul: www.vertigemazul.com Se vai para a Costa Alentejana, n\u00e3o vai querer perder esta viagem, Pedro e Maria podem informar-vos muito acerca dos golfinhos.<\/span><\/span><\/div>\n<div align=\"left\"><\/div>\n<div align=\"left\"><span style=\"font-size: 12px;\"><span style=\"font-family: verdana,geneva,sans-serif;\">Rota dos Golfinhos no Alentejo, Turismo Rural e Casas de Campo<\/span><\/span><\/div>\n<\/div>\n<\/div>\n<\/div>\n<\/div>\n<\/div>\n<div><span style=\"font-family: verdana,geneva; font-size: small;\">\u00a0<\/span><\/div>\n<\/td>\n<\/tr>\n<\/tbody>\n<\/table>\n","protected":false},"excerpt":{"rendered":"<p>&nbsp; Informa\u00e7\u00f5es de f\u00e9rias sobre uma a rota dos golfinhos que voc\u00ea pode fazer durante as suas f\u00e9rias. \u00a0 \u00a0 Golfinhos na Costa. Cortesia de Marjolein Feith. Uma viagem para recordar Finalmente fizemos a t\u00e3o planeada viagem de barco com a firma Vertigem Azul, para observar os golfinhos entre Set\u00fabal e Tr\u00f3ia. Vertigem Azul \u00e9&hellip;<\/p>\n","protected":false},"author":1,"featured_media":0,"parent":0,"menu_order":0,"comment_status":"closed","ping_status":"closed","template":"","meta":{"_monsterinsights_skip_tracking":false,"_monsterinsights_sitenote_active":false,"_monsterinsights_sitenote_note":"","_monsterinsights_sitenote_category":0,"footnotes":""},"class_list":["post-36","page","type-page","status-publish","hentry"],"aioseo_notices":[],"_links":{"self":[{"href":"https:\/\/montehorizonte.com\/PT\/wp-json\/wp\/v2\/pages\/36","targetHints":{"allow":["GET"]}}],"collection":[{"href":"https:\/\/montehorizonte.com\/PT\/wp-json\/wp\/v2\/pages"}],"about":[{"href":"https:\/\/montehorizonte.com\/PT\/wp-json\/wp\/v2\/types\/page"}],"author":[{"embeddable":true,"href":"https:\/\/montehorizonte.com\/PT\/wp-json\/wp\/v2\/users\/1"}],"replies":[{"embeddable":true,"href":"https:\/\/montehorizonte.com\/PT\/wp-json\/wp\/v2\/comments?post=36"}],"version-history":[{"count":20,"href":"https:\/\/montehorizonte.com\/PT\/wp-json\/wp\/v2\/pages\/36\/revisions"}],"predecessor-version":[{"id":4014,"href":"https:\/\/montehorizonte.com\/PT\/wp-json\/wp\/v2\/pages\/36\/revisions\/4014"}],"wp:attachment":[{"href":"https:\/\/montehorizonte.com\/PT\/wp-json\/wp\/v2\/media?parent=36"}],"curies":[{"name":"wp","href":"https:\/\/api.w.org\/{rel}","templated":true}]}}