{"id":32,"date":"2009-08-05T16:17:49","date_gmt":"2009-08-05T16:17:49","guid":{"rendered":"http:\/\/montehorizonte.com\/PT\/?page_id=32"},"modified":"2025-07-09T08:42:34","modified_gmt":"2025-07-09T07:42:34","slug":"como-chegar","status":"publish","type":"page","link":"https:\/\/montehorizonte.com\/PT\/como-chegar\/","title":{"rendered":"Como Chegar"},"content":{"rendered":"<p>Indica\u00e7\u00f5es para Monte Horizonte &#8211; Turismo em Espa\u00e7o Rural &#8211; Casas de Campo.<\/p>\n<p>Como Chegar:<\/p>\n<p>Por favor, encontre-nos no Google Maps, basta procurar por Monte Horizonte.<\/p>\n<p>Em alternativa:<br \/>\nDe Santiago do Cac\u00e9m, apanhe a N120 em direc\u00e7\u00e3o a sul at\u00e9 ao Cercal do Alentejo. Ap\u00f3s a jun\u00e7\u00e3o da Aldeia dos Ch\u00e3os (n\u00e3o vire para a aldeia mas continue na estrada) a cerca de 1,9 km. h\u00e1 uma placa com o Monte Horizonte (ver foto em anexo). Vire \u00e0 esquerda em uma estrada de terra batida que desce e siga as placas de Monte Horizonte e linhas telef\u00f4nicas e ap\u00f3s 1 km. est\u00e3o em Monte Horizonte. A recep\u00e7\u00e3o \u00e9 a primeira casa que voc\u00ea ver\u00e1.<\/p>\n<figure id=\"attachment_3422\" aria-describedby=\"caption-attachment-3422\" style=\"width: 1024px\" class=\"wp-caption alignnone\"><img loading=\"lazy\" decoding=\"async\" class=\"wp-image-3422 size-full\" src=\"https:\/\/montehorizonte.com\/PT\/wp-content\/uploads\/Ingang-vanuit-noord.jpg\" alt=\"Monte Horizonte - Como chegar\" width=\"1024\" height=\"576\" srcset=\"https:\/\/montehorizonte.com\/PT\/wp-content\/uploads\/Ingang-vanuit-noord.jpg 1024w, https:\/\/montehorizonte.com\/PT\/wp-content\/uploads\/Ingang-vanuit-noord-600x338.jpg 600w, https:\/\/montehorizonte.com\/PT\/wp-content\/uploads\/Ingang-vanuit-noord-768x432.jpg 768w, https:\/\/montehorizonte.com\/PT\/wp-content\/uploads\/Ingang-vanuit-noord-800x450.jpg 800w, https:\/\/montehorizonte.com\/PT\/wp-content\/uploads\/Ingang-vanuit-noord-285x160.jpg 285w\" sizes=\"auto, (max-width: 1024px) 100vw, 1024px\" \/><figcaption id=\"caption-attachment-3422\" class=\"wp-caption-text\">Monte Horizonte &#8211; Como chegar<\/figcaption><\/figure>\n<p>Boa viagem.<\/p>\n","protected":false},"excerpt":{"rendered":"<p>Indica\u00e7\u00f5es para Monte Horizonte &#8211; Turismo em Espa\u00e7o Rural &#8211; Casas de Campo. Como Chegar: Por favor, encontre-nos no Google Maps, basta procurar por Monte Horizonte. Em alternativa: De Santiago do Cac\u00e9m, apanhe a N120 em direc\u00e7\u00e3o a sul at\u00e9 ao Cercal do Alentejo. Ap\u00f3s a jun\u00e7\u00e3o da Aldeia dos Ch\u00e3os (n\u00e3o vire para a&hellip;<\/p>\n","protected":false},"author":1,"featured_media":0,"parent":0,"menu_order":12,"comment_status":"closed","ping_status":"closed","template":"","meta":{"_monsterinsights_skip_tracking":false,"_monsterinsights_sitenote_active":false,"_monsterinsights_sitenote_note":"","_monsterinsights_sitenote_category":0,"footnotes":""},"class_list":["post-32","page","type-page","status-publish","hentry"],"aioseo_notices":[],"_links":{"self":[{"href":"https:\/\/montehorizonte.com\/PT\/wp-json\/wp\/v2\/pages\/32","targetHints":{"allow":["GET"]}}],"collection":[{"href":"https:\/\/montehorizonte.com\/PT\/wp-json\/wp\/v2\/pages"}],"about":[{"href":"https:\/\/montehorizonte.com\/PT\/wp-json\/wp\/v2\/types\/page"}],"author":[{"embeddable":true,"href":"https:\/\/montehorizonte.com\/PT\/wp-json\/wp\/v2\/users\/1"}],"replies":[{"embeddable":true,"href":"https:\/\/montehorizonte.com\/PT\/wp-json\/wp\/v2\/comments?post=32"}],"version-history":[{"count":26,"href":"https:\/\/montehorizonte.com\/PT\/wp-json\/wp\/v2\/pages\/32\/revisions"}],"predecessor-version":[{"id":4081,"href":"https:\/\/montehorizonte.com\/PT\/wp-json\/wp\/v2\/pages\/32\/revisions\/4081"}],"wp:attachment":[{"href":"https:\/\/montehorizonte.com\/PT\/wp-json\/wp\/v2\/media?parent=32"}],"curies":[{"name":"wp","href":"https:\/\/api.w.org\/{rel}","templated":true}]}}