{"id":30,"date":"2009-08-05T16:17:31","date_gmt":"2009-08-05T16:17:31","guid":{"rendered":"http:\/\/montehorizonte.com\/PT\/?page_id=30"},"modified":"2024-08-20T12:22:11","modified_gmt":"2024-08-20T11:22:11","slug":"casa-passaro","status":"publish","type":"page","link":"https:\/\/montehorizonte.com\/PT\/casa-passaro\/","title":{"rendered":"Casa Geminada &#8211; P\u00e1ssaro T2"},"content":{"rendered":"<p><strong>Aluga Moradia de F\u00e9rias com Piscina perto da Praia &#8211; Casa P\u00e1ssaro.<\/strong><\/p>\n<p>Ocupa\u00e7\u00e3o m\u00e1xima de 4 pessoas. Pre\u00e7os a partir de 119 euros por noite para 2 pessoas.<\/p>\n<p style=\"text-align: center;\"><span style=\"font-family: verdana,geneva,sans-serif; font-size: 10pt;\"><span class=\"\">Monte Horizonte \u00e9 um lugar \u00fanico onde o espa\u00e7o, a tranquilidade e o respeito pela natureza e uns pelos outros s\u00e3o centrais. Para continuar a garantir este sentimento, as crian\u00e7as menores de 6 anos n\u00e3o s\u00e3o permitidas a partir de 1 de janeiro de 2019.<\/span><\/span><\/p>\n<div id='gallery-1' class='gallery galleryid-30 gallery-columns-6 gallery-size-thumbnail'><figure class='gallery-item'>\n\t\t\t<div class='gallery-icon landscape'>\n\t\t\t\t<a href='https:\/\/montehorizonte.com\/PT\/wp-content\/uploads\/Casa-Passaro-Terra\u00e7o.jpg'><img loading=\"lazy\" decoding=\"async\" width=\"200\" height=\"150\" src=\"https:\/\/montehorizonte.com\/PT\/wp-content\/uploads\/Casa-Passaro-Terra\u00e7o-200x150.jpg\" class=\"attachment-thumbnail size-thumbnail\" alt=\"F\u00e9rias em Monte Horizonte em Portugal\" aria-describedby=\"gallery-1-1779\" \/><\/a>\n\t\t\t<\/div>\n\t\t\t\t<figcaption class='wp-caption-text gallery-caption' id='gallery-1-1779'>\n\t\t\t\tTerra\u00e7o\n\t\t\t\t<\/figcaption><\/figure><figure class='gallery-item'>\n\t\t\t<div class='gallery-icon landscape'>\n\t\t\t\t<a href='https:\/\/montehorizonte.com\/PT\/wp-content\/uploads\/Casa-Passaro-Living-3.jpg'><img loading=\"lazy\" decoding=\"async\" width=\"200\" height=\"150\" src=\"https:\/\/montehorizonte.com\/PT\/wp-content\/uploads\/Casa-Passaro-Living-3-200x150.jpg\" class=\"attachment-thumbnail size-thumbnail\" alt=\"F\u00e9rias em Monte Horizonte em Portugal Casa Passaro\" aria-describedby=\"gallery-1-3603\" \/><\/a>\n\t\t\t<\/div>\n\t\t\t\t<figcaption class='wp-caption-text gallery-caption' id='gallery-1-3603'>\n\t\t\t\tSala\n\t\t\t\t<\/figcaption><\/figure><figure class='gallery-item'>\n\t\t\t<div class='gallery-icon landscape'>\n\t\t\t\t<a href='https:\/\/montehorizonte.com\/PT\/wp-content\/uploads\/Casa-Passaro-Kitchen.jpg'><img loading=\"lazy\" decoding=\"async\" width=\"200\" height=\"150\" src=\"https:\/\/montehorizonte.com\/PT\/wp-content\/uploads\/Casa-Passaro-Kitchen-200x150.jpg\" class=\"attachment-thumbnail size-thumbnail\" alt=\"F\u00e9rias em Monte Horizonte em Portugal Casa Passaro\" aria-describedby=\"gallery-1-3600\" \/><\/a>\n\t\t\t<\/div>\n\t\t\t\t<figcaption class='wp-caption-text gallery-caption' id='gallery-1-3600'>\n\t\t\t\tCozinha\n\t\t\t\t<\/figcaption><\/figure><figure class='gallery-item'>\n\t\t\t<div class='gallery-icon landscape'>\n\t\t\t\t<a href='https:\/\/montehorizonte.com\/PT\/wp-content\/uploads\/Casa-Passaro-Bedroom-1.jpg'><img loading=\"lazy\" decoding=\"async\" width=\"200\" height=\"150\" src=\"https:\/\/montehorizonte.com\/PT\/wp-content\/uploads\/Casa-Passaro-Bedroom-1-200x150.jpg\" class=\"attachment-thumbnail size-thumbnail\" alt=\"F\u00e9rias em Monte Horizonte em Portugal Casa Passaro\" aria-describedby=\"gallery-1-3598\" \/><\/a>\n\t\t\t<\/div>\n\t\t\t\t<figcaption class='wp-caption-text gallery-caption' id='gallery-1-3598'>\n\t\t\t\tQuarto 1\n\t\t\t\t<\/figcaption><\/figure><figure class='gallery-item'>\n\t\t\t<div class='gallery-icon landscape'>\n\t\t\t\t<a href='https:\/\/montehorizonte.com\/PT\/wp-content\/uploads\/Casa-Passaro-6.jpg'><img loading=\"lazy\" decoding=\"async\" width=\"200\" height=\"150\" src=\"https:\/\/montehorizonte.com\/PT\/wp-content\/uploads\/Casa-Passaro-6-200x150.jpg\" class=\"attachment-thumbnail size-thumbnail\" alt=\"F\u00e9rias em Monte Horizonte em Portugal\" aria-describedby=\"gallery-1-1784\" \/><\/a>\n\t\t\t<\/div>\n\t\t\t\t<figcaption class='wp-caption-text gallery-caption' id='gallery-1-1784'>\n\t\t\t\tCasa P\u00e1ssaro \n\t\t\t\t<\/figcaption><\/figure><figure class='gallery-item'>\n\t\t\t<div class='gallery-icon landscape'>\n\t\t\t\t<a href='https:\/\/montehorizonte.com\/PT\/wp-content\/uploads\/Overview-Monte-Horizonte-Passaro.jpg'><img loading=\"lazy\" decoding=\"async\" width=\"200\" height=\"150\" src=\"https:\/\/montehorizonte.com\/PT\/wp-content\/uploads\/Overview-Monte-Horizonte-Passaro-200x150.jpg\" class=\"attachment-thumbnail size-thumbnail\" alt=\"F\u00e9rias em Monte Horizonte em Portugal Casa Passaro\" aria-describedby=\"gallery-1-3604\" \/><\/a>\n\t\t\t<\/div>\n\t\t\t\t<figcaption class='wp-caption-text gallery-caption' id='gallery-1-3604'>\n\t\t\t\tPlanta\n\t\t\t\t<\/figcaption><\/figure>\n\t\t<\/div>\n\n<p>A nossa disponibilidade est\u00e1 sempre atualizada e voc\u00ea pode v\u00ea-la abaixo. Se voc\u00ea quiser fazer uma reserva clique na data em que as suas f\u00e9rias come\u00e7am no formul\u00e1rio abaixo. Voc\u00ea tamb\u00e9m pode fazer uma reserva por e-mail.<\/p>\n<p><iframe style=\"width: 100%; height: 390px; border: 0;\" src=\"https:\/\/www.avaibook.com\/widgets_propietarios\/loader.php?id=30517&amp;lang=PT\" frameborder=\"0\">Tu navegador no soporta iframes<\/iframe><\/p>\n<p>Esta moradia de f\u00e9rias geminada \u00e9 composta por sala, 2 quartos, uma cozinha em com fog\u00e3o a g\u00e1s e frigor\u00edfico. A casa de banho tem duche, sanita e lavat\u00f3rio.<\/p>\n<p>Possui um sistema de televis\u00e3o sat\u00e9lite com acesso a canais tais como CNN, etc. Al\u00e9m disso, na sala de estar uma mesa de jantar com cadeiras, uma mesa de caf\u00e9, 2 cadeir\u00f5es e sof\u00e1-cama.<\/p>\n<p>Um quarto tem cama de casal e o outro quarto tem 2 camas de solteiro com roupa de cama. A roupa de cama \u00e9 trocada uma vez por semana e as toalhas duas vezes por semana.<\/p>\n<p style=\"text-align: center;\"><div id=\"metaslider-id-3016\" style=\"max-width: 1024px;\" class=\"ml-slider-3-108-0 metaslider metaslider-nivo metaslider-3016 ml-slider has-dots-nav ms-theme-default\" role=\"region\" aria-label=\"Casa Passaro\" data-height=\"576\" data-width=\"1024\">\n    <div id=\"metaslider_container_3016\">\n        <div class='slider-wrapper theme-default'><div class='ribbon'><\/div><div id='metaslider_3016' class='nivoSlider'><img loading=\"lazy\" decoding=\"async\" src=\"https:\/\/montehorizonte.com\/PT\/wp-content\/uploads\/Casa-Passaro-3.jpg\" height=\"576\" width=\"1024\" data-caption=\"Casa P&aacute;ssaro\" title=\"Casa-Passaro-3\" alt=\"F\u00e9rias em Monte Horizonte em Portugal\" class=\"slider-3016 slide-3269 msDefaultImage\" \/><img loading=\"lazy\" decoding=\"async\" src=\"https:\/\/montehorizonte.com\/PT\/wp-content\/uploads\/Casa-Passaro-Terra\u00e7o-1024x576.jpg\" height=\"576\" width=\"1024\" data-caption=\"Terra&ccedil;o\" title=\"Casa P\u00e1ssaro Terra\u00e7o\" alt=\"F\u00e9rias em Monte Horizonte em Portugal\" class=\"slider-3016 slide-3270 msDefaultImage\" \/><img loading=\"lazy\" decoding=\"async\" src=\"https:\/\/montehorizonte.com\/PT\/wp-content\/uploads\/Overview-Monte-Horizonte-Passaro-1024x576.jpg\" height=\"576\" width=\"1024\" data-caption=\"Planta\" title=\"Vista Monte Horizonte\" alt=\"F\u00e9rias em Monte Horizonte em Portugal Casa Passaro\" class=\"slider-3016 slide-3605 msDefaultImage\" \/><img loading=\"lazy\" decoding=\"async\" src=\"https:\/\/montehorizonte.com\/PT\/wp-content\/uploads\/Pool-3.jpg\" height=\"576\" width=\"1024\" data-caption=\"Piscina\" title=\"Piscina F\u00e9rias em Monte Horizonte em Portugal\" alt=\"F\u00e9rias em Monte Horizonte em Portugal\" class=\"slider-3016 slide-3747 msDefaultImage\" \/><img loading=\"lazy\" decoding=\"async\" src=\"https:\/\/montehorizonte.com\/PT\/wp-content\/uploads\/Casa-Passaro-Living-3-1024x576.jpg\" height=\"576\" width=\"1024\" data-caption=\"Sala\" title=\"Monte Horizonte - Casa P\u00e1ssaro - Sala\" alt=\"F\u00e9rias em Monte Horizonte em Portugal Casa Passaro\" class=\"slider-3016 slide-3606 msDefaultImage\" \/><img loading=\"lazy\" decoding=\"async\" src=\"https:\/\/montehorizonte.com\/PT\/wp-content\/uploads\/Casa-Passaro-Living-2-1024x576.jpg\" height=\"576\" width=\"1024\" data-caption=\"Sala\" title=\"Monte Horizonte - Casa P\u00e1ssaro - Sala\" alt=\"F\u00e9rias em Monte Horizonte em Portugal Casa Passaro\" class=\"slider-3016 slide-3607 msDefaultImage\" \/><img loading=\"lazy\" decoding=\"async\" src=\"https:\/\/montehorizonte.com\/PT\/wp-content\/uploads\/Casa-Passaro-6.jpg\" height=\"576\" width=\"1024\" data-caption=\"Casa P&aacute;ssaro \" title=\"Casa P\u00e1ssaro\" alt=\"F\u00e9rias em Monte Horizonte em Portugal\" class=\"slider-3016 slide-3258 msDefaultImage\" \/><img loading=\"lazy\" decoding=\"async\" src=\"https:\/\/montehorizonte.com\/PT\/wp-content\/uploads\/Casa-Passaro-Bedroom-1-1024x576.jpg\" height=\"576\" width=\"1024\" data-caption=\"Quarto 1\" title=\"Monte Horizonte - Casa P\u00e1ssaro - Quarto 1\" alt=\"F\u00e9rias em Monte Horizonte em Portugal Casa Passaro\" class=\"slider-3016 slide-3611 msDefaultImage\" \/><img loading=\"lazy\" decoding=\"async\" src=\"https:\/\/montehorizonte.com\/PT\/wp-content\/uploads\/Casa-Passaro-Terra\u00e7o-2-1024x576.jpg\" height=\"576\" width=\"1024\" data-caption=\"Terra&ccedil;o\" title=\"Casa P\u00e1ssaro - Terra\u00e7o\" alt=\"F\u00e9rias em Monte Horizonte em Portugal\" class=\"slider-3016 slide-3265 msDefaultImage\" \/><img loading=\"lazy\" decoding=\"async\" src=\"https:\/\/montehorizonte.com\/PT\/wp-content\/uploads\/Casa-Passaro-Kitchen-1024x576.jpg\" height=\"576\" width=\"1024\" data-caption=\"Cozinha\" title=\"Monte Horizonte - Casa P\u00e1ssaro - Cozinha\" alt=\"F\u00e9rias em Monte Horizonte em Portugal Casa Passaro\" class=\"slider-3016 slide-3608 msDefaultImage\" \/><img loading=\"lazy\" decoding=\"async\" src=\"https:\/\/montehorizonte.com\/PT\/wp-content\/uploads\/Casa-Passaro-Bedroom-2-1024x576.jpg\" height=\"576\" width=\"1024\" data-caption=\"Quarto 2\" title=\"Monte Horizonte - Casa P\u00e1ssaro - Quarto 2\" alt=\"F\u00e9rias em Monte Horizonte em Portugal\" class=\"slider-3016 slide-3733 msDefaultImage\" \/><img loading=\"lazy\" decoding=\"async\" src=\"https:\/\/montehorizonte.com\/PT\/wp-content\/uploads\/Casa-Passaro-Bathroom-1024x576.jpg\" height=\"576\" width=\"1024\" data-caption=\"Casa de Banho\" title=\"Monte Horizonte Casa P\u00e1ssaro - Casa de banho\" alt=\"F\u00e9rias em Monte Horizonte em Portugal\" class=\"slider-3016 slide-3734 msDefaultImage\" \/><img loading=\"lazy\" decoding=\"async\" src=\"https:\/\/montehorizonte.com\/PT\/wp-content\/uploads\/Casa-Passaro-Terra\u00e7o-1-1024x576.jpg\" height=\"576\" width=\"1024\" data-caption=\"Terra&ccedil;o\" title=\"Casa P\u00e1ssaro - Terra\u00e7o\" alt=\"F\u00e9rias em Monte Horizonte em Portugal\" class=\"slider-3016 slide-3260 msDefaultImage\" \/><img loading=\"lazy\" decoding=\"async\" src=\"https:\/\/montehorizonte.com\/PT\/wp-content\/uploads\/Pool-4-2.jpg\" height=\"576\" width=\"1024\" data-caption=\"Piscina\" title=\"Piscina F\u00e9rias em Monte Horizonte em Portugal\" alt=\"F\u00e9rias em Monte Horizonte em Portugal\" class=\"slider-3016 slide-3727 msDefaultImage\" \/><img loading=\"lazy\" decoding=\"async\" src=\"https:\/\/montehorizonte.com\/PT\/wp-content\/uploads\/Pool-5-3.jpg\" height=\"576\" width=\"1024\" data-caption=\"Piscina\" title=\"Piscina F\u00e9rias em Monte Horizonte em Portugal\" alt=\"F\u00e9rias em Monte Horizonte em Portugal\" class=\"slider-3016 slide-3726 msDefaultImage\" \/><img loading=\"lazy\" decoding=\"async\" src=\"https:\/\/montehorizonte.com\/PT\/wp-content\/uploads\/Pool-6-1.jpg\" height=\"576\" width=\"1024\" data-caption=\"Piscina\" title=\"Piscina F\u00e9rias em Monte Horizonte em Portugal\" alt=\"F\u00e9rias em Monte Horizonte em Portugal\" class=\"slider-3016 slide-3725 msDefaultImage\" \/><img loading=\"lazy\" decoding=\"async\" src=\"https:\/\/montehorizonte.com\/PT\/wp-content\/uploads\/Casa-Passaro-5.jpg\" height=\"576\" width=\"1024\" data-caption=\"Casa P&aacute;ssaro\" title=\"Casa P\u00e1ssaro\" alt=\"F\u00e9rias em Monte Horizonte em Portugal\" class=\"slider-3016 slide-3272 msDefaultImage\" \/><img loading=\"lazy\" decoding=\"async\" src=\"https:\/\/montehorizonte.com\/PT\/wp-content\/uploads\/Salamandra-1024x576.jpg\" height=\"576\" width=\"1024\" data-caption=\"Salamandra\" title=\"Salamandra\" alt=\"Casa Mimosa Salamandra F\u00e9rias no Alenejo\" class=\"slider-3016 slide-3864 msDefaultImage\" \/><\/div><\/div>\n        \n    <\/div>\n<\/div>\n<p>Se desejar, o pequeno-almo\u00e7o pode ser entregue \u00e0 sua porta por um custo adicional.<\/p>\n<p>No terra\u00e7o encontram-se cadeiras, uma mesa e espregui\u00e7adeiras para que desfrute das vistas maravilhosas.<\/p>\n<p>Na casa de campo ainda se encontra um mapa documentado com informa\u00e7\u00e3o acerca da zona circundante.<\/p>\n<p>Para encontrar os nossos pre\u00e7os por dia pesquise pelas datas no calend\u00e1rio de disponibilidade em baixo. Voc\u00ea ver\u00e1 os pre\u00e7os por dia. Se voc\u00ea selecionar um per\u00edodo, o pre\u00e7o total ser\u00e1 exibido.<\/p>\n<table>\n<tbody>\n<tr>\n<td>Sua reserva inclui:<br \/>\n\u2022 Roupa de cama limpa uma vez por semana;<br \/>\n\u2022 Toalhas e panos de cozinha limpos duas vezes por semana;<br \/>\n\u2022 Toalhas de praia e piscina (1,4 x 1,9 metros);<br \/>\n\u2022 Caf\u00e9 e ch\u00e1 ilimitados;<br \/>\n\u2022 Papel higi\u00e9nico;<br \/>\n\u2022 Sab\u00e3o e shampoo;<br \/>\n\u2022 Azeite e vinagre;<br \/>\n\u2022 Sal e pimenta.<\/td>\n<\/tr>\n<\/tbody>\n<\/table>\n<p><img loading=\"lazy\" decoding=\"async\" class=\"wp-image-3604 size-full\" src=\"https:\/\/montehorizonte.com\/PT\/wp-content\/uploads\/Overview-Monte-Horizonte-Passaro.jpg\" alt=\"F\u00e9rias em Monte Horizonte em Portugal Casa Passaro\" width=\"1250\" height=\"662\" srcset=\"https:\/\/montehorizonte.com\/PT\/wp-content\/uploads\/Overview-Monte-Horizonte-Passaro.jpg 1250w, https:\/\/montehorizonte.com\/PT\/wp-content\/uploads\/Overview-Monte-Horizonte-Passaro-600x318.jpg 600w, https:\/\/montehorizonte.com\/PT\/wp-content\/uploads\/Overview-Monte-Horizonte-Passaro-1024x542.jpg 1024w, https:\/\/montehorizonte.com\/PT\/wp-content\/uploads\/Overview-Monte-Horizonte-Passaro-768x407.jpg 768w, https:\/\/montehorizonte.com\/PT\/wp-content\/uploads\/Overview-Monte-Horizonte-Passaro-800x424.jpg 800w\" sizes=\"auto, (max-width: 1250px) 100vw, 1250px\" \/><\/p>\n<p>Planta<span style=\"font-size: 11px;\"><span style=\"font-family: verdana,geneva,sans-serif;\">Aluga moradia de f\u00e9rias com piscina no Alentejo.<\/span><\/span><\/p>\n","protected":false},"excerpt":{"rendered":"<p>Aluga Moradia de F\u00e9rias com Piscina perto da Praia &#8211; Casa P\u00e1ssaro. Ocupa\u00e7\u00e3o m\u00e1xima de 4 pessoas. Pre\u00e7os a partir de 119 euros por noite para 2 pessoas. Monte Horizonte \u00e9 um lugar \u00fanico onde o espa\u00e7o, a tranquilidade e o respeito pela natureza e uns pelos outros s\u00e3o centrais. Para continuar a garantir este&hellip;<\/p>\n","protected":false},"author":1,"featured_media":1784,"parent":0,"menu_order":5,"comment_status":"closed","ping_status":"closed","template":"","meta":{"_monsterinsights_skip_tracking":false,"_monsterinsights_sitenote_active":false,"_monsterinsights_sitenote_note":"","_monsterinsights_sitenote_category":0,"footnotes":""},"class_list":["post-30","page","type-page","status-publish","has-post-thumbnail","hentry"],"aioseo_notices":[],"_links":{"self":[{"href":"https:\/\/montehorizonte.com\/PT\/wp-json\/wp\/v2\/pages\/30","targetHints":{"allow":["GET"]}}],"collection":[{"href":"https:\/\/montehorizonte.com\/PT\/wp-json\/wp\/v2\/pages"}],"about":[{"href":"https:\/\/montehorizonte.com\/PT\/wp-json\/wp\/v2\/types\/page"}],"author":[{"embeddable":true,"href":"https:\/\/montehorizonte.com\/PT\/wp-json\/wp\/v2\/users\/1"}],"replies":[{"embeddable":true,"href":"https:\/\/montehorizonte.com\/PT\/wp-json\/wp\/v2\/comments?post=30"}],"version-history":[{"count":126,"href":"https:\/\/montehorizonte.com\/PT\/wp-json\/wp\/v2\/pages\/30\/revisions"}],"predecessor-version":[{"id":4071,"href":"https:\/\/montehorizonte.com\/PT\/wp-json\/wp\/v2\/pages\/30\/revisions\/4071"}],"wp:featuredmedia":[{"embeddable":true,"href":"https:\/\/montehorizonte.com\/PT\/wp-json\/wp\/v2\/media\/1784"}],"wp:attachment":[{"href":"https:\/\/montehorizonte.com\/PT\/wp-json\/wp\/v2\/media?parent=30"}],"curies":[{"name":"wp","href":"https:\/\/api.w.org\/{rel}","templated":true}]}}