{"id":28,"date":"2009-08-05T16:17:09","date_gmt":"2009-08-05T16:17:09","guid":{"rendered":"http:\/\/montehorizonte.com\/PT\/?page_id=28"},"modified":"2024-08-20T12:21:48","modified_gmt":"2024-08-20T11:21:48","slug":"casa-borboleta","status":"publish","type":"page","link":"https:\/\/montehorizonte.com\/PT\/casa-borboleta\/","title":{"rendered":"Casa Geminada &#8211; Borboleta T2"},"content":{"rendered":"<p><strong>F\u00e9rias no Alentejo &#8211; Casa de Campo Borboleta.<\/strong><\/p>\n<p>Ocupa\u00e7\u00e3o m\u00e1xima de 5 pessoas.<\/p>\n<p style=\"text-align: center;\"><span style=\"font-family: verdana,geneva,sans-serif; font-size: 10pt;\"><span class=\"\">Monte Horizonte \u00e9 um lugar \u00fanico onde o espa\u00e7o, a tranquilidade e o respeito pela natureza e uns pelos outros s\u00e3o centrais. Para continuar a garantir este sentimento, as crian\u00e7as menores de 6 anos n\u00e3o s\u00e3o permitidas a partir de 1 de janeiro de 2019.<\/span><\/span><\/p>\n<div id='gallery-1' class='gallery galleryid-28 gallery-columns-7 gallery-size-thumbnail'><figure class='gallery-item'>\n\t\t\t<div class='gallery-icon landscape'>\n\t\t\t\t<a href='https:\/\/montehorizonte.com\/PT\/casas-de-campo\/casa-borboleta-terrace-1\/'><img loading=\"lazy\" decoding=\"async\" width=\"200\" height=\"150\" src=\"https:\/\/montehorizonte.com\/PT\/wp-content\/uploads\/Casa-Borboleta-Terrace-1-200x150.jpg\" class=\"attachment-thumbnail size-thumbnail\" alt=\"F\u00e9rias em Monte Horizonte em Portugal\" aria-describedby=\"gallery-1-3874\" \/><\/a>\n\t\t\t<\/div>\n\t\t\t\t<figcaption class='wp-caption-text gallery-caption' id='gallery-1-3874'>\n\t\t\t\tTerra\u00e7o\n\t\t\t\t<\/figcaption><\/figure><figure class='gallery-item'>\n\t\t\t<div class='gallery-icon landscape'>\n\t\t\t\t<a href='https:\/\/montehorizonte.com\/PT\/casa-borboleta-living-1\/'><img loading=\"lazy\" decoding=\"async\" width=\"200\" height=\"150\" src=\"https:\/\/montehorizonte.com\/PT\/wp-content\/uploads\/Casa-Borboleta-Living-1-200x150.jpg\" class=\"attachment-thumbnail size-thumbnail\" alt=\"F\u00e9rias em Monte Horizonte em Portugal\" aria-describedby=\"gallery-1-3849\" \/><\/a>\n\t\t\t<\/div>\n\t\t\t\t<figcaption class='wp-caption-text gallery-caption' id='gallery-1-3849'>\n\t\t\t\tSala\n\t\t\t\t<\/figcaption><\/figure><figure class='gallery-item'>\n\t\t\t<div class='gallery-icon landscape'>\n\t\t\t\t<a href='https:\/\/montehorizonte.com\/PT\/casa-borboleta\/casa-borboleta-quarto-2a\/'><img loading=\"lazy\" decoding=\"async\" width=\"200\" height=\"150\" src=\"https:\/\/montehorizonte.com\/PT\/wp-content\/uploads\/Casa-Borboleta-Quarto-2a-200x150.jpg\" class=\"attachment-thumbnail size-thumbnail\" alt=\"F\u00e9rias em Monte Horizonte em Portugal\" aria-describedby=\"gallery-1-1775\" \/><\/a>\n\t\t\t<\/div>\n\t\t\t\t<figcaption class='wp-caption-text gallery-caption' id='gallery-1-1775'>\n\t\t\t\tQuarto 2\n\t\t\t\t<\/figcaption><\/figure><figure class='gallery-item'>\n\t\t\t<div class='gallery-icon landscape'>\n\t\t\t\t<a href='https:\/\/montehorizonte.com\/PT\/casa-borboleta-bedroom-1\/'><img loading=\"lazy\" decoding=\"async\" width=\"200\" height=\"150\" src=\"https:\/\/montehorizonte.com\/PT\/wp-content\/uploads\/Casa-Borboleta-Bedroom-1-200x150.jpg\" class=\"attachment-thumbnail size-thumbnail\" alt=\"F\u00e9rias em Monte Horizonte em Portugal\" aria-describedby=\"gallery-1-3847\" \/><\/a>\n\t\t\t<\/div>\n\t\t\t\t<figcaption class='wp-caption-text gallery-caption' id='gallery-1-3847'>\n\t\t\t\tQuarto 1\n\t\t\t\t<\/figcaption><\/figure><figure class='gallery-item'>\n\t\t\t<div class='gallery-icon landscape'>\n\t\t\t\t<a href='https:\/\/montehorizonte.com\/PT\/casa-borboleta-kitchen-1\/'><img loading=\"lazy\" decoding=\"async\" width=\"200\" height=\"150\" src=\"https:\/\/montehorizonte.com\/PT\/wp-content\/uploads\/Casa-Borboleta-Kitchen-1-200x150.jpg\" class=\"attachment-thumbnail size-thumbnail\" alt=\"F\u00e9rias em Monte Horizonte em Portugal\" aria-describedby=\"gallery-1-3848\" \/><\/a>\n\t\t\t<\/div>\n\t\t\t\t<figcaption class='wp-caption-text gallery-caption' id='gallery-1-3848'>\n\t\t\t\tSala\n\t\t\t\t<\/figcaption><\/figure><figure class='gallery-item'>\n\t\t\t<div class='gallery-icon landscape'>\n\t\t\t\t<a href='https:\/\/montehorizonte.com\/PT\/casa-borboleta\/casa-borboleta-bathroom\/'><img loading=\"lazy\" decoding=\"async\" width=\"200\" height=\"150\" src=\"https:\/\/montehorizonte.com\/PT\/wp-content\/uploads\/Casa-Borboleta-Bathroom-200x150.jpg\" class=\"attachment-thumbnail size-thumbnail\" alt=\"F\u00e9rias em Monte Horizonte em Portugal\" aria-describedby=\"gallery-1-1771\" \/><\/a>\n\t\t\t<\/div>\n\t\t\t\t<figcaption class='wp-caption-text gallery-caption' id='gallery-1-1771'>\n\t\t\t\tCasa de Banho\n\t\t\t\t<\/figcaption><\/figure>\n\t\t<\/div>\n\n<p>A nossa disponibilidade est\u00e1 sempre atualizada e voc\u00ea pode v\u00ea-la abaixo. Se voc\u00ea quiser fazer uma reserva clique na data em que as suas f\u00e9rias come\u00e7am no formul\u00e1rio abaixo. Voc\u00ea tamb\u00e9m pode fazer uma reserva por e-mail.<\/p>\n<p><iframe style=\"width: 100%; height: 390px; border: 0;\" src=\"https:\/\/www.avaibook.com\/widgets_propietarios\/loader.php?id=30500&amp;lang=PT\" frameborder=\"0\">Tu navegador no soporta iframes<\/iframe><\/p>\n<p>Esta moradia de f\u00e9rias geminada \u00e9 composta por sala, 2 quartos, uma cozinha em com fog\u00e3o a g\u00e1s e frigor\u00edfico. A casa de banho tem duche, sanita e lavat\u00f3rio.<\/p>\n<p>Possui um sistema de televis\u00e3o sat\u00e9lite com acesso a canais tais como CNN, etc. Al\u00e9m disso, na sala de estar uma mesa de jantar com cadeiras, uma mesa de caf\u00e9, 2 cadeir\u00f5es e sof\u00e1-cama.<\/p>\n<p>Um quarto tem cama de casal e o outro quarto tem 2 camas de solteiro com roupa de cama. A roupa de cama \u00e9 trocada uma vez por semana e as toalhas duas vezes por semana.<\/p>\n<p style=\"text-align: center;\"><div id=\"metaslider-id-2991\" style=\"max-width: 1024px;\" class=\"ml-slider-3-108-0 metaslider metaslider-nivo metaslider-2991 ml-slider has-dots-nav ms-theme-default\" role=\"region\" aria-label=\"Casa Borboleta\" data-height=\"576\" data-width=\"1024\">\n    <div id=\"metaslider_container_2991\">\n        <div class='slider-wrapper theme-default'><div class='ribbon'><\/div><div id='metaslider_2991' class='nivoSlider'><img loading=\"lazy\" decoding=\"async\" src=\"https:\/\/montehorizonte.com\/PT\/wp-content\/uploads\/Casa-Borboleta-1-1.jpg\" height=\"576\" width=\"1024\" data-caption=\"Casa Borboleta\" title=\"Casa-Borboleta-1-1\" alt=\"F\u00e9rias em Monte Horizonte em Portugal\" class=\"slider-2991 slide-3003 msDefaultImage\" \/><img loading=\"lazy\" decoding=\"async\" src=\"https:\/\/montehorizonte.com\/PT\/wp-content\/uploads\/Pool-3.jpg\" height=\"576\" width=\"1024\" data-caption=\"Piscina\" title=\"Piscina F\u00e9rias em Monte Horizonte em Portugal\" alt=\"F\u00e9rias em Monte Horizonte em Portugal\" class=\"slider-2991 slide-3932 msDefaultImage\" \/><img loading=\"lazy\" decoding=\"async\" src=\"https:\/\/montehorizonte.com\/PT\/wp-content\/uploads\/Overview-Monte-Horizonte-Borboleta-1024x576.jpg\" height=\"576\" width=\"1024\" data-caption=\"Localiza&ccedil;&atilde;o\" title=\"Localiza\u00e7\u00e3o F\u00e9rias em Monte Horizonte em Portugal\" alt=\"F\u00e9rias em Monte Horizonte em Portugal\" class=\"slider-2991 slide-3862 msDefaultImage\" \/><img loading=\"lazy\" decoding=\"async\" src=\"https:\/\/montehorizonte.com\/PT\/wp-content\/uploads\/Casa-Borboleta-Kitchen-1.jpg\" height=\"576\" width=\"1024\" data-caption=\"Sala\" title=\"Casa-Borboleta-Kitchen-1\" alt=\"F\u00e9rias em Monte Horizonte em Portugal\" class=\"slider-2991 slide-3851 msDefaultImage\" \/><img loading=\"lazy\" decoding=\"async\" src=\"https:\/\/montehorizonte.com\/PT\/wp-content\/uploads\/Casa-Borboleta-Bedroom-1.jpg\" height=\"576\" width=\"1024\" data-caption=\"Quarto 1\" title=\"Casa Borboleta Quarto 1\" alt=\"F\u00e9rias em Monte Horizonte em Portugal\" class=\"slider-2991 slide-3852 msDefaultImage\" \/><img loading=\"lazy\" decoding=\"async\" src=\"https:\/\/montehorizonte.com\/PT\/wp-content\/uploads\/Casa-Borboleta-Quarto-2a.jpg\" height=\"576\" width=\"1024\" data-caption=\"Quarto 2\" title=\"Casa Borboleta - Quarto 2\" alt=\"F\u00e9rias em Monte Horizonte em Portugal\" class=\"slider-2991 slide-3254 msDefaultImage\" \/><img loading=\"lazy\" decoding=\"async\" src=\"https:\/\/montehorizonte.com\/PT\/wp-content\/uploads\/Pool-5-3.jpg\" height=\"576\" width=\"1024\" data-caption=\"Piscina\" title=\"Piscina F\u00e9rias em Monte Horizonte em Portugal\" alt=\"F\u00e9rias em Monte Horizonte em Portugal\" class=\"slider-2991 slide-3855 msDefaultImage\" \/><img loading=\"lazy\" decoding=\"async\" src=\"https:\/\/montehorizonte.com\/PT\/wp-content\/uploads\/Zwembad-Handdoeken.jpg\" height=\"576\" width=\"1024\" data-caption=\"Toalhas de Piscina\" title=\"F\u00e9rias em Monte Horizonte em Portugal Toalhas de Piscina\" alt=\"F\u00e9rias em Monte Horizonte em Portugal Toalhas de Piscina\" class=\"slider-2991 slide-3857 msDefaultImage\" \/><img loading=\"lazy\" decoding=\"async\" src=\"https:\/\/montehorizonte.com\/PT\/wp-content\/uploads\/Casa-Borboleta-Living-1.jpg\" height=\"576\" width=\"1024\" data-caption=\"Sala\" title=\"Casa-Borboleta-Living-1\" alt=\"F\u00e9rias em Monte Horizonte em Portugal\" class=\"slider-2991 slide-3850 msDefaultImage\" \/><img loading=\"lazy\" decoding=\"async\" src=\"https:\/\/montehorizonte.com\/PT\/wp-content\/uploads\/Salamandra-1024x576.jpg\" height=\"576\" width=\"1024\" data-caption=\"Salamandra\" title=\"Salamandra\" alt=\"Casa Mimosa Salamandra F\u00e9rias no Alenejo\" class=\"slider-2991 slide-3859 msDefaultImage\" \/><img loading=\"lazy\" decoding=\"async\" src=\"https:\/\/montehorizonte.com\/PT\/wp-content\/uploads\/Casa-Borboleta-Bathroom.jpg\" height=\"576\" width=\"1024\" data-caption=\"Casa de Banho\" title=\"Casa-Borboleta-Bathroom\" alt=\"F\u00e9rias em Monte Horizonte em Portugal\" class=\"slider-2991 slide-3256 msDefaultImage\" \/><img loading=\"lazy\" decoding=\"async\" src=\"https:\/\/montehorizonte.com\/PT\/wp-content\/uploads\/Pool-4-2.jpg\" height=\"576\" width=\"1024\" data-caption=\"Piscina\" title=\"Piscina F\u00e9rias em Monte Horizonte em Portugal\" alt=\"F\u00e9rias em Monte Horizonte em Portugal\" class=\"slider-2991 slide-3856 msDefaultImage\" \/><img loading=\"lazy\" decoding=\"async\" src=\"https:\/\/montehorizonte.com\/PT\/wp-content\/uploads\/IMG_20200629_094533-1024x576.jpg\" height=\"576\" width=\"1024\" data-caption=\"Nossa Propriedade Vistas\" title=\"Monte Horizonte Nossa Propriedade no Alentejo Portugal\" alt=\"Monte Horizonte Nossa Propriedade\" class=\"slider-2991 slide-3858 msDefaultImage\" \/><\/div><\/div>\n        \n    <\/div>\n<\/div>\n<p>Se desejar, o pequeno-almo\u00e7o pode ser entregue \u00e0 sua porta por um custo adicional.<\/p>\n<p>No terra\u00e7o encontram-se cadeiras, uma mesa e espregui\u00e7adeiras para que desfrute das vistas maravilhosas.<\/p>\n<p>Na casa de campo ainda se encontra um mapa documentado com informa\u00e7\u00e3o acerca da zona circundante.<\/p>\n<p>Para encontrar os nossos pre\u00e7os por dia pesquise pelas datas no calend\u00e1rio de disponibilidade em baixo. Voc\u00ea ver\u00e1 os pre\u00e7os por dia. Se voc\u00ea selecionar um per\u00edodo, o pre\u00e7o total ser\u00e1 exibido.<\/p>\n<table>\n<tbody>\n<tr>\n<td>Sua reserva inclui:<br \/>\n\u2022 Roupa de cama limpa uma vez por semana;<br \/>\n\u2022 Toalhas e panos de cozinha limpos duas vezes por semana;<br \/>\n\u2022 Toalhas de praia e piscina (1,4 x 1,9 metros);<br \/>\n\u2022 Caf\u00e9 e ch\u00e1 ilimitados;<br \/>\n\u2022 Papel higi\u00e9nico;<br \/>\n\u2022 Sab\u00e3o e shampoo;<br \/>\n\u2022 Azeite e vinagre;<br \/>\n\u2022 Sal e pimenta.<\/td>\n<\/tr>\n<\/tbody>\n<\/table>\n<figure id=\"attachment_3841\" aria-describedby=\"caption-attachment-3841\" style=\"width: 1074px\" class=\"wp-caption aligncenter\"><img loading=\"lazy\" decoding=\"async\" class=\"wp-image-3841 size-full\" src=\"https:\/\/montehorizonte.com\/PT\/wp-content\/uploads\/Overview-Monte-Horizonte-Borboleta.jpg\" alt=\"F\u00e9rias em Monte Horizonte em Portugal\" width=\"1074\" height=\"576\" srcset=\"https:\/\/montehorizonte.com\/PT\/wp-content\/uploads\/Overview-Monte-Horizonte-Borboleta.jpg 1074w, https:\/\/montehorizonte.com\/PT\/wp-content\/uploads\/Overview-Monte-Horizonte-Borboleta-600x322.jpg 600w, https:\/\/montehorizonte.com\/PT\/wp-content\/uploads\/Overview-Monte-Horizonte-Borboleta-1024x549.jpg 1024w, https:\/\/montehorizonte.com\/PT\/wp-content\/uploads\/Overview-Monte-Horizonte-Borboleta-768x412.jpg 768w, https:\/\/montehorizonte.com\/PT\/wp-content\/uploads\/Overview-Monte-Horizonte-Borboleta-800x429.jpg 800w\" sizes=\"auto, (max-width: 1074px) 100vw, 1074px\" \/><figcaption id=\"caption-attachment-3841\" class=\"wp-caption-text\">Localiza\u00e7\u00e3o<\/figcaption><\/figure>\n<p><span style=\"font-size: 11px;\"><span style=\"font-family: verdana,geneva,sans-serif;\">\u00a0<\/span><\/span><\/p>\n<p><span style=\"font-size: 11px;\"><span style=\"font-family: verdana,geneva,sans-serif;\">Passar f\u00e9rias no Alentejo &#8211; Santiago do Cac\u00e9m<\/span><\/span><\/p>\n","protected":false},"excerpt":{"rendered":"<p>F\u00e9rias no Alentejo &#8211; Casa de Campo Borboleta. Ocupa\u00e7\u00e3o m\u00e1xima de 5 pessoas. Monte Horizonte \u00e9 um lugar \u00fanico onde o espa\u00e7o, a tranquilidade e o respeito pela natureza e uns pelos outros s\u00e3o centrais. Para continuar a garantir este sentimento, as crian\u00e7as menores de 6 anos n\u00e3o s\u00e3o permitidas a partir de 1 de&hellip;<\/p>\n","protected":false},"author":1,"featured_media":2992,"parent":0,"menu_order":4,"comment_status":"closed","ping_status":"closed","template":"","meta":{"_monsterinsights_skip_tracking":false,"_monsterinsights_sitenote_active":false,"_monsterinsights_sitenote_note":"","_monsterinsights_sitenote_category":0,"footnotes":""},"class_list":["post-28","page","type-page","status-publish","has-post-thumbnail","hentry"],"aioseo_notices":[],"_links":{"self":[{"href":"https:\/\/montehorizonte.com\/PT\/wp-json\/wp\/v2\/pages\/28","targetHints":{"allow":["GET"]}}],"collection":[{"href":"https:\/\/montehorizonte.com\/PT\/wp-json\/wp\/v2\/pages"}],"about":[{"href":"https:\/\/montehorizonte.com\/PT\/wp-json\/wp\/v2\/types\/page"}],"author":[{"embeddable":true,"href":"https:\/\/montehorizonte.com\/PT\/wp-json\/wp\/v2\/users\/1"}],"replies":[{"embeddable":true,"href":"https:\/\/montehorizonte.com\/PT\/wp-json\/wp\/v2\/comments?post=28"}],"version-history":[{"count":139,"href":"https:\/\/montehorizonte.com\/PT\/wp-json\/wp\/v2\/pages\/28\/revisions"}],"predecessor-version":[{"id":4070,"href":"https:\/\/montehorizonte.com\/PT\/wp-json\/wp\/v2\/pages\/28\/revisions\/4070"}],"wp:featuredmedia":[{"embeddable":true,"href":"https:\/\/montehorizonte.com\/PT\/wp-json\/wp\/v2\/media\/2992"}],"wp:attachment":[{"href":"https:\/\/montehorizonte.com\/PT\/wp-json\/wp\/v2\/media?parent=28"}],"curies":[{"name":"wp","href":"https:\/\/api.w.org\/{rel}","templated":true}]}}