{"id":238,"date":"2009-09-18T13:13:34","date_gmt":"2009-09-18T13:13:34","guid":{"rendered":"http:\/\/montehorizonte.com\/PT\/?page_id=238"},"modified":"2021-08-15T18:26:18","modified_gmt":"2021-08-15T17:26:18","slug":"porto-covo","status":"publish","type":"page","link":"https:\/\/montehorizonte.com\/PT\/porto-covo\/","title":{"rendered":"Porto Covo &#8211; Casas Isoladas &#8211; Turismo Rural &#8211; Monte Horizonte"},"content":{"rendered":"<p><span style=\"font-size: 12px;\"><span style=\"font-family: verdana,geneva,sans-serif;\">Informa\u00e7\u00f5es de f\u00e9rias sobre Porto Covo, uma cidade na costa do Alentejo em Portugal para umas f\u00e9rias fant\u00e1sticas.<\/span><\/span><span style=\"font-size: 12px;\"><span style=\"font-family: verdana,geneva,sans-serif;\"><br \/>\n<\/span><\/span><\/p>\n<p>Turismo Rural \u2013 Casas Isoladas \u2013 Monte Horizonte est\u00e1 localizada a apenas meia hora de Porto Covo.<\/p>\n<table>\n<tbody>\n<tr>\n<td><a href=\"https:\/\/montehorizonte.com\/PT\/casa-camelia\/\" target=\"_blank\" rel=\"noopener noreferrer\"><img loading=\"lazy\" decoding=\"async\" class=\"size-thumbnail wp-image-3691 aligncenter\" src=\"https:\/\/montehorizonte.com\/PT\/wp-content\/uploads\/Casa-Camelia-200x150.jpg\" alt=\"F\u00e9rias em Monte Horizonte em Portugal Casa Cam\u00e9lia\" width=\"200\" height=\"150\" \/><\/a><strong><br \/>\nCasa Cam\u00e9lia Isolada<br \/>\n<\/strong>T1 m\u00e1ximo 2 pessoas.<\/td>\n<td><a href=\"https:\/\/montehorizonte.com\/PT\/casa-oliveira\/\" target=\"_blank\" rel=\"noopener noreferrer\"><img loading=\"lazy\" decoding=\"async\" class=\"size-thumbnail wp-image-3647 aligncenter\" src=\"https:\/\/montehorizonte.com\/PT\/wp-content\/uploads\/Casa-Oliveira-1-200x150.jpg\" alt=\"F\u00e9rias em Monte Horizonte em Portugal\" width=\"200\" height=\"150\" \/><\/a><strong><br \/>\nCasa Oliveira Isolada<br \/>\n<\/strong>T1 m\u00e1ximo 2 pessoas.<\/td>\n<td><img loading=\"lazy\" decoding=\"async\" class=\" wp-image-2937\" src=\"https:\/\/montehorizonte.com\/PT\/wp-content\/uploads\/Casa-Mimosa-3.jpg\" alt=\"F\u00e9rias em Monte Horizonte em Portugal Casa Mimosa\" width=\"141\" height=\"79\" srcset=\"https:\/\/montehorizonte.com\/PT\/wp-content\/uploads\/Casa-Mimosa-3.jpg 1024w, https:\/\/montehorizonte.com\/PT\/wp-content\/uploads\/Casa-Mimosa-3-600x338.jpg 600w, https:\/\/montehorizonte.com\/PT\/wp-content\/uploads\/Casa-Mimosa-3-768x432.jpg 768w, https:\/\/montehorizonte.com\/PT\/wp-content\/uploads\/Casa-Mimosa-3-672x372.jpg 672w\" sizes=\"auto, (max-width: 141px) 100vw, 141px\" \/><\/p>\n<p><strong>Casa Mimosa Isolada<br \/>\n<\/strong>T1 m\u00e1ximo 2 pessoas.<\/td>\n<td><a href=\"https:\/\/montehorizonte.com\/PT\/casa-passaro\/\"><img loading=\"lazy\" decoding=\"async\" class=\" wp-image-1781\" src=\"https:\/\/montehorizonte.com\/PT\/wp-content\/uploads\/Casa-Passaro-3.jpg\" alt=\"F\u00e9rias em Monte Horizonte em Portugal\" width=\"150\" height=\"84\" srcset=\"https:\/\/montehorizonte.com\/PT\/wp-content\/uploads\/Casa-Passaro-3.jpg 1024w, https:\/\/montehorizonte.com\/PT\/wp-content\/uploads\/Casa-Passaro-3-600x338.jpg 600w, https:\/\/montehorizonte.com\/PT\/wp-content\/uploads\/Casa-Passaro-3-768x432.jpg 768w, https:\/\/montehorizonte.com\/PT\/wp-content\/uploads\/Casa-Passaro-3-800x450.jpg 800w, https:\/\/montehorizonte.com\/PT\/wp-content\/uploads\/Casa-Passaro-3-285x160.jpg 285w\" sizes=\"auto, (max-width: 150px) 100vw, 150px\" \/><\/a><\/p>\n<p><strong>Casa P\u00e1ssaro Geminada<br \/>\n<\/strong>T2 m\u00e1ximo 4 pessoas.<\/td>\n<td><a href=\"https:\/\/montehorizonte.com\/PT\/casa-borboleta\/\" target=\"_blank\" rel=\"noopener\"><img loading=\"lazy\" decoding=\"async\" class=\"aligncenter wp-image-2992 size-thumbnail\" src=\"https:\/\/montehorizonte.com\/PT\/wp-content\/uploads\/Casa-Borboleta-1-1-600x338.jpg\" alt=\"F\u00e9rias em Monte Horizonte em Portugal\" width=\"200\" height=\"150\" \/><\/a><br \/>\n<strong>Casa Borboleta Geminada<br \/>\n<\/strong>T2 m\u00e1ximo 4 pessoas.<\/td>\n<td><a href=\"https:\/\/montehorizonte.com\/PT\/casa-sobreiro\/\"><img loading=\"lazy\" decoding=\"async\" class=\" wp-image-3681\" src=\"https:\/\/montehorizonte.com\/PT\/wp-content\/uploads\/Casa-Sobreiro-Terrace-1-1.jpg\" alt=\"F\u00e9rias em Monte Horizonte em Portugal\" width=\"141\" height=\"79\" srcset=\"https:\/\/montehorizonte.com\/PT\/wp-content\/uploads\/Casa-Sobreiro-Terrace-1-1.jpg 1024w, https:\/\/montehorizonte.com\/PT\/wp-content\/uploads\/Casa-Sobreiro-Terrace-1-1-600x338.jpg 600w, https:\/\/montehorizonte.com\/PT\/wp-content\/uploads\/Casa-Sobreiro-Terrace-1-1-768x432.jpg 768w, https:\/\/montehorizonte.com\/PT\/wp-content\/uploads\/Casa-Sobreiro-Terrace-1-1-800x450.jpg 800w, https:\/\/montehorizonte.com\/PT\/wp-content\/uploads\/Casa-Sobreiro-Terrace-1-1-285x160.jpg 285w\" sizes=\"auto, (max-width: 141px) 100vw, 141px\" \/><\/a><\/p>\n<p><strong>Casa Sobreiro Isolada<br \/>\n<\/strong>T2 m\u00e1ximo 4 pessoas.<\/td>\n<\/tr>\n<\/tbody>\n<\/table>\n<p>&nbsp;<\/p>\n<table border=\"0\" cellspacing=\"5\" cellpadding=\"5\">\n<tbody>\n<tr>\n<td>\n<div><span style=\"font-size: 12px;\"><span style=\"font-family: verdana,geneva,sans-serif;\"><span class=\"bodytext\">\u00a0<\/span><\/span><\/span><\/div>\n<div><span style=\"font-size: 12px;\"><span style=\"font-family: verdana,geneva,sans-serif;\"><span class=\"bodytext\">\u00a0<\/span><\/span><\/span><\/div>\n<div><span style=\"font-size: 12px;\"><span style=\"font-family: verdana,geneva,sans-serif;\"><span class=\"bodytext\">Porto Covo \u00e9 famoso entre os Portugueses e \u00e9 um local perfeito para passar f\u00e9rias. Monte Horizonte fica nas proximidades.\u00a0<\/span><\/span><\/span><\/div>\n<div><span style=\"font-size: 12px;\"><span style=\"font-family: verdana,geneva,sans-serif;\"><span class=\"bodytext\">\u00a0<\/span><\/span><\/span><\/div>\n<div><span style=\"font-size: 12px;\"><span style=\"font-family: verdana,geneva,sans-serif;\"><span class=\"bodytext\">Porto Covo \u00e9 uma das duas freguesias do concelho de Sines.<\/span><\/span><\/span><\/div>\n<div><span style=\"font-size: 12px;\"><span style=\"font-family: verdana,geneva,sans-serif;\"><span class=\"bodytext\">\u00a0<\/span><\/span><\/span><\/div>\n<div><span style=\"font-size: 12px;\"><span style=\"font-family: verdana,geneva,sans-serif;\"><span class=\"bodytext\">A Ilha do Pessegueiro, com o seu forte, faz geograficamente parte do territ\u00f3rio da freguesia de Porto Covo.<\/span><\/span><\/span><\/div>\n<\/td>\n<td align=\"right\" valign=\"middle\" width=\"200\">\n<p style=\"text-align: center;\"><span style=\"font-size: 12px;\"><span style=\"font-family: verdana,geneva,sans-serif;\"><img loading=\"lazy\" decoding=\"async\" title=\"Porto Covo Portugal\" src=\"http:\/\/montehorizonte.com\/PT\/images\/Porto Covo%20(4).JPG\" alt=\"Porto Covo Portugal\" width=\"280\" height=\"210\" align=\"middle\" border=\"0\" \/><\/span><\/span><\/p>\n<\/td>\n<\/tr>\n<tr>\n<td style=\"text-align: center;\" width=\"200\"><span style=\"font-size: 12px;\"><span style=\"font-family: verdana,geneva,sans-serif;\"><img loading=\"lazy\" decoding=\"async\" title=\"Porto Covo Portugal\" src=\"http:\/\/montehorizonte.com\/PT\/images\/Porto Covo%20(2).JPG\" alt=\"Porto Covo Portugal\" width=\"280\" height=\"210\" align=\"middle\" border=\"0\" \/><\/span><\/span><\/td>\n<td>\n<div><span style=\"font-size: 12px;\"><span style=\"font-family: verdana,geneva,sans-serif;\">\u00a0<\/span><\/span><\/div>\n<div><span style=\"font-size: 12px;\"><span style=\"font-family: verdana,geneva,sans-serif;\">\u00a0<\/span><\/span><\/div>\n<div><span style=\"font-size: 12px;\"><span style=\"font-family: verdana,geneva,sans-serif;\">A freguesia de Porto Covo foi criada em 31 de Dezembro de 1984, por desanexa\u00e7\u00e3o da freguesia de Sines, at\u00e9 ent\u00e3o a \u00fanica do concelho do mesmo nome (o qual deixava assim de ser dos sete munic\u00edpios portugueses com apenas uma freguesia a integrar o seu territ\u00f3rio).<\/span><\/span><\/div>\n<div><span style=\"font-size: 12px;\"><span style=\"font-family: verdana,geneva,sans-serif;\">\u00a0<\/span><\/span><\/div>\n<div><span style=\"font-size: 12px;\"><span style=\"font-family: verdana,geneva,sans-serif;\">Uma can\u00e7\u00e3o de Rui Veloso toma o nome desta freguesia e tornou-a conhecida entre os portugueses.<\/span><\/span><\/div>\n<\/td>\n<\/tr>\n<tr>\n<td>\n<div>\n<div>\n<div><span style=\"font-size: 12px;\"><span style=\"font-family: verdana,geneva,sans-serif;\">\u00a0<\/span><\/span><\/div>\n<div><span style=\"font-size: 12px;\"><span style=\"font-family: verdana,geneva,sans-serif;\">\u00a0<\/span><\/span><\/div>\n<div><span style=\"font-size: 12px;\"><span style=\"font-family: verdana,geneva,sans-serif;\">\u00a0<\/span><\/span><\/div>\n<div>\n<p><span style=\"font-size: 12px;\"><span style=\"font-family: verdana,geneva,sans-serif;\">Praias de Porto Covo<\/span><\/span><\/p>\n<p><span style=\"font-family: verdana, geneva, sans-serif; font-size: 10pt;\">Na aldeia de Porto Covo existe a Praia Grande situada a cerca de 160 quil\u00f3metros de Lisboa, uma das mais procuradas por locais e turistas, considerada por alguns\/muitos como a praia urbana dos turistas de Lisboa.<\/span><\/p>\n<\/div>\n<\/div>\n<\/div>\n<\/td>\n<td style=\"text-align: center;\"><span style=\"font-size: 12px;\"><span style=\"font-family: verdana,geneva,sans-serif;\"><img loading=\"lazy\" decoding=\"async\" src=\"http:\/\/www.montehorizonte.com\/PT\/images\/Porto%20Covo%20(29).JPG\" alt=\"Praia Grande Porto C\u00f4vo\" width=\"280\" height=\"200\" \/><\/span><\/span><\/td>\n<\/tr>\n<tr>\n<td><span style=\"font-size: 12px;\"><span style=\"font-family: verdana,geneva,sans-serif;\"><img loading=\"lazy\" decoding=\"async\" title=\"Porto Covo\" src=\"http:\/\/montehorizonte.com\/PT\/images\/Porto Covo.JPG\" alt=\"Porto Covo Portugal\" width=\"299\" height=\"200\" align=\"middle\" border=\"0\" \/><\/span><\/span><\/td>\n<td>\n<div><span style=\"font-size: 12px;\"><span style=\"font-family: verdana,geneva,sans-serif;\">\u00a0<\/span><\/span><\/div>\n<div><span style=\"font-size: 12px;\"><span style=\"font-family: verdana,geneva,sans-serif;\">Praia mar\u00edtima \u00e9 vigiada com nadadores-salvadores. Tem apoios de praia, parque de estacionamento, limpeza do areal e recolha de lixo. <\/span><\/span><\/div>\n<div><span style=\"font-size: 12px;\"><span style=\"font-family: verdana,geneva,sans-serif;\">\u00a0<\/span><\/span><\/div>\n<div><span style=\"font-size: 12px;\"><span style=\"font-family: verdana,geneva,sans-serif;\">\u00c1gua e areal em condi\u00e7\u00f5es, por isso ostenta a bandeira azul. Serve muito \u00e0 pratica do surf. <\/span><\/span><\/div>\n<div><span style=\"font-size: 12px;\"><span style=\"font-family: verdana,geneva,sans-serif;\">\u00a0<\/span><\/span><\/div>\n<div><span style=\"font-size: 12px;\"><span style=\"font-family: verdana,geneva,sans-serif;\">A temperatura desta \u00e1gua atl\u00e2ntica pouco baixa dos 15 \u00b0C, considerada um para\u00edso em tempo de f\u00e9rias.<br \/>\n<\/span><\/span><\/div>\n<\/td>\n<\/tr>\n<tr>\n<td>\n<div><span style=\"font-size: 12px;\"><span style=\"font-family: verdana,geneva,sans-serif;\">\u00a0<\/span><\/span><\/div>\n<div><span style=\"font-size: 12px;\"><span style=\"font-family: verdana,geneva,sans-serif;\">Praia do Espingardeiro, Praia Pequena e Praia dos Buizinhos s\u00e3o pequenas praias de areia na costa recortada por rochedos, criando espa\u00e7os ambientes quase selvagens.<\/span><\/span><\/div>\n<\/td>\n<td><span style=\"font-size: 12px;\"><span style=\"font-family: verdana,geneva,sans-serif;\"><img loading=\"lazy\" decoding=\"async\" title=\"Praia de Buizinhos Portugal\" src=\"http:\/\/montehorizonte.com\/PT\/images\/Praia de Buizinhos.jpg\" alt=\"Praia de Buizinhos Portugal\" width=\"283\" height=\"200\" align=\"middle\" border=\"0\" hspace=\"11\" vspace=\"11\" \/><\/span><\/span><\/td>\n<\/tr>\n<tr>\n<td><span style=\"font-size: 12px;\"><span style=\"font-family: verdana,geneva,sans-serif;\"><img loading=\"lazy\" decoding=\"async\" title=\"Porto Covo Portugal\" src=\"http:\/\/montehorizonte.com\/PT\/images\/Porto Covo%20(5).JPG\" alt=\"Porto Covo\" width=\"280\" height=\"210\" border=\"0\" \/><\/span><\/span><\/td>\n<td><span style=\"font-size: 12px;\"><span style=\"font-family: verdana,geneva,sans-serif;\">\u00a0<\/span><\/span><\/td>\n<\/tr>\n<tr>\n<td><span style=\"font-size: 12px;\"><span style=\"font-family: verdana,geneva,sans-serif;\">\u00a0<\/span><\/span><\/td>\n<td><span style=\"font-size: 12px;\"><span style=\"font-family: verdana,geneva,sans-serif;\">\u00a0<\/span><\/span><\/td>\n<\/tr>\n<\/tbody>\n<\/table>\n<p style=\"text-align: center;\"><span style=\"font-size: 12px;\"><span style=\"font-family: verdana,geneva,sans-serif;\"><iframe loading=\"lazy\" title=\"YouTube video player\" src=\"http:\/\/www.youtube.com\/embed\/e5y76p4ksm8\" width=\"480\" height=\"390\" frameborder=\"0\" allowfullscreen=\"allowfullscreen\"><\/iframe><\/span><\/span><\/p>\n<p><span style=\"font-size: 12px;\"><span style=\"font-family: verdana,geneva,sans-serif;\">\u00a0<\/span><\/span><\/p>\n<p><span style=\"font-size: 12px;\"><span style=\"font-family: verdana,geneva,sans-serif;\">Mapa da localiza\u00e7\u00e3o do Porto Covo, Monte Horizonte, Sines e Santiago do Cac\u00e9m<\/span><\/span><\/p>\n<p style=\"text-align: center;\"><span style=\"font-size: 12px;\"><span style=\"font-family: verdana,geneva,sans-serif;\"><img loading=\"lazy\" decoding=\"async\" src=\"http:\/\/montehorizonte.com\/PT\/images\/Map Porto Covo - Monte Horizonte.jpg\" alt=\"Porto C\u00f4vo Mapa\" width=\"650\" height=\"442\" align=\"middle\" \/><\/span><\/span><\/p>\n<p><span style=\"font-size: 12px;\"><span style=\"font-family: verdana,geneva,sans-serif;\">F\u00e9rias no Alentejo, Turismo Rural e Casas de Campo<\/span><span style=\"font-family: verdana,geneva;\"><span style=\"font-family: verdana,geneva;\"><br \/>\n<\/span><\/span><\/span><span style=\"font-family: verdana,geneva; font-size: small;\"><span style=\"font-family: verdana,geneva; font-size: small;\"><br \/>\n<\/span><\/span><\/p>\n","protected":false},"excerpt":{"rendered":"<p>Informa\u00e7\u00f5es de f\u00e9rias sobre Porto Covo, uma cidade na costa do Alentejo em Portugal para umas f\u00e9rias fant\u00e1sticas. Turismo Rural \u2013 Casas Isoladas \u2013 Monte Horizonte est\u00e1 localizada a apenas meia hora de Porto Covo. Casa Cam\u00e9lia Isolada T1 m\u00e1ximo 2 pessoas. Casa Oliveira Isolada T1 m\u00e1ximo 2 pessoas. Casa Mimosa Isolada T1 m\u00e1ximo 2&hellip;<\/p>\n","protected":false},"author":1,"featured_media":0,"parent":0,"menu_order":0,"comment_status":"closed","ping_status":"closed","template":"","meta":{"_monsterinsights_skip_tracking":false,"_monsterinsights_sitenote_active":false,"_monsterinsights_sitenote_note":"","_monsterinsights_sitenote_category":0,"footnotes":""},"class_list":["post-238","page","type-page","status-publish","hentry"],"aioseo_notices":[],"_links":{"self":[{"href":"https:\/\/montehorizonte.com\/PT\/wp-json\/wp\/v2\/pages\/238","targetHints":{"allow":["GET"]}}],"collection":[{"href":"https:\/\/montehorizonte.com\/PT\/wp-json\/wp\/v2\/pages"}],"about":[{"href":"https:\/\/montehorizonte.com\/PT\/wp-json\/wp\/v2\/types\/page"}],"author":[{"embeddable":true,"href":"https:\/\/montehorizonte.com\/PT\/wp-json\/wp\/v2\/users\/1"}],"replies":[{"embeddable":true,"href":"https:\/\/montehorizonte.com\/PT\/wp-json\/wp\/v2\/comments?post=238"}],"version-history":[{"count":28,"href":"https:\/\/montehorizonte.com\/PT\/wp-json\/wp\/v2\/pages\/238\/revisions"}],"predecessor-version":[{"id":3982,"href":"https:\/\/montehorizonte.com\/PT\/wp-json\/wp\/v2\/pages\/238\/revisions\/3982"}],"wp:attachment":[{"href":"https:\/\/montehorizonte.com\/PT\/wp-json\/wp\/v2\/media?parent=238"}],"curies":[{"name":"wp","href":"https:\/\/api.w.org\/{rel}","templated":true}]}}