{"id":223,"date":"2009-09-16T09:55:24","date_gmt":"2009-09-16T09:55:24","guid":{"rendered":"http:\/\/montehorizonte.com\/PT\/?page_id=223"},"modified":"2026-05-11T12:58:09","modified_gmt":"2026-05-11T11:58:09","slug":"home","status":"publish","type":"page","link":"https:\/\/montehorizonte.com\/PT\/","title":{"rendered":"Monte Horizonte"},"content":{"rendered":"<p><em><strong><span style=\"font-size: 12px;\"><span style=\"font-family: verdana,geneva,sans-serif;\">O Luxo do Sil\u00eancio e Privacidade.<\/span><\/span><\/strong><\/em><\/p>\n<p style=\"text-align: center;\"><span style=\"font-family: verdana,geneva,sans-serif; font-size: 10pt;\"><span class=\"\">Monte Horizonte \u00e9 um lugar \u00fanico onde o espa\u00e7o, a tranquilidade e o respeito pela natureza e uns pelos outros s\u00e3o centrais.\u00a0<\/span><\/span><\/p>\n<p><strong><span style=\"font-size: 11px;\"><span style=\"font-family: verdana,geneva,sans-serif;\">Monte Horizonte &#8211; Turismo em Espa\u00e7o Rural &#8211; Casas de Campo Licenciada pelo Turismo de Portugal sob N\u00ba 1.620 e 5122 e Turismo de Natureza sob N\u00ba 50\/2014.<\/span><\/span><\/strong><\/p>\n<p>Com as nossas casas de f\u00e9rias a 40 metros de dist\u00e2ncia de cada uma, o Monte Horizonte \u00e9 um lugar muito seguro para ir de f\u00e9rias. Na nossa propriedade de 20 hectares, voc\u00ea pode circular livremente e ter privacidade, sil\u00eancio e paz. Aproveite tamb\u00e9m a natureza e as estrelas, o sol e as praias vazias do Alentejo, comidas e bebidas deliciosas e baratas, seguran\u00e7a e um clima perfeito. O fornecimento de eletricidade \u00e9 inteiramente solar e e\u00f3lico. O acesso Wi-Fi est\u00e1 dispon\u00edvel.<\/p>\n<table>\n<tbody>\n<tr>\n<td><a href=\"https:\/\/montehorizonte.com\/PT\/casa-camelia\/\" target=\"_blank\" rel=\"noopener noreferrer\"><img loading=\"lazy\" decoding=\"async\" class=\"aligncenter wp-image-3691\" src=\"https:\/\/montehorizonte.com\/PT\/wp-content\/uploads\/Casa-Camelia-200x150.jpg\" alt=\"F\u00e9rias em Monte Horizonte em Portugal Casa Cam\u00e9lia\" width=\"200\" height=\"113\" srcset=\"https:\/\/montehorizonte.com\/PT\/wp-content\/uploads\/Casa-Camelia-285x160.jpg 285w, https:\/\/montehorizonte.com\/PT\/wp-content\/uploads\/Casa-Camelia-1024x576.jpg 1024w, https:\/\/montehorizonte.com\/PT\/wp-content\/uploads\/Casa-Camelia-620x349.jpg 620w, https:\/\/montehorizonte.com\/PT\/wp-content\/uploads\/Casa-Camelia-400x225.jpg 400w\" sizes=\"auto, (max-width: 200px) 100vw, 200px\" \/><\/a><strong><br \/>\nCasa Cam\u00e9lia Isolada<br \/>\n<\/strong>T1 m\u00e1ximo 2 pessoas.<\/td>\n<td><a href=\"https:\/\/montehorizonte.com\/PT\/casa-oliveira\/\" target=\"_blank\" rel=\"noopener noreferrer\"><img loading=\"lazy\" decoding=\"async\" class=\"aligncenter wp-image-3647\" src=\"https:\/\/montehorizonte.com\/PT\/wp-content\/uploads\/Casa-Oliveira-1-200x150.jpg\" alt=\"F\u00e9rias em Monte Horizonte em Portugal\" width=\"200\" height=\"113\" srcset=\"https:\/\/montehorizonte.com\/PT\/wp-content\/uploads\/Casa-Oliveira-1-285x160.jpg 285w, https:\/\/montehorizonte.com\/PT\/wp-content\/uploads\/Casa-Oliveira-1-1024x576.jpg 1024w, https:\/\/montehorizonte.com\/PT\/wp-content\/uploads\/Casa-Oliveira-1-620x349.jpg 620w, https:\/\/montehorizonte.com\/PT\/wp-content\/uploads\/Casa-Oliveira-1-400x225.jpg 400w\" sizes=\"auto, (max-width: 200px) 100vw, 200px\" \/><\/a><strong><br \/>\nCasa Oliveira Isolada<br \/>\n<\/strong>T1 m\u00e1ximo 2 pessoas.<\/td>\n<td><a href=\"https:\/\/montehorizonte.com\/PT\/casa-mimosa\/\" target=\"_blank\" rel=\"noopener noreferrer\"><img loading=\"lazy\" decoding=\"async\" class=\"aligncenter wp-image-2937\" src=\"https:\/\/montehorizonte.com\/PT\/wp-content\/uploads\/Casa-Mimosa-3-200x150.jpg\" alt=\"F\u00e9rias em Monte Horizonte em Portugal Casa Mimosa\" width=\"200\" height=\"113\" srcset=\"https:\/\/montehorizonte.com\/PT\/wp-content\/uploads\/Casa-Mimosa-3-600x338.jpg 600w, https:\/\/montehorizonte.com\/PT\/wp-content\/uploads\/Casa-Mimosa-3-768x432.jpg 768w, https:\/\/montehorizonte.com\/PT\/wp-content\/uploads\/Casa-Mimosa-3.jpg 1024w\" sizes=\"auto, (max-width: 200px) 100vw, 200px\" \/><\/a><br \/>\n<strong>Casa Mimosa Isolada<br \/>\n<\/strong>T1 m\u00e1ximo 2 pessoas.<\/td>\n<td><a href=\"https:\/\/montehorizonte.com\/PT\/casa-borboleta\/\" target=\"_blank\" rel=\"noopener\"><img loading=\"lazy\" decoding=\"async\" class=\"wp-image-2992 aligncenter\" src=\"https:\/\/montehorizonte.com\/PT\/wp-content\/uploads\/Casa-Borboleta-1-1.jpg\" alt=\"F\u00e9rias em Monte Horizonte em Portugal\" width=\"200\" height=\"113\" srcset=\"https:\/\/montehorizonte.com\/PT\/wp-content\/uploads\/Casa-Borboleta-1-1.jpg 1024w, https:\/\/montehorizonte.com\/PT\/wp-content\/uploads\/Casa-Borboleta-1-1-600x338.jpg 600w, https:\/\/montehorizonte.com\/PT\/wp-content\/uploads\/Casa-Borboleta-1-1-768x432.jpg 768w, https:\/\/montehorizonte.com\/PT\/wp-content\/uploads\/Casa-Borboleta-1-1-800x450.jpg 800w, https:\/\/montehorizonte.com\/PT\/wp-content\/uploads\/Casa-Borboleta-1-1-285x160.jpg 285w\" sizes=\"auto, (max-width: 200px) 100vw, 200px\" \/><\/a><br \/>\n<strong>Casa Borboleta Geminada<br \/>\n<\/strong>T2 m\u00e1ximo 5 pessoas.<\/td>\n<td><a href=\"https:\/\/montehorizonte.com\/PT\/casa-passaro\/\" target=\"_blank\" rel=\"noopener\"><img loading=\"lazy\" decoding=\"async\" class=\"aligncenter wp-image-1781\" src=\"https:\/\/montehorizonte.com\/PT\/wp-content\/uploads\/Casa-Passaro-3.jpg\" alt=\"F\u00e9rias em Monte Horizonte em Portugal\" width=\"200\" height=\"113\" srcset=\"https:\/\/montehorizonte.com\/PT\/wp-content\/uploads\/Casa-Passaro-3.jpg 1024w, https:\/\/montehorizonte.com\/PT\/wp-content\/uploads\/Casa-Passaro-3-600x338.jpg 600w, https:\/\/montehorizonte.com\/PT\/wp-content\/uploads\/Casa-Passaro-3-768x432.jpg 768w, https:\/\/montehorizonte.com\/PT\/wp-content\/uploads\/Casa-Passaro-3-800x450.jpg 800w, https:\/\/montehorizonte.com\/PT\/wp-content\/uploads\/Casa-Passaro-3-285x160.jpg 285w\" sizes=\"auto, (max-width: 200px) 100vw, 200px\" \/><\/a><br \/>\n<strong>Casa P\u00e1ssaro Geminada<br \/>\n<\/strong>T2 m\u00e1ximo 5 pessoas.<\/td>\n<td><a href=\"https:\/\/montehorizonte.com\/PT\/casa-sobreiro\/\" target=\"_blank\" rel=\"noopener\"><img loading=\"lazy\" decoding=\"async\" class=\"size-thumbnail wp-image-3681 aligncenter\" src=\"https:\/\/montehorizonte.com\/PT\/wp-content\/uploads\/Casa-Sobreiro-Terrace-1-1-768x432.jpg\" alt=\"F\u00e9rias em Monte Horizonte em Portugal\" width=\"200\" height=\"150\" \/><\/a><strong><br \/>\nCasa Sobreiro Isolada<br \/>\n<\/strong>T2 m\u00e1ximo 5 pessoas.<\/td>\n<\/tr>\n<\/tbody>\n<\/table>\n<p>A cinco minutos da cidade hist\u00f3rica de Santiago do Cac\u00e9m, no Alentejo, em um dom\u00ednio de vinte hectares, voc\u00ea encontrar\u00e1 o pequeno complexo ecol\u00f3gico Monte Horizonte.<br \/>\nMonte Horizonte tem seis casas de f\u00e9rias, cada uma com o seu pr\u00f3prio terra\u00e7o e uma bela vista. Devido \u00e0 sua localiza\u00e7\u00e3o perto do Atl\u00e2ntico, o clima aqui \u00e9 maravilhoso, um calor seco durante o ver\u00e3o, que esfria durante a noite.<\/p>\n<table>\n<tbody>\n<tr>\n<td>Sua reserva inclui:<br \/>\n\u2022 Roupa de cama limpa uma vez por semana;<br \/>\n\u2022 Toalhas e panos de cozinha limpos duas vezes por semana;<br \/>\n\u2022 Toalhas de praia e piscina (1,4 x 1,9 metros);<\/td>\n<td>&nbsp;<\/p>\n<figure id=\"attachment_3382\" aria-describedby=\"caption-attachment-3382\" style=\"width: 430px\" class=\"wp-caption alignnone\"><img loading=\"lazy\" decoding=\"async\" class=\"wp-image-3382\" src=\"https:\/\/montehorizonte.com\/wp-content\/uploads\/2019\/07\/Beach-towels-800x450.jpg\" alt=\"Toalhas de Piscina e Praia\" width=\"430\" height=\"242\" \/><figcaption id=\"caption-attachment-3382\" class=\"wp-caption-text\">Toalhas de Piscina e Praia<\/figcaption><\/figure><\/td>\n<\/tr>\n<\/tbody>\n<\/table>\n<figure id=\"attachment_3675\" aria-describedby=\"caption-attachment-3675\" style=\"width: 1024px\" class=\"wp-caption aligncenter\"><img loading=\"lazy\" decoding=\"async\" class=\"size-full wp-image-3675\" src=\"https:\/\/montehorizonte.com\/PT\/wp-content\/uploads\/Pool-4-2.jpg\" alt=\"F\u00e9rias em Monte Horizonte em Portugal\" width=\"1024\" height=\"576\" srcset=\"https:\/\/montehorizonte.com\/PT\/wp-content\/uploads\/Pool-4-2.jpg 1024w, https:\/\/montehorizonte.com\/PT\/wp-content\/uploads\/Pool-4-2-600x338.jpg 600w, https:\/\/montehorizonte.com\/PT\/wp-content\/uploads\/Pool-4-2-768x432.jpg 768w, https:\/\/montehorizonte.com\/PT\/wp-content\/uploads\/Pool-4-2-800x450.jpg 800w, https:\/\/montehorizonte.com\/PT\/wp-content\/uploads\/Pool-4-2-285x160.jpg 285w\" sizes=\"auto, (max-width: 1024px) 100vw, 1024px\" \/><figcaption id=\"caption-attachment-3675\" class=\"wp-caption-text\">Piscina<\/figcaption><\/figure>\n<p>&nbsp;<\/p>\n<figure id=\"attachment_3644\" aria-describedby=\"caption-attachment-3644\" style=\"width: 930px\" class=\"wp-caption aligncenter\"><img loading=\"lazy\" decoding=\"async\" class=\"wp-image-3644 size-large\" src=\"https:\/\/montehorizonte.com\/PT\/wp-content\/uploads\/Overview-Monte-Horizonte-Clean-Safe-1024x549.jpg\" alt=\"Planta Monte Horizonte Turismo Rural Alentejo Portugal\" width=\"930\" height=\"492\" \/><figcaption id=\"caption-attachment-3644\" class=\"wp-caption-text\">Planta Monte Horizonte<\/figcaption><\/figure>\n<figure id=\"attachment_3425\" aria-describedby=\"caption-attachment-3425\" style=\"width: 600px\" class=\"wp-caption aligncenter\"><img loading=\"lazy\" decoding=\"async\" class=\"wp-image-3425\" src=\"https:\/\/montehorizonte.com\/PT\/wp-content\/uploads\/Clean-Safe-450x450.png\" alt=\"Monte Horizonte F\u00e9rias Alentejo Clean &amp; Safe\" width=\"600\" height=\"600\" srcset=\"https:\/\/montehorizonte.com\/PT\/wp-content\/uploads\/Clean-Safe-450x450.png 450w, https:\/\/montehorizonte.com\/PT\/wp-content\/uploads\/Clean-Safe-1024x1024.png 1024w, https:\/\/montehorizonte.com\/PT\/wp-content\/uploads\/Clean-Safe-768x768.png 768w, https:\/\/montehorizonte.com\/PT\/wp-content\/uploads\/Clean-Safe-1536x1536.png 1536w, https:\/\/montehorizonte.com\/PT\/wp-content\/uploads\/Clean-Safe-800x800.png 800w, https:\/\/montehorizonte.com\/PT\/wp-content\/uploads\/Clean-Safe-70x70.png 70w, https:\/\/montehorizonte.com\/PT\/wp-content\/uploads\/Clean-Safe.png 1667w\" sizes=\"auto, (max-width: 600px) 100vw, 600px\" \/><figcaption id=\"caption-attachment-3425\" class=\"wp-caption-text\">Monte Horizonte F\u00e9rias Alentejo Clean &amp; Safe<\/figcaption><\/figure>\n<p>F\u00e9rias no Alentejo.<\/p>\n<p>&nbsp;<\/p>\n<div style=\"position: static !important;\"><\/div>\n","protected":false},"excerpt":{"rendered":"<p>O Luxo do Sil\u00eancio e Privacidade. Monte Horizonte \u00e9 um lugar \u00fanico onde o espa\u00e7o, a tranquilidade e o respeito pela natureza e uns pelos outros s\u00e3o centrais.\u00a0 Monte Horizonte &#8211; Turismo em Espa\u00e7o Rural &#8211; Casas de Campo Licenciada pelo Turismo de Portugal sob N\u00ba 1.620 e 5122 e Turismo de Natureza sob N\u00ba&hellip;<\/p>\n","protected":false},"author":1,"featured_media":0,"parent":0,"menu_order":1,"comment_status":"closed","ping_status":"closed","template":"","meta":{"_monsterinsights_skip_tracking":false,"_monsterinsights_sitenote_active":false,"_monsterinsights_sitenote_note":"","_monsterinsights_sitenote_category":0,"footnotes":""},"class_list":["post-223","page","type-page","status-publish","hentry"],"aioseo_notices":[],"_links":{"self":[{"href":"https:\/\/montehorizonte.com\/PT\/wp-json\/wp\/v2\/pages\/223","targetHints":{"allow":["GET"]}}],"collection":[{"href":"https:\/\/montehorizonte.com\/PT\/wp-json\/wp\/v2\/pages"}],"about":[{"href":"https:\/\/montehorizonte.com\/PT\/wp-json\/wp\/v2\/types\/page"}],"author":[{"embeddable":true,"href":"https:\/\/montehorizonte.com\/PT\/wp-json\/wp\/v2\/users\/1"}],"replies":[{"embeddable":true,"href":"https:\/\/montehorizonte.com\/PT\/wp-json\/wp\/v2\/comments?post=223"}],"version-history":[{"count":175,"href":"https:\/\/montehorizonte.com\/PT\/wp-json\/wp\/v2\/pages\/223\/revisions"}],"predecessor-version":[{"id":4086,"href":"https:\/\/montehorizonte.com\/PT\/wp-json\/wp\/v2\/pages\/223\/revisions\/4086"}],"wp:attachment":[{"href":"https:\/\/montehorizonte.com\/PT\/wp-json\/wp\/v2\/media?parent=223"}],"curies":[{"name":"wp","href":"https:\/\/api.w.org\/{rel}","templated":true}]}}