{"id":11,"date":"2009-08-05T16:07:28","date_gmt":"2009-08-05T16:07:28","guid":{"rendered":"http:\/\/montehorizonte.com\/PT\/?page_id=11"},"modified":"2024-10-26T10:46:29","modified_gmt":"2024-10-26T09:46:29","slug":"disponibilidade","status":"publish","type":"page","link":"https:\/\/montehorizonte.com\/PT\/disponibilidade\/","title":{"rendered":"Disponibilidade e Reservas"},"content":{"rendered":"<p>Disponibilidade e reservas para as suas f\u00e9rias no Monte Horizonte. A nossa disponibilidade est\u00e1 sempre atualizada.<\/p>\n<p style=\"text-align: center;\">Monte Horizonte \u00e9 um lugar \u00fanico onde o espa\u00e7o, a tranquilidade e o respeito pela natureza e uns pelos outros s\u00e3o centrais. Para continuar a garantir este sentimento, as crian\u00e7as com menos de 6 anos n\u00e3o s\u00e3o permitidas.<\/p>\n<p style=\"text-align: center;\"><strong>Disponibilidade:<\/strong><\/p>\n<div class=\"module--translations-translatedtext js-module--translations-translatedtext\" style=\"text-align: center;\">Preencha a pesquisa na maquina de reservas ou verifique a disponibilidade por casa abaixo<\/div>\n<p style=\"text-align: center;\"><div class=\"avaibookSearch avaibookSearch2\">\n        <h3>Maquina de Reservas<\/h3>\n        <form  action=\"https:\/\/www.avaibook.com\/reservas\/listado.php\" target=\"_blank\">\n                <label for=\"avaibookArriveDate69f399b7ae41f\">\n            Data de chegada            <input type=\"text\"  class=\"avaibookDatePicker init\" placeholder=\"\" id=\"avaibookArriveDateCalendar69f399b7ae41f\" \/>\n        <\/label>\n        <input type = \"hidden\" name=\"f_ini\" class=\"avaibookDateInputInit\" id=\"avaibookArriveDateInput69f399b7ae41f\" value=\"\" \/>\n        <label for=\"avaibookDepartDate69f399b7ae41f\">\n            Data sa\u00edda            <input type=\"text\"  class=\"avaibookDatePicker end\" placeholder=\"\" id=\"avaibookDepartDateCalendar69f399b7ae41f\" \/>\n        <\/label>\n        <input type = \"hidden\" name=\"f_fin\" class=\"avaibookDateInputEnd\" id=\"avaibookDepartDateInput69f399b7ae41f\" value=\"\" \/>\n        \n                <label for=\"avaibookGuests\">\n            N\u00famero de pessoas.            <input type=\"text\" name=\"capacidad\" placeholder=\"N\u00famero de pessoas.\" \/>\n        <\/label>\n        \n        <button>procurar<\/button>\n        \n                    <input type=\"hidden\" name=\"cod_propietario\" value=\"76651\" \/>\n        \n        \n                    <input type=\"hidden\" name=\"referencia_propietario\" value=\"PT\" \/>\n        \n                    <input type=\"hidden\" name=\"unidades\" value=\"1\" \/>\n        \n                    <input type=\"hidden\" name=\"filter_zone\" value=\"1\" \/>\n        \n                    <input type=\"hidden\" name=\"filter_persons\" value=\"1\" \/>\n        \n            <input type=\"hidden\" name=\"lang\" value=\"pt\" \/>\n        \n\n    <\/form>\n<\/div>\n\n\n<table>\n<tbody>\n<tr>\n<td style=\"text-align: left;\"><a href=\"https:\/\/montehorizonte.com\/PT\/casa-camelia\/\" target=\"_blank\" rel=\"noopener noreferrer\"><img loading=\"lazy\" decoding=\"async\" class=\"aligncenter wp-image-3691\" src=\"https:\/\/montehorizonte.com\/PT\/wp-content\/uploads\/Casa-Camelia-200x150.jpg\" alt=\"F\u00e9rias em Monte Horizonte em Portugal Casa Cam\u00e9lia\" width=\"200\" height=\"113\" srcset=\"https:\/\/montehorizonte.com\/PT\/wp-content\/uploads\/Casa-Camelia-285x160.jpg 285w, https:\/\/montehorizonte.com\/PT\/wp-content\/uploads\/Casa-Camelia-1024x576.jpg 1024w, https:\/\/montehorizonte.com\/PT\/wp-content\/uploads\/Casa-Camelia-620x349.jpg 620w, https:\/\/montehorizonte.com\/PT\/wp-content\/uploads\/Casa-Camelia-400x225.jpg 400w\" sizes=\"auto, (max-width: 200px) 100vw, 200px\" \/><\/a><strong><br \/>\nCasa Cam\u00e9lia Isolada<br \/>\n<\/strong>T1 m\u00e1ximo 2 pessoas.<\/td>\n<td style=\"text-align: center;\"><iframe style=\"width: 500px; height: 355px; border: 0;\" src=\"https:\/\/www.avaibook.com\/widgets_propietarios\/loader.php?id=142569&amp;lang=PT\" frameborder=\"0\">O seu browser n\u00e3o suporta iframes<\/iframe><\/p>\n<div style=\"width: 500px; margin: auto;\"><a href=\"https:\/\/www.avaibook.com\/en\/\" target=\"_blank\" rel=\"noopener\">powered by AvaiBook.com<\/a><\/div>\n<\/td>\n<\/tr>\n<\/tbody>\n<\/table>\n<table>\n<tbody>\n<tr>\n<td><a href=\"https:\/\/montehorizonte.com\/PT\/casa-oliveira\/\" target=\"_blank\" rel=\"noopener noreferrer\"><img loading=\"lazy\" decoding=\"async\" class=\"aligncenter wp-image-3647\" src=\"https:\/\/montehorizonte.com\/PT\/wp-content\/uploads\/Casa-Oliveira-1-200x150.jpg\" alt=\"F\u00e9rias em Monte Horizonte em Portugal\" width=\"200\" height=\"113\" srcset=\"https:\/\/montehorizonte.com\/PT\/wp-content\/uploads\/Casa-Oliveira-1-285x160.jpg 285w, https:\/\/montehorizonte.com\/PT\/wp-content\/uploads\/Casa-Oliveira-1-1024x576.jpg 1024w, https:\/\/montehorizonte.com\/PT\/wp-content\/uploads\/Casa-Oliveira-1-620x349.jpg 620w, https:\/\/montehorizonte.com\/PT\/wp-content\/uploads\/Casa-Oliveira-1-400x225.jpg 400w\" sizes=\"auto, (max-width: 200px) 100vw, 200px\" \/><\/a><strong><br \/>\nCasa Oliveira Isolada<br \/>\n<\/strong>T1 m\u00e1ximo 2 pessoas.<\/td>\n<td style=\"text-align: center;\"><iframe style=\"width: 500px; height: 355px; border: 0;\" src=\"https:\/\/www.avaibook.com\/widgets_propietarios\/loader.php?id=142572&amp;lang=PT\" frameborder=\"0\">O seu browser n\u00e3o suporta iframes<\/iframe><\/p>\n<div style=\"width: 500px; margin: auto;\"><a href=\"https:\/\/www.avaibook.com\/en\/\" target=\"_blank\" rel=\"noopener\">powered by AvaiBook.com<\/a><\/div>\n<\/td>\n<\/tr>\n<\/tbody>\n<\/table>\n<table>\n<tbody>\n<tr>\n<td><a href=\"https:\/\/montehorizonte.com\/PT\/casa-mimosa\/\" target=\"_blank\" rel=\"noopener noreferrer\"><img loading=\"lazy\" decoding=\"async\" class=\"aligncenter wp-image-2937\" src=\"https:\/\/montehorizonte.com\/PT\/wp-content\/uploads\/Casa-Mimosa-3-200x150.jpg\" alt=\"F\u00e9rias em Monte Horizonte em Portugal Casa Mimosa\" width=\"200\" height=\"113\" srcset=\"https:\/\/montehorizonte.com\/PT\/wp-content\/uploads\/Casa-Mimosa-3-600x338.jpg 600w, https:\/\/montehorizonte.com\/PT\/wp-content\/uploads\/Casa-Mimosa-3-768x432.jpg 768w, https:\/\/montehorizonte.com\/PT\/wp-content\/uploads\/Casa-Mimosa-3.jpg 1024w\" sizes=\"auto, (max-width: 200px) 100vw, 200px\" \/><\/a><br \/>\n<strong>Casa Mimosa Isolada<br \/>\n<\/strong>T1 m\u00e1ximo 2 pessoas.<\/td>\n<td style=\"text-align: center;\"><iframe style=\"width: 500px; height: 355px; border: 0;\" src=\"https:\/\/www.avaibook.com\/widgets_propietarios\/loader.php?id=142570&amp;lang=PT\" frameborder=\"0\">O seu browser n\u00e3o suporta iframes<\/iframe><\/p>\n<div style=\"width: 500px; margin: auto;\"><a href=\"https:\/\/www.avaibook.com\/en\/\" target=\"_blank\" rel=\"noopener\">powered by AvaiBook.com<\/a><\/div>\n<\/td>\n<\/tr>\n<\/tbody>\n<\/table>\n<table>\n<tbody>\n<tr>\n<td><a href=\"https:\/\/montehorizonte.com\/PT\/casa-borboleta\/\" target=\"_blank\" rel=\"noopener\"><img loading=\"lazy\" decoding=\"async\" class=\"wp-image-2992 aligncenter\" src=\"https:\/\/montehorizonte.com\/PT\/wp-content\/uploads\/Casa-Borboleta-1-1.jpg\" alt=\"F\u00e9rias em Monte Horizonte em Portugal\" width=\"200\" height=\"113\" srcset=\"https:\/\/montehorizonte.com\/PT\/wp-content\/uploads\/Casa-Borboleta-1-1.jpg 1024w, https:\/\/montehorizonte.com\/PT\/wp-content\/uploads\/Casa-Borboleta-1-1-600x338.jpg 600w, https:\/\/montehorizonte.com\/PT\/wp-content\/uploads\/Casa-Borboleta-1-1-768x432.jpg 768w, https:\/\/montehorizonte.com\/PT\/wp-content\/uploads\/Casa-Borboleta-1-1-800x450.jpg 800w, https:\/\/montehorizonte.com\/PT\/wp-content\/uploads\/Casa-Borboleta-1-1-285x160.jpg 285w\" sizes=\"auto, (max-width: 200px) 100vw, 200px\" \/><\/a><br \/>\n<strong>Casa Borboleta Geminada<br \/>\n<\/strong>T2 m\u00e1ximo 5 pessoas.<\/td>\n<td style=\"text-align: center;\"><iframe style=\"width: 500px; height: 355px; border: 0;\" src=\"https:\/\/www.avaibook.com\/widgets_propietarios\/loader.php?id=142573&amp;lang=PT\" frameborder=\"0\">O seu browser n\u00e3o suporta iframes<\/iframe><\/p>\n<div style=\"width: 500px; margin: auto;\"><a href=\"https:\/\/www.avaibook.com\/en\/\" target=\"_blank\" rel=\"noopener\">powered by AvaiBook.com<\/a><\/div>\n<\/td>\n<\/tr>\n<\/tbody>\n<\/table>\n<table>\n<tbody>\n<tr>\n<td><a href=\"https:\/\/montehorizonte.com\/PT\/casa-passaro\/\" target=\"_blank\" rel=\"noopener\"><img loading=\"lazy\" decoding=\"async\" class=\"aligncenter wp-image-1781\" src=\"https:\/\/montehorizonte.com\/PT\/wp-content\/uploads\/Casa-Passaro-3.jpg\" alt=\"F\u00e9rias em Monte Horizonte em Portugal\" width=\"200\" height=\"113\" srcset=\"https:\/\/montehorizonte.com\/PT\/wp-content\/uploads\/Casa-Passaro-3.jpg 1024w, https:\/\/montehorizonte.com\/PT\/wp-content\/uploads\/Casa-Passaro-3-600x338.jpg 600w, https:\/\/montehorizonte.com\/PT\/wp-content\/uploads\/Casa-Passaro-3-768x432.jpg 768w, https:\/\/montehorizonte.com\/PT\/wp-content\/uploads\/Casa-Passaro-3-800x450.jpg 800w, https:\/\/montehorizonte.com\/PT\/wp-content\/uploads\/Casa-Passaro-3-285x160.jpg 285w\" sizes=\"auto, (max-width: 200px) 100vw, 200px\" \/><\/a><br \/>\n<strong>Casa P\u00e1ssaro Geminada<br \/>\n<\/strong>T2 m\u00e1ximo 5 pessoas.<\/td>\n<td style=\"text-align: center;\"><iframe style=\"width: 500px; height: 355px; border: 0;\" src=\"https:\/\/www.avaibook.com\/widgets_propietarios\/loader.php?id=142574&amp;lang=PT\" frameborder=\"0\">O seu browser n\u00e3o suporta iframes<\/iframe><\/p>\n<div style=\"width: 500px; margin: auto;\"><a href=\"https:\/\/www.avaibook.com\/en\/\" target=\"_blank\" rel=\"noopener\">powered by AvaiBook.com<\/a><\/div>\n<\/td>\n<\/tr>\n<\/tbody>\n<\/table>\n<table>\n<tbody>\n<tr>\n<td><a href=\"https:\/\/montehorizonte.com\/PT\/casa-sobreiro\/\" target=\"_blank\" rel=\"noopener\"><img loading=\"lazy\" decoding=\"async\" class=\"size-thumbnail wp-image-3681 aligncenter\" src=\"https:\/\/montehorizonte.com\/PT\/wp-content\/uploads\/Casa-Sobreiro-Terrace-1-1-768x432.jpg\" alt=\"F\u00e9rias em Monte Horizonte em Portugal\" width=\"200\" height=\"150\" \/><\/a><strong><br \/>\nCasa Sobreiro Isolada<br \/>\n<\/strong>T2 m\u00e1ximo 5 pessoas.<\/td>\n<td style=\"text-align: center;\"><iframe style=\"width: 500px; height: 355px; border: 0;\" src=\"https:\/\/www.avaibook.com\/widgets_propietarios\/loader.php?id=142575&amp;lang=PT\" frameborder=\"0\">O seu browser n\u00e3o suporta iframes<\/iframe><\/p>\n<div style=\"width: 500px; margin: auto;\"><a href=\"https:\/\/www.avaibook.com\/en\/\" target=\"_blank\" rel=\"noopener\">powered by AvaiBook.com<\/a><\/div>\n<\/td>\n<\/tr>\n<\/tbody>\n<\/table>\n<p style=\"text-align: left;\"><span style=\"font-size: 11px;\"><span style=\"font-family: verdana,geneva,sans-serif;\">F\u00e9rias no Alentejo. Turismo em Espa\u00e7o Rural &#8211; Casas de Campo<\/span><\/span><\/p>\n","protected":false},"excerpt":{"rendered":"<p>Disponibilidade e reservas para as suas f\u00e9rias no Monte Horizonte. A nossa disponibilidade est\u00e1 sempre atualizada. Monte Horizonte \u00e9 um lugar \u00fanico onde o espa\u00e7o, a tranquilidade e o respeito pela natureza e uns pelos outros s\u00e3o centrais. Para continuar a garantir este sentimento, as crian\u00e7as com menos de 6 anos n\u00e3o s\u00e3o permitidas. Disponibilidade:&hellip;<\/p>\n","protected":false},"author":1,"featured_media":0,"parent":0,"menu_order":4,"comment_status":"closed","ping_status":"closed","template":"","meta":{"_monsterinsights_skip_tracking":false,"_monsterinsights_sitenote_active":false,"_monsterinsights_sitenote_note":"","_monsterinsights_sitenote_category":0,"footnotes":""},"class_list":["post-11","page","type-page","status-publish","hentry"],"aioseo_notices":[],"_links":{"self":[{"href":"https:\/\/montehorizonte.com\/PT\/wp-json\/wp\/v2\/pages\/11","targetHints":{"allow":["GET"]}}],"collection":[{"href":"https:\/\/montehorizonte.com\/PT\/wp-json\/wp\/v2\/pages"}],"about":[{"href":"https:\/\/montehorizonte.com\/PT\/wp-json\/wp\/v2\/types\/page"}],"author":[{"embeddable":true,"href":"https:\/\/montehorizonte.com\/PT\/wp-json\/wp\/v2\/users\/1"}],"replies":[{"embeddable":true,"href":"https:\/\/montehorizonte.com\/PT\/wp-json\/wp\/v2\/comments?post=11"}],"version-history":[{"count":102,"href":"https:\/\/montehorizonte.com\/PT\/wp-json\/wp\/v2\/pages\/11\/revisions"}],"predecessor-version":[{"id":4077,"href":"https:\/\/montehorizonte.com\/PT\/wp-json\/wp\/v2\/pages\/11\/revisions\/4077"}],"wp:attachment":[{"href":"https:\/\/montehorizonte.com\/PT\/wp-json\/wp\/v2\/media?parent=11"}],"curies":[{"name":"wp","href":"https:\/\/api.w.org\/{rel}","templated":true}]}}